{"id":795,"date":"2020-05-22T17:23:49","date_gmt":"2020-05-22T17:23:49","guid":{"rendered":"http:\/\/lafundicio.net\/kerasbuti\/?page_id=795"},"modified":"2023-02-16T08:22:04","modified_gmt":"2023-02-16T08:22:04","slug":"cooperativa-de-consum-a-la-marina","status":"publish","type":"page","link":"https:\/\/lafundicio.net\/kerasbuti\/keras-buti-a-la-marina\/cooperativa-de-consum-a-la-marina\/","title":{"rendered":"Keras Buti a LaChalmeta"},"content":{"rendered":"\n<p>Keras Buti a LaChalmeta \u00e9s <strong>un projecte d&#8217;activaci\u00f3 econ\u00f2mica i comunit\u00e0ria<\/strong> dels baixos de l&#8217;edifici d&#8217;habitatge cooperatiu <a href=\"https:\/\/www.lachalmeta.coop\/\">LaChalmeta<\/a> en clau ecofeminista, incorporant l&#8217;activaci\u00f3 d&#8217;un espai cultural, un rebost de producte agroecol\u00f2gic i de proximitat i un espai comunitari de cures i cohabitatge.<\/p>\n<p>La intercooperaci\u00f3 entre les diferents entitats est\u00e0 vinculada a l&#8217;ocupaci\u00f3 i activaci\u00f3 de la planta baixa de l&#8217;edifici de La Chalmeta a partir de dos espais f\u00edsicament delimitats per\u00f2 interconnectats: l&#8217;espai comunitari i l&#8217;espai &#8220;alacena&#8221;, un rebost de productes agroecol\u00f2gics.<\/p>\n<p>Aquest rebost ha esdevingut espai imaginat, analitzat i elaborat a partir d&#8217;un proc\u00e9s d&#8217;autoconstrucci\u00f3 comunit\u00e0ria entre ve\u00efnes del bloc, ve\u00efnes del barri i col\u00b7laboradores que durant aquests \u00faltims mesos ens hem anat trobant en aquest espai llumin\u00f3s per compartir sabers i construir plegades.<\/p>\n<p>&nbsp;<\/p>\n<p><img loading=\"lazy\" decoding=\"async\" class=\"alignnone size-full wp-image-1212\" src=\"https:\/\/lafundicio.net\/kerasbuti\/wp-content\/uploads\/sites\/7\/2022\/10\/WhatsApp-Image-2022-09-30-at-13.18.36-1.jpeg\" alt=\"\" width=\"2038\" height=\"1304\"><\/p>\n<h3>&nbsp;<\/h3>\n<h2>TALLERS FEM MOBLES (Autoconstrucci\u00f3 i Acondicionament de la botiga)<\/h2>\n<h4>ENCORDEM<\/h4>\n<p>Aquest dijous comencem el taller d&#8217;encordar mobles amb la Merc\u00e8, ve\u00efna de Cornell\u00e0 i experta en aquesta preciosa t\u00e8cnica. I seguirem experimentant amb el mobiliari escolar que estem reciclant i estructures de fusta per intentar construir tamborets i seguir condicionant l&#8217;espai comunitari.<br>Dates: 19 i 26 de maig i 16 de juny del 2022<br>Hora: 17:30 &#8211; 20:30 h<br>Lloc: Espai Keras Buti Chalmeta (c. Ulldecona, 26, Barcelona)<br>Inscripci\u00f3: GRATU\u00cfTA \/ enviar un correu a kerasbuticoop@riseup.net<\/p>\n<p><img loading=\"lazy\" decoding=\"async\" class=\"alignnone  wp-image-1205\" src=\"https:\/\/lafundicio.net\/kerasbuti\/wp-content\/uploads\/sites\/7\/2022\/10\/Cartell-Encordat.jpg\" alt=\"\" width=\"280\" height=\"396\" srcset=\"https:\/\/lafundicio.net\/kerasbuti\/wp-content\/uploads\/sites\/7\/2022\/10\/Cartell-Encordat.jpg 842w, https:\/\/lafundicio.net\/kerasbuti\/wp-content\/uploads\/sites\/7\/2022\/10\/Cartell-Encordat-283x400.jpg 283w, https:\/\/lafundicio.net\/kerasbuti\/wp-content\/uploads\/sites\/7\/2022\/10\/Cartell-Encordat-566x800.jpg 566w, https:\/\/lafundicio.net\/kerasbuti\/wp-content\/uploads\/sites\/7\/2022\/10\/Cartell-Encordat-768x1086.jpg 768w\" sizes=\"auto, (max-width: 280px) 100vw, 280px\" \/>&nbsp; &nbsp;&nbsp;<\/p>\n<p>&nbsp;<\/p>\n<h4>FEM FUSTERIA AMB KORE MOBLES&nbsp;<\/h4>\n<p>Estem molt contentes d&#8217;anunciar-vos que els propers dies 31, 7 i 21 d\u2019abril de 17.30 a 20.30 h tindr\u00e0 lloc a l&#8217;espai de Keras Buti a la Chalmeta un taller de fusteria a cura de <a href=\"https:\/\/www.instagram.com\/koremadera\/\">Carolina Garcia<\/a> qui, a partir de la seva experi\u00e8ncia en el disseny i construcci\u00f3 de mobles amb materials reutilitzats, ens orientar\u00e0 i guiar\u00e0 al llarg de tres sessions per <strong>donar una segona vida als materials amb els que ja comptem, transformar-los en nous mobles que servir\u00e0n per l&#8217;espai comunitari \/ botiga agroecol\u00f2gica<\/strong> que estem co-creant entre totes les participants que aneu assistint als diferents espais de construcci\u00f3 col\u00b7lectiva.<\/p>\n<p>Despr\u00e9s d\u2019un intens proc\u00e9s de reflexi\u00f3 al que ens ha acompanyat el dissenyador Curro Claret, i del taller d\u2019entapissat amb el Piki i el Payo Dani, seguim posant-nos mans a l\u2019obra!<\/p>\n<p>Dates: 31, 7 i 21 d&#8217;abril del 2022<br>Hora: 17:30 &#8211; 20:30 h<br>Lloc: Espai Keras Buti Chalmeta (c. Ulldecona, 26, Barcelona)<br>Inscripci\u00f3: GRATU\u00cfTA \/ enviar un correu a kerasbuticoop@riseup.net<\/p>\n<p><img loading=\"lazy\" decoding=\"async\" class=\"alignnone  wp-image-1202\" src=\"https:\/\/lafundicio.net\/kerasbuti\/wp-content\/uploads\/sites\/7\/2022\/10\/Cartell-Fusteria.jpg\" alt=\"\" width=\"280\" height=\"396\" srcset=\"https:\/\/lafundicio.net\/kerasbuti\/wp-content\/uploads\/sites\/7\/2022\/10\/Cartell-Fusteria.jpg 842w, https:\/\/lafundicio.net\/kerasbuti\/wp-content\/uploads\/sites\/7\/2022\/10\/Cartell-Fusteria-283x400.jpg 283w, https:\/\/lafundicio.net\/kerasbuti\/wp-content\/uploads\/sites\/7\/2022\/10\/Cartell-Fusteria-566x800.jpg 566w, https:\/\/lafundicio.net\/kerasbuti\/wp-content\/uploads\/sites\/7\/2022\/10\/Cartell-Fusteria-768x1086.jpg 768w\" sizes=\"auto, (max-width: 280px) 100vw, 280px\" \/><\/p>\n<p>&nbsp;<\/p>\n<h4>ENTAPISSEM<\/h4>\n<p>El proc\u00e9s per fer habitable l\u2019espai Keras Buti Chalmeta aix\u00ed com l\u2019espai comunitari de la cooperativa d\u2019habitatge segueix en un taller continu que obre les seves portes tots els dijous a les 17.30 h per a qui vulgui sumar-se i compartir coneixements amb altres persones sobre fusteria, disseny, bricolatge, interiorisme o, en general, sobre com fer m\u00e9s acollidors els espais que habitem.<\/p>\n<p>Aquesta setmana i la vinent aprendrem a entapissar mobles amb el Piki i el Paio Dani, ve\u00efns del ve\u00ed barri del Gornal i experts entapissadors. Per aix\u00f2 experimentarem amb el mobiliari escolar que estem reciclant per condicionar l\u2019espai.<\/p>\n<p>Dates: 10 i 17 de mar\u00e7 i 12 de maig del 2022<br>Horaris: 17.30 a 20.30 h<br>Lloc: Espai Keras Buti Chalmeta (c. Ulldecona, 26, Barcelona)<br>Inscripci\u00f3: GRATU\u00cfTA \/ enviar un correu a hola@lafundicio.net<\/p>\n<p><img loading=\"lazy\" decoding=\"async\" class=\"alignnone  wp-image-1201\" src=\"https:\/\/lafundicio.net\/kerasbuti\/wp-content\/uploads\/sites\/7\/2022\/10\/Cartell-Entapissar2.jpg\" alt=\"\" width=\"280\" height=\"396\" srcset=\"https:\/\/lafundicio.net\/kerasbuti\/wp-content\/uploads\/sites\/7\/2022\/10\/Cartell-Entapissar2.jpg 842w, https:\/\/lafundicio.net\/kerasbuti\/wp-content\/uploads\/sites\/7\/2022\/10\/Cartell-Entapissar2-283x400.jpg 283w, https:\/\/lafundicio.net\/kerasbuti\/wp-content\/uploads\/sites\/7\/2022\/10\/Cartell-Entapissar2-566x800.jpg 566w, https:\/\/lafundicio.net\/kerasbuti\/wp-content\/uploads\/sites\/7\/2022\/10\/Cartell-Entapissar2-768x1086.jpg 768w\" sizes=\"auto, (max-width: 280px) 100vw, 280px\" \/>&nbsp; &nbsp; &nbsp;<\/p>\n<p>&nbsp;<\/p>\n<h4>FEM MOBLES (i m\u00e9s)<\/h4>\n<p>El taller Fem Mobles (i m\u00e9s) amb <a href=\"https:\/\/www.instagram.com\/curroclaret\/\">Curro Claret<\/a> ha estat carregat de referents, bona companyia, agroecologia, din\u00e0miques, cures i coneixement del projecte Keras Buti a la Chalmeta i&nbsp;ens encanta anunciar-vos, que per iniciativa de les participants, el taller esdevindr\u00e0 un proc\u00e9s col\u00b7lectiu i un espai de creaci\u00f3 que seguirem construint i continuar\u00e0 creixent tots els dijous de 17:30 a 20:30 h.<\/p>\n<p>Seguirem doncs, aprenent a dissenyar l&#8217;espai i construir mobles parant atenci\u00f3 als espais i territoris on se situen i amb els que es relacionen: la cooperativa d\u2019habitatge La Chalmeta, el nou barri del Prat Vermell o l\u2019\u00e0rea agropolitana de Barcelona.<\/p>\n<h6>Anima&#8217;t a aportar les teves idees, la teva energia o els teus coneixements.<\/h6>\n<p>&nbsp;<\/p>\n<h4>FEM MOBLES AMB CURRO CLARET<\/h4>\n<p>El proper mes de febrer iniciem un nou proc\u00e9s de disseny i creaci\u00f3 col\u00b7lectiva de mobiliari i interiors. Els dies 3, 4, 17 i 18 de febrer, de 17.30 a 20.30 h, a l&#8217;espai comunitari Keras Buti Chalmeta, organitzem un primer taller condu\u00eft pel Curro Claret, dissenyador industrial de reconeguda traject\u00f2ria el treball del qual es caracteritza per abordar els aspectes socials i mediambientals del disseny.<br>El taller, on reutilitzarem mobiliari escolar, entre altres materials, servir\u00e0 per adequar i fer habitable l&#8217;espai comunitari i botiga agroecol\u00f2gica Keras Buti Chalmeta, aix\u00ed com els espais comuns de la cooperativa d&#8217;habitatges Chalmeta situats a la planta baixa de l&#8217;edifici, entre els que es compta la cuina col\u00b7lectiva.<br>Aix\u00ed doncs, aprendrem a dissenyar i construir mobles no com a objectes a\u00efllats del seu entorn, sin\u00f3 integrats en un espai concret amb unes caracter\u00edstiques materials, unes mides o una il\u00b7luminaci\u00f3 concretes, on es donen usos, relacions i processos particulars, basats tamb\u00e9 en uns valors espec\u00edfics, i que s&#8217;estenen m\u00e9s enll\u00e0 del propi espai, al barri, a l&#8217;\u00e0rea agropolitana de Barcelona o al planeta sencer&#8230;<br>El taller \u00e9s gratu\u00eft i per inscriure&#8217;s nom\u00e9s cal enviar un correu a: hola@lafundicio.net<\/p>\n<p>Dates: 3, 4, 17 i 18 de febrer del 2022<br>Horaris: 17.30 a 20.30 h<br>Lloc: Espai Keras Buti Chalmeta (c. Ulldecona, 26, Barcelona)<br>Inscripci\u00f3: GRATU\u00cfTA \/ enviar un correu a hola@lafundicio.net<\/p>\n<p><img loading=\"lazy\" decoding=\"async\" class=\"wp-image-1196 alignnone\" src=\"https:\/\/lafundicio.net\/kerasbuti\/wp-content\/uploads\/sites\/7\/2022\/10\/Cartel-Sillas.jpg\" alt=\"\" width=\"280\" height=\"396\" srcset=\"https:\/\/lafundicio.net\/kerasbuti\/wp-content\/uploads\/sites\/7\/2022\/10\/Cartel-Sillas.jpg 1754w, https:\/\/lafundicio.net\/kerasbuti\/wp-content\/uploads\/sites\/7\/2022\/10\/Cartel-Sillas-283x400.jpg 283w, https:\/\/lafundicio.net\/kerasbuti\/wp-content\/uploads\/sites\/7\/2022\/10\/Cartel-Sillas-566x800.jpg 566w, https:\/\/lafundicio.net\/kerasbuti\/wp-content\/uploads\/sites\/7\/2022\/10\/Cartel-Sillas-768x1086.jpg 768w, https:\/\/lafundicio.net\/kerasbuti\/wp-content\/uploads\/sites\/7\/2022\/10\/Cartel-Sillas-1086x1536.jpg 1086w, https:\/\/lafundicio.net\/kerasbuti\/wp-content\/uploads\/sites\/7\/2022\/10\/Cartel-Sillas-1448x2048.jpg 1448w\" sizes=\"auto, (max-width: 280px) 100vw, 280px\" \/><\/p>\n<p>&nbsp;<\/p>\n<p>&nbsp;<\/p>\n<p>&nbsp;<\/p>\n<p style=\"text-align: left;\">&nbsp;<\/p>\n<figure id=\"attachment_828\" aria-describedby=\"caption-attachment-828\" style=\"width: 640px\" class=\"wp-caption aligncenter\"><a href=\"https:\/\/rastrosderostros.wordpress.com\/\"><img loading=\"lazy\" decoding=\"async\" class=\"wp-image-828\" src=\"https:\/\/lafundicio.net\/kerasbuti\/wp-content\/uploads\/sites\/7\/2020\/05\/01_2_flor-de-maig_-sucursal-de-can-tunis-591x400.jpg\" alt=\"\" width=\"640\" height=\"433\" srcset=\"https:\/\/lafundicio.net\/kerasbuti\/wp-content\/uploads\/sites\/7\/2020\/05\/01_2_flor-de-maig_-sucursal-de-can-tunis-591x400.jpg 591w, https:\/\/lafundicio.net\/kerasbuti\/wp-content\/uploads\/sites\/7\/2020\/05\/01_2_flor-de-maig_-sucursal-de-can-tunis-1182x800.jpg 1182w, https:\/\/lafundicio.net\/kerasbuti\/wp-content\/uploads\/sites\/7\/2020\/05\/01_2_flor-de-maig_-sucursal-de-can-tunis-768x520.jpg 768w, https:\/\/lafundicio.net\/kerasbuti\/wp-content\/uploads\/sites\/7\/2020\/05\/01_2_flor-de-maig_-sucursal-de-can-tunis-510x345.jpg 510w, https:\/\/lafundicio.net\/kerasbuti\/wp-content\/uploads\/sites\/7\/2020\/05\/01_2_flor-de-maig_-sucursal-de-can-tunis.jpg 1200w\" sizes=\"auto, (max-width: 640px) 100vw, 640px\" \/><\/a><figcaption id=\"caption-attachment-828\" class=\"wp-caption-text\"><span style=\"font-size: 90%;\">Botiga de la sucursal a Can Tunis de la Cooperativa Flor de Maig. Cap al 1920. Originalment Publicada al bloc &#8220;Rastros de rostros&#8221;.<\/span><\/figcaption><\/figure>\n\n","protected":false},"excerpt":{"rendered":"","protected":false},"author":1,"featured_media":0,"parent":791,"menu_order":0,"comment_status":"closed","ping_status":"closed","template":"","meta":{"footnotes":""},"class_list":["post-795","page","type-page","status-publish","hentry"],"_links":{"self":[{"href":"https:\/\/lafundicio.net\/kerasbuti\/wp-json\/wp\/v2\/pages\/795","targetHints":{"allow":["GET"]}}],"collection":[{"href":"https:\/\/lafundicio.net\/kerasbuti\/wp-json\/wp\/v2\/pages"}],"about":[{"href":"https:\/\/lafundicio.net\/kerasbuti\/wp-json\/wp\/v2\/types\/page"}],"author":[{"embeddable":true,"href":"https:\/\/lafundicio.net\/kerasbuti\/wp-json\/wp\/v2\/users\/1"}],"replies":[{"embeddable":true,"href":"https:\/\/lafundicio.net\/kerasbuti\/wp-json\/wp\/v2\/comments?post=795"}],"version-history":[{"count":25,"href":"https:\/\/lafundicio.net\/kerasbuti\/wp-json\/wp\/v2\/pages\/795\/revisions"}],"predecessor-version":[{"id":1504,"href":"https:\/\/lafundicio.net\/kerasbuti\/wp-json\/wp\/v2\/pages\/795\/revisions\/1504"}],"up":[{"embeddable":true,"href":"https:\/\/lafundicio.net\/kerasbuti\/wp-json\/wp\/v2\/pages\/791"}],"wp:attachment":[{"href":"https:\/\/lafundicio.net\/kerasbuti\/wp-json\/wp\/v2\/media?parent=795"}],"curies":[{"name":"wp","href":"https:\/\/api.w.org\/{rel}","templated":true}]}}