{"id":793,"date":"2020-05-22T14:03:14","date_gmt":"2020-05-22T14:03:14","guid":{"rendered":"http:\/\/lafundicio.net\/kerasbuti\/?page_id=793"},"modified":"2020-05-22T18:19:35","modified_gmt":"2020-05-22T18:19:35","slug":"que-es-keras-buti-a-la-marina","status":"publish","type":"page","link":"https:\/\/lafundicio.net\/kerasbuti\/keras-buti-a-la-marina\/que-es-keras-buti-a-la-marina\/","title":{"rendered":"Qu\u00e8 \u00e9s Keras Buti a La Marina"},"content":{"rendered":"<p><i><span style=\"font-weight: 400;\">Keras Buti a La Marina<\/span><\/i><span style=\"font-weight: 400;\"> vol <strong>impulsar l\u2019Economia Social i Solid\u00e0ria i el consum responsable i de proximitat al barri de La Marina (Barcelona)<\/strong> a partir de la recuperaci\u00f3 de mem\u00f2ries vinculades al paisatge, l\u2019agricultura i la cuina.<\/span><\/p>\n<p><span style=\"font-weight: 400;\"><img loading=\"lazy\" decoding=\"async\" class=\"size-medium wp-image-803 alignleft\" src=\"https:\/\/lafundicio.net\/kerasbuti\/wp-content\/uploads\/sites\/7\/2020\/05\/cistelles2-329x400.jpeg\" alt=\"\" width=\"329\" height=\"400\" srcset=\"https:\/\/lafundicio.net\/kerasbuti\/wp-content\/uploads\/sites\/7\/2020\/05\/cistelles2-329x400.jpeg 329w, https:\/\/lafundicio.net\/kerasbuti\/wp-content\/uploads\/sites\/7\/2020\/05\/cistelles2-658x800.jpeg 658w, https:\/\/lafundicio.net\/kerasbuti\/wp-content\/uploads\/sites\/7\/2020\/05\/cistelles2-768x934.jpeg 768w, https:\/\/lafundicio.net\/kerasbuti\/wp-content\/uploads\/sites\/7\/2020\/05\/cistelles2-510x620.jpeg 510w, https:\/\/lafundicio.net\/kerasbuti\/wp-content\/uploads\/sites\/7\/2020\/05\/cistelles2.jpeg 842w\" sizes=\"auto, (max-width: 329px) 100vw, 329px\" \/><\/span><\/p>\n<p><span style=\"font-weight: 400;\">Els camps de conreu i la platja s\u00f3n el sediment que podem trobar avui sota l\u2019asfalt. Abans de la construcci\u00f3 del port franc i el creixement urban\u00edstic de barri, La Marina era en bona part un <strong>espai natural i agr\u00edcola integrat al litoral<\/strong> (un paisatge compartit amb la ciutat de L\u2019Hospitalet). D\u2019altra banda, els camps de conreu s\u2019estenien des del riu Llobregat fins a Barcelona i la seva \u00e0rea metropolitana, com <strong>un gran rebost periurb\u00e0<\/strong>.<\/span><\/p>\n<p><span style=\"font-weight: 400;\">Posteriorment, les masies es van canviar per <strong>barraques<\/strong>, en les quals la vida comunit\u00e0ria feia possible la superviv\u00e8ncia ve\u00efnal. El <strong>suport mutu<\/strong> traspassava les barriades: de Can Tunis, a La Marina, a La Bomba, a L\u2019Hospitalet. El <em>desarrollismo<\/em> va eliminar aquell paisatge substituint-lo pel que coneixem en l\u2019actualitat&#8230; malgrat aix\u00f2, alguns elements van aconseguir sobreviure: una sensibilitat, unes pr\u00e0ctiques i sabers orientats al com\u00fa.<\/span><\/p>\n<p><span style=\"font-weight: 400;\">Keras Buti vol mirar-se el territori de La Marina per cercar recon\u00e8ixer i difondre aquelles pr\u00e0ctiques i sabers que hist\u00f2ricament han posat la vida al centre per tal d\u2019actualitzar-los i restituir-los mitjan\u00e7ant l\u2019activaci\u00f3 d\u2019un node de la Cooperativa de Consum Keras Buti. La sucursal a La Marina de la Cooperativa Flor de Maig o les cooperatives d\u2019habitatge de Can Tunis son precedents hist\u00f2rics que ens poden inspirar.&nbsp;<\/span><\/p>\n<p><span style=\"font-weight: 400;\">Un dels objectius de Keras Buti a La Marina \u00e9s <strong>recuperar<\/strong> aquestes din\u00e0miques de <strong>cooperaci\u00f3<\/strong> i sabers vinculats a l\u2019alimentaci\u00f3 i el camp per, a partir de l\u2019enfortiment de la cooperativa de consum agroecol\u00f2gic, portar a l\u2019esfera p\u00fablica el debat sobre la manera en qu\u00e8 es produeixen i distribueixen els aliments, reivindicar la producci\u00f3 i el consum de proximitat i posar de relleu el nostre poder com a consumidors. Un dels espais des dels quals treballarem per <strong>impulsar l\u2019economia social i solid\u00e0ria<\/strong> i els processos de <strong>recuperaci\u00f3 de la mem\u00f2ria de La Marina<\/strong> ser\u00e0 al Mercat Municipal. Donem suport al comer\u00e7 de proximitat i el mercat com a espais de socialitzaci\u00f3 i organitzaci\u00f3 ve\u00efnal per tenir cura l\u2019economia de la comunitat.<\/span><\/p>\n<figure id=\"attachment_806\" aria-describedby=\"caption-attachment-806\" style=\"width: 329px\" class=\"wp-caption alignright\"><img loading=\"lazy\" decoding=\"async\" class=\"wp-image-806\" src=\"https:\/\/lafundicio.net\/kerasbuti\/wp-content\/uploads\/sites\/7\/2020\/05\/marina-can-tunis-seat-1950-445x400.jpg\" alt=\"La Marina en primer pla, amb la f\u00e0brica de la SEAT, inaugurada al 1950.\" width=\"329\" height=\"296\" srcset=\"https:\/\/lafundicio.net\/kerasbuti\/wp-content\/uploads\/sites\/7\/2020\/05\/marina-can-tunis-seat-1950-445x400.jpg 445w, https:\/\/lafundicio.net\/kerasbuti\/wp-content\/uploads\/sites\/7\/2020\/05\/marina-can-tunis-seat-1950-889x800.jpg 889w, https:\/\/lafundicio.net\/kerasbuti\/wp-content\/uploads\/sites\/7\/2020\/05\/marina-can-tunis-seat-1950-768x691.jpg 768w, https:\/\/lafundicio.net\/kerasbuti\/wp-content\/uploads\/sites\/7\/2020\/05\/marina-can-tunis-seat-1950-510x459.jpg 510w, https:\/\/lafundicio.net\/kerasbuti\/wp-content\/uploads\/sites\/7\/2020\/05\/marina-can-tunis-seat-1950.jpg 1537w\" sizes=\"auto, (max-width: 329px) 100vw, 329px\" \/><figcaption id=\"caption-attachment-806\" class=\"wp-caption-text\"><span style=\"font-size: 90%;\">La Marina en primer pla, amb la f\u00e0brica de la SEAT, inaugurada al 1950, amb la muntanya de Montju\u00efc i Can Tunis al fons. Foto originalment publicada al blog Bereshit. La reconstrucci\u00f3 de Barcelona i altres mons d&#8217;Enric H. March.<\/span><\/figcaption><\/figure>\n<p><span style=\"font-weight: 400;\">L\u2019organitzaci\u00f3 col\u00b7lectiva \u00e9s un instrument per recuperar la <strong>sobirania aliment\u00e0ria<\/strong> que reverteix al seu torn en la <strong>sostenibilitat econ\u00f2mica, social i ambiental<\/strong>.<\/span><\/p>\n<p><span style=\"font-weight: 400;\">La seva situaci\u00f3 perif\u00e8rica i proximitat amb el Parc Agrari, fan de la Marina un lloc privilegiat per vincular la ciutat amb un entorn agrari que pensem cal defensar. Alhora, la hist\u00f2ria recent d\u2019aquest territori permet explorar les potencialitats de tornar a vincular l\u2019espai urb\u00e0 amb el seu substrat rural (tant material com cultural) com a estrat\u00e8gia per prototipar formes socialment i ecol\u00f2gicament m\u00e9s justes de sostenir la vida a les ciutats.<\/span><\/p>\n\n\n<p><\/p>\n","protected":false},"excerpt":{"rendered":"<p>Keras Buti a La Marina vol impulsar l\u2019Economia Social i Solid\u00e0ria i el consum responsable i de proximitat al barri de La Marina (Barcelona) a partir de la recuperaci\u00f3 de mem\u00f2ries vinculades al paisatge, l\u2019agricultura i la cuina. Els camps de conreu i la platja s\u00f3n el sediment que podem trobar avui sota l\u2019asfalt. Abans [&#8230;]\n","protected":false},"author":1,"featured_media":0,"parent":791,"menu_order":0,"comment_status":"closed","ping_status":"closed","template":"","meta":{"ngg_post_thumbnail":0,"footnotes":""},"class_list":["post-793","page","type-page","status-publish","hentry"],"_links":{"self":[{"href":"https:\/\/lafundicio.net\/kerasbuti\/wp-json\/wp\/v2\/pages\/793","targetHints":{"allow":["GET"]}}],"collection":[{"href":"https:\/\/lafundicio.net\/kerasbuti\/wp-json\/wp\/v2\/pages"}],"about":[{"href":"https:\/\/lafundicio.net\/kerasbuti\/wp-json\/wp\/v2\/types\/page"}],"author":[{"embeddable":true,"href":"https:\/\/lafundicio.net\/kerasbuti\/wp-json\/wp\/v2\/users\/1"}],"replies":[{"embeddable":true,"href":"https:\/\/lafundicio.net\/kerasbuti\/wp-json\/wp\/v2\/comments?post=793"}],"version-history":[{"count":15,"href":"https:\/\/lafundicio.net\/kerasbuti\/wp-json\/wp\/v2\/pages\/793\/revisions"}],"predecessor-version":[{"id":1156,"href":"https:\/\/lafundicio.net\/kerasbuti\/wp-json\/wp\/v2\/pages\/793\/revisions\/1156"}],"up":[{"embeddable":true,"href":"https:\/\/lafundicio.net\/kerasbuti\/wp-json\/wp\/v2\/pages\/791"}],"wp:attachment":[{"href":"https:\/\/lafundicio.net\/kerasbuti\/wp-json\/wp\/v2\/media?parent=793"}],"curies":[{"name":"wp","href":"https:\/\/api.w.org\/{rel}","templated":true}]}}