{"id":791,"date":"2020-05-22T13:42:03","date_gmt":"2020-05-22T13:42:03","guid":{"rendered":"http:\/\/lafundicio.net\/kerasbuti\/?page_id=791"},"modified":"2022-10-09T09:28:36","modified_gmt":"2022-10-09T09:28:36","slug":"keras-buti-a-la-marina","status":"publish","type":"page","link":"https:\/\/lafundicio.net\/kerasbuti\/keras-buti-a-la-marina\/","title":{"rendered":"Keras Buti a La Marina"},"content":{"rendered":"\n<figure class=\"wp-block-embed is-type-video is-provider-vimeo wp-block-embed-vimeo\"><div class=\"wp-block-embed__wrapper\">\n<iframe loading=\"lazy\" title=\"V&amp;iacute;deo promocional de la campanya Keras Buti a La Marina. Fem-ho possible!\" src=\"https:\/\/player.vimeo.com\/video\/421658594?h=feac396ade&amp;dnt=1&amp;app_id=122963\" width=\"1020\" height=\"574\" frameborder=\"0\" allow=\"autoplay; fullscreen; picture-in-picture\" allowfullscreen><\/iframe>\n<\/div><\/figure>\n\n\n\n<p><a href=\"https:\/\/vimeo.com\/421658594\">V\u00eddeo promocional de la campanya Keras Buti a La Marina. Fem-ho possible!<\/a> from <a href=\"https:\/\/vimeo.com\/lafundicio\">LaFundici\u00f3<\/a> on <a href=\"https:\/\/vimeo.com\">Vimeo<\/a>.<\/p>\n\n\n\n<p>Potser <strong>els productes agroecol\u00f2gics<\/strong> no s\u00f3n tan \u201cmacos\u201d com els productes agroindustrials, per\u00f2 s\u00f3n aliments de deb\u00f2, <strong>beneficien els i les pageses, el medi ambient i la nostra salut<\/strong> en reduir quil\u00f2metres de transport, evitar intermediaris o eliminar pesticides. El repte \u00e9s fer-lo accessible a la butxaca de totes sense precaritzar el treball al camp i per aix\u00f2 cal organitzar-se col\u00b7lectivament!<br><br><strong>D\u00f3na el pas a la sobirania aliment\u00e0ria i uneix-te a la nostra cooperativa!<\/strong><\/p>\n","protected":false},"excerpt":{"rendered":"<p>V\u00eddeo promocional de la campanya Keras Buti a La Marina. Fem-ho possible! from LaFundici\u00f3 on Vimeo. Potser els productes agroecol\u00f2gics no s\u00f3n tan \u201cmacos\u201d com els productes agroindustrials, per\u00f2 s\u00f3n aliments de deb\u00f2, beneficien els i les pageses, el medi ambient i la nostra salut en reduir quil\u00f2metres de transport, evitar intermediaris o eliminar pesticides. [&#8230;]\n","protected":false},"author":1,"featured_media":0,"parent":0,"menu_order":0,"comment_status":"closed","ping_status":"closed","template":"","meta":{"ngg_post_thumbnail":0,"footnotes":""},"class_list":["post-791","page","type-page","status-publish","hentry"],"_links":{"self":[{"href":"https:\/\/lafundicio.net\/kerasbuti\/wp-json\/wp\/v2\/pages\/791","targetHints":{"allow":["GET"]}}],"collection":[{"href":"https:\/\/lafundicio.net\/kerasbuti\/wp-json\/wp\/v2\/pages"}],"about":[{"href":"https:\/\/lafundicio.net\/kerasbuti\/wp-json\/wp\/v2\/types\/page"}],"author":[{"embeddable":true,"href":"https:\/\/lafundicio.net\/kerasbuti\/wp-json\/wp\/v2\/users\/1"}],"replies":[{"embeddable":true,"href":"https:\/\/lafundicio.net\/kerasbuti\/wp-json\/wp\/v2\/comments?post=791"}],"version-history":[{"count":2,"href":"https:\/\/lafundicio.net\/kerasbuti\/wp-json\/wp\/v2\/pages\/791\/revisions"}],"predecessor-version":[{"id":1192,"href":"https:\/\/lafundicio.net\/kerasbuti\/wp-json\/wp\/v2\/pages\/791\/revisions\/1192"}],"wp:attachment":[{"href":"https:\/\/lafundicio.net\/kerasbuti\/wp-json\/wp\/v2\/media?parent=791"}],"curies":[{"name":"wp","href":"https:\/\/api.w.org\/{rel}","templated":true}]}}