{"id":778,"date":"2020-05-19T16:24:34","date_gmt":"2020-05-19T16:24:34","guid":{"rendered":"http:\/\/lafundicio.net\/kerasbuti\/?page_id=778"},"modified":"2026-01-21T18:14:13","modified_gmt":"2026-01-21T18:14:13","slug":"transparencia","status":"publish","type":"page","link":"https:\/\/lafundicio.net\/kerasbuti\/transparencia\/","title":{"rendered":"Transpar\u00e8ncia"},"content":{"rendered":"\n<p><img loading=\"lazy\" decoding=\"async\" class=\"alignnone size-medium wp-image-781\" src=\"https:\/\/lafundicio.net\/kerasbuti\/wp-content\/uploads\/sites\/7\/2020\/05\/balanc-672x400.png\" alt=\"\" width=\"672\" height=\"400\" srcset=\"https:\/\/lafundicio.net\/kerasbuti\/wp-content\/uploads\/sites\/7\/2020\/05\/balanc-672x400.png 672w, https:\/\/lafundicio.net\/kerasbuti\/wp-content\/uploads\/sites\/7\/2020\/05\/balanc-768x457.png 768w, https:\/\/lafundicio.net\/kerasbuti\/wp-content\/uploads\/sites\/7\/2020\/05\/balanc-510x304.png 510w, https:\/\/lafundicio.net\/kerasbuti\/wp-content\/uploads\/sites\/7\/2020\/05\/balanc.png 1088w\" sizes=\"auto, (max-width: 672px) 100vw, 672px\" \/><\/p>\n<p>Valorem que l\u2019ESS trenqui amb l\u2019opacitat de l&#8217;economia capitalista, en la que s\u2019oculta informaci\u00f3 sobre la proced\u00e8ncia i proc\u00e9s de producci\u00f3 dels productes i\/o serveis que s\u2019ofereixen, aix\u00ed com dels comptes i del funcionament de les empreses i organitzacions.<\/p>\n<p>Per aix\u00f2 realitzem el <a href=\"https:\/\/xes.cat\/comissions\/balanc-social\/\"><strong>Balan\u00e7 Social<\/strong><\/a>, una eina de la <a href=\"https:\/\/xes.cat\"><strong>XES<\/strong><\/a> amb la que anualment rendim comptes de com ens financem i de l&#8217;estructura de l&#8217;Associaci\u00f3 i de la Cooperativa <strong>Keras Buti<\/strong>. De la mateixa manera, el total dels nostres recursos es gestionen mitjan\u00e7ant la banca \u00e8tica Triodos Bank.<\/p>\n<p>En aquest p\u00e0gina trobareu tamb\u00e9 una relaci\u00f3 de contractes p\u00fablics aix\u00ed com subvencions rebudes per Keras Buti que ens ajuden a desenvolupar projectes i iniciatives per fomentar la sobirania aliment\u00e0ria i l&#8217;economia social.<\/p>\n<h4>Balan\u00e7 social 2025 de la Coperativa Keras Buti<\/h4>\n<p>Aqu\u00ed podeu veure un resum del Balan\u00e7 social de 2025 de l&#8217;Associaci\u00f3 Keras Buti.<\/p>\n<p><img loading=\"lazy\" decoding=\"async\" class=\"alignnone size-medium wp-image-781\" src=\"https:\/\/lafundicio.net\/kerasbuti\/wp-content\/uploads\/sites\/7\/2025\/10\/Balanc-social-KB-asoc-scaled.png\" alt=\"\" width=\"672\" height=\"400\"><\/p>\n<h4>Balan\u00e7 social 2024 de la Coperativa Keras Buti<\/h4>\n<p>Podeu consultar i descarregar el Balan\u00e7 de 2024 <a href=\"https:\/\/lafundicio.net\/kerasbuti\/wp-content\/uploads\/sites\/7\/2024\/10\/Resultats_balanc_social_KB_2024.pdf\">aqu\u00ed<\/a> (PDF).<\/p>\n<h4>Balan\u00e7 social 2022 de la Coperativa Keras Buti<\/h4>\n<p>Podeu consultar i descarregar el balan\u00e7 del 2022 aqu\u00ed (PDF).<\/p>\n<h4>Balan\u00e7 social 2021 de la Cooperativa Keras Buti<\/h4>\n<p>Podeu consultar i descarregar el balan\u00e7 de 2021 <a href=\"https:\/\/drive.google.com\/file\/d\/18BuVglkk71AaimOo5saiTkxn6uj0heH4\/view?usp=sharing\">aqu\u00ed<\/a> (PDF).<\/p>\n<h4>Balan\u00e7 social 2020 de l&#8217;<strong>Associaci\u00f3 Keras Buti<\/strong><\/h4>\n<p>Podeu consultar i descarregar el balan\u00e7 de 2020 <a href=\"https:\/\/drive.google.com\/file\/d\/1pU_5maVRjWiQRUO2LHPKe9rkxTkOuEiy\/view?usp=sharing\">aqu\u00ed<\/a> (PDF).<\/p>\n<h4>Balan\u00e7 social 2019 de la Cooperativa<strong>&nbsp;Keras Buti<\/strong><\/h4>\n<p>Podeu consultar i descarregar el balan\u00e7 de 2019 <a href=\"https:\/\/drive.google.com\/file\/d\/12Ksaq5CQARVwJUeecYkbBnF9aUgvt9NG\/view\">aqu\u00ed<\/a>&nbsp;(PDF).<\/p>\n<h4><strong>\u00d2rgan responsable de l&#8217;entitat en mat\u00e8ria de contractaci\u00f3<\/strong><\/h4>\n<p>Consell Rector, sense tel\u00e8fon professional.<\/p>\n<p>Avinguda Vilanova, 22 Hospitalet de Llobregat<\/p>\n<p>kerasbuticoop@riseup.net<\/p>\n<h4><strong>Relaci\u00f3 dels contractes subscrits els darrers cinc anys amb les administracions <\/strong><\/h4>\n<p>No s\u2019han signat cap contracte en els darrers 5 anys.<\/p>\n<h4><strong>Relaci\u00f3 dels convenis subscrits amb les administracions p\u00fabliques en els darrers cinc anys<\/strong><\/h4>\n<p>No s\u2019han signat convenis en els darrers 5 anys.<\/p>\n<h4><strong>Relaci\u00f3 de subvencions i ajuts rebuts de les administracions p\u00fabliques en els darrers cinc anys<\/strong><\/h4>\n<table>\n<tbody>\n<tr>\n<td width=\"113\">\n<p><strong>Administraci\u00f3<\/strong><\/p>\n<\/td>\n<td width=\"113\">\n<p><strong>Subvenci\u00f3<\/strong><\/p>\n<\/td>\n<td width=\"85\">\n<p><strong>Import<\/strong><\/p>\n<\/td>\n<td width=\"293\">\n<p><strong>Objecte<\/strong><\/p>\n<\/td>\n<td width=\"76\">\n<p><strong>Any<\/strong><\/p>\n<\/td>\n<\/tr>\n<tr>\n<td width=\"113\">\n<p>Generalitat de Catalunya (Empresa i Treball)<\/p>\n<\/td>\n<td width=\"113\">\n<p>Comunalitats urbanes<\/p>\n<\/td>\n<td width=\"85\">\n<p>168.485,00<\/p>\n<\/td>\n<td width=\"293\">\n<p>La Florida s\u2019ave\u00efna<\/p>\n<\/td>\n<td width=\"76\">\n<p>2022\/2024<\/p>\n<\/td>\n<\/tr>\n<tr>\n<td width=\"113\">\n<p>Generalitat de Catalunya (Empresa i Treball)<\/p>\n<\/td>\n<td width=\"113\">\n<p>Projectes singulars de promoci\u00f3 de l\u2019ESS<\/p>\n<\/td>\n<td width=\"85\">\n<p>25.000,00<\/p>\n<\/td>\n<td width=\"293\">\n<p>El conuco. Un hort transfronterer.<\/p>\n<\/td>\n<td width=\"76\">\n<p>2022\/2023<\/p>\n<\/td>\n<\/tr>\n<tr>\n<td width=\"113\">\n<p>Ajunt Barcelona<\/p>\n<\/td>\n<td width=\"113\">\n<p>Enfortim el que fas<\/p>\n<\/td>\n<td width=\"85\">\n<p>8.000,00<\/p>\n<\/td>\n<td width=\"293\">\n<p>Agroporta Sud<\/p>\n<\/td>\n<td width=\"76\">\n<p>2023\/2024<\/p>\n<\/td>\n<\/tr>\n<tr>\n<td width=\"113\">\n<p>Generalitat de Catalunya (Empresa i Treball)<\/p>\n<\/td>\n<td width=\"113\">\n<p>Projectes singulars de promoci\u00f3 de l\u2019ESS<\/p>\n<\/td>\n<td width=\"85\">\n<p>32.000,00<\/p>\n<\/td>\n<td width=\"293\">\n<p>La Bullidora<\/p>\n<\/td>\n<td width=\"76\">\n<p>2023\/2024<\/p>\n<\/td>\n<\/tr>\n<tr>\n<td width=\"113\">\n<p>Generalitat de Catalunya (Empresa i Treball)<\/p>\n<\/td>\n<td width=\"113\">\n<p>ACOL<\/p>\n<\/td>\n<td width=\"85\">\n<p>27.783,77<\/p>\n<\/td>\n<td width=\"293\">\n<p>Ajudes a la contractaci\u00f3<\/p>\n<\/td>\n<td width=\"76\">\n<p>2023\/2024<\/p>\n<\/td>\n<\/tr>\n<tr>\n<td width=\"113\">\n<p>Generalitat de Catalunya (Empresa i Treball)<\/p>\n<\/td>\n<td width=\"113\">\n<p>Comunalitats urbanes<\/p>\n<\/td>\n<td width=\"85\">\n<p>157.000,00<\/p>\n<\/td>\n<td width=\"293\">\n<p>La Florida s\u2019ave\u00efna<\/p>\n<\/td>\n<td width=\"76\">\n<p>2024\/2026<\/p>\n<\/td>\n<\/tr>\n<tr>\n<td width=\"113\">\n<p>Generalitat de Catalunya (Empresa i Treball)<\/p>\n<\/td>\n<td width=\"113\">\n<p>Pla Estrat\u00e8gic de l\u2019Alimentaci\u00f3 de Catalunya (PEAC)<\/p>\n<\/td>\n<td width=\"85\">\n<p>61.139,16<\/p>\n<\/td>\n<td width=\"293\">\n<p>Creaci\u00f3 i difusi\u00f3 d\u2019activitats<\/p>\n<p>de sensibilitzaci\u00f3 per a la prevenci\u00f3 de p\u00e8rdues i malbaratament alimentari i<\/p>\n<p>projectes innovadors per l\u2019aprofitament dels aliments<\/p>\n<\/td>\n<td width=\"76\">\n<p>2025\/2026<\/p>\n<\/td>\n<\/tr>\n<tr>\n<td width=\"113\">\n<p>Generalitat de Catalunya (SOC)<\/p>\n<\/td>\n<td width=\"113\">\n<p>SOC<\/p>\n<\/td>\n<td width=\"85\">\n<p>11.390.02<\/p>\n<\/td>\n<td width=\"293\">\n<p>Ajudes a la contractaci\u00f3<\/p>\n<\/td>\n<td width=\"76\">\n<p>2024\/2025<\/p>\n<\/td>\n<\/tr>\n<tr>\n<td width=\"113\">\n<p>Generalitat de Catalunya (Empresa i Treball)<\/p>\n<\/td>\n<td width=\"113\">\n<p>ComunarESS<\/p>\n<\/td>\n<td width=\"85\">\n<p>30.000,00<\/p>\n<\/td>\n<td width=\"293\">\n<p>Pura horta<\/p>\n<\/td>\n<td width=\"76\">\n<p>2025\/2027<\/p>\n<\/td>\n<\/tr>\n<tr>\n<td width=\"113\">\n<p>Ajuntament de l\u2019Hospitalet<\/p>\n<\/td>\n<td width=\"113\">\n<p>ESS<\/p>\n<\/td>\n<td width=\"85\">\n<p>15.750,00<\/p>\n<\/td>\n<td width=\"293\">\n<p>Marmita. Cap a la sobirania aliment\u00e0ria dels barris<\/p>\n<\/td>\n<td width=\"76\">\n<p>2025<\/p>\n<\/td>\n<\/tr>\n<tr>\n<td width=\"113\">\n<p>Generalitat de Catalunya (Empresa i Treball)<\/p>\n<\/td>\n<td width=\"113\">\n<p>Projectes singulars de promoci\u00f3 de l\u2019ESS<\/p>\n<\/td>\n<td width=\"85\">\n<p>130.055,32<\/p>\n<\/td>\n<td width=\"293\">\n<p>Marmita. Cap a la sobirania aliment\u00e0ria dels barris<\/p>\n<\/td>\n<td width=\"76\">\n<p>2025\/2027<\/p>\n<\/td>\n<\/tr>\n<\/tbody>\n<\/table>\n<h4>Informaci\u00f3 relativa a les funcions que desenvolupa, normativa que els \u00e9s d\u2019aplicaci\u00f3 i estructura organitzativa del Consell Rector<\/h4>\n<p>Les funcions dels membres del Consell Rector de Keras Buti s\u2019ajusten al que estipula<strong> la llei de cooperatives <\/strong>de Catalunya (Llei 12\/2015 de 9 de juliol).<\/p>\n<p>Presidenta:&nbsp;Marta Vallejo Herrando<\/p>\n<p>Vicepresidenta:&nbsp;Isabel Mart\u00edn Blasco<\/p>\n<p>Secret\u00e0ria:&nbsp;Estela del Carmen Mbessa Alais<\/p>\n<p>&nbsp;<\/p>\n\n","protected":false},"excerpt":{"rendered":"","protected":false},"author":5,"featured_media":0,"parent":0,"menu_order":0,"comment_status":"closed","ping_status":"closed","template":"","meta":{"ngg_post_thumbnail":0,"footnotes":""},"class_list":["post-778","page","type-page","status-publish","hentry"],"_links":{"self":[{"href":"https:\/\/lafundicio.net\/kerasbuti\/wp-json\/wp\/v2\/pages\/778","targetHints":{"allow":["GET"]}}],"collection":[{"href":"https:\/\/lafundicio.net\/kerasbuti\/wp-json\/wp\/v2\/pages"}],"about":[{"href":"https:\/\/lafundicio.net\/kerasbuti\/wp-json\/wp\/v2\/types\/page"}],"author":[{"embeddable":true,"href":"https:\/\/lafundicio.net\/kerasbuti\/wp-json\/wp\/v2\/users\/5"}],"replies":[{"embeddable":true,"href":"https:\/\/lafundicio.net\/kerasbuti\/wp-json\/wp\/v2\/comments?post=778"}],"version-history":[{"count":20,"href":"https:\/\/lafundicio.net\/kerasbuti\/wp-json\/wp\/v2\/pages\/778\/revisions"}],"predecessor-version":[{"id":1913,"href":"https:\/\/lafundicio.net\/kerasbuti\/wp-json\/wp\/v2\/pages\/778\/revisions\/1913"}],"wp:attachment":[{"href":"https:\/\/lafundicio.net\/kerasbuti\/wp-json\/wp\/v2\/media?parent=778"}],"curies":[{"name":"wp","href":"https:\/\/api.w.org\/{rel}","templated":true}]}}