{"id":587,"date":"2018-10-26T04:20:25","date_gmt":"2018-10-26T04:20:25","guid":{"rendered":"http:\/\/lafundicio.net\/kerasbuti\/?page_id=587"},"modified":"2026-01-30T15:23:52","modified_gmt":"2026-01-30T15:23:52","slug":"botiga","status":"publish","type":"page","link":"https:\/\/lafundicio.net\/kerasbuti\/botiga\/","title":{"rendered":"Keras Buti &#8211; Botiga i espai comunitari"},"content":{"rendered":"\n<p>Keras Buti compta amb una botiga i espai comunitari a la Marina del Prat Vermell (Barcelona). Ubicada als baixos de la cooperativa d\u2019habitatge La Chalmeta, \u00e9s una botiga de productes agroecol\u00f2gics i de proximitat, un node de distribuci\u00f3 a les s\u00f2cies de la mateixa cooperativa Keras Buti i un espai comunitari obert al barri i a la ciutat, dedicat especialment a l\u2019ecologia, l\u2019economia social i la cultura.<\/p>\n\n\n\n<div class=\"wp-block-buttons is-content-justification-center is-layout-flex wp-container-core-buttons-is-layout-16018d1d wp-block-buttons-is-layout-flex\">\n<div class=\"wp-block-button has-custom-width wp-block-button__width-50 is-style-fill\"><a class=\"wp-block-button__link has-background wp-element-button\" href=\"https:\/\/kerasbuti.org\/es_ES\/shop\" style=\"border-radius:0px;background-color:#3fa535\">COMPRAR<\/a><\/div>\n<\/div>\n\n\n\n<p><strong>Horaris de la botiga: <\/strong><\/p>\n\n\n\n<p>De <strong>dilluns<\/strong> a <strong>divendres<\/strong> de 10 a 12 h i de 16 a 20 h.<\/p>\n\n\n\n<p><strong>Dissabtes<\/strong> de 9 a 14 h.<\/p>\n\n\n\n<p><strong>Contacta amb nosaltres:<\/strong><\/p>\n\n\n\n<p>C. Ulldecona, 24, 08038, Barcelona.<\/p>\n\n\n\n<p><a href=\"mailto:kerasbuticoop@riseup.net\" target=\"_blank\" rel=\"noreferrer noopener\">kerasbuticoop@riseup.net<\/a><\/p>\n\n\n\n<p>+34 936 277 347  \/  +34 641 158 191<\/p>\n\n\n\n<figure class=\"wp-block-image size-full\"><img decoding=\"async\" src=\"https:\/\/lafundicio.net\/kerasbuti\/wp-content\/uploads\/sites\/7\/2023\/02\/IMG_20221013_180325.jpg\" alt=\"\" class=\"wp-image-1512\"\/><\/figure>\n\n\n\n<p class=\"has-small-font-size\">Aquesta iniciativa ha comptat amb el suport de l\u2019\u00e0rea d\u2019Economia Social del Departament de Treball i Empresa de la Generalitat de Catalunya a trav\u00e9s del seu programa d\u2019ajuts a Projectes Singulars, aix\u00ed com del programa \u201cImpulsem el que fas\u201d de Barcelona Activa, que es vincula a la Capitalitat Mundial de l\u2019Alimentaci\u00f3 Sostenible 2021 de la ciutat de Barcelona.<\/p>\n","protected":false},"excerpt":{"rendered":"<p>Keras Buti compta amb una botiga i espai comunitari a la Marina del Prat Vermell (Barcelona). Ubicada als baixos de la cooperativa d\u2019habitatge La Chalmeta, \u00e9s una botiga de productes agroecol\u00f2gics i de proximitat, un node de distribuci\u00f3 a les s\u00f2cies de la mateixa cooperativa Keras Buti i un espai comunitari obert al barri i [&#8230;]\n","protected":false},"author":5,"featured_media":0,"parent":0,"menu_order":0,"comment_status":"closed","ping_status":"closed","template":"","meta":{"ngg_post_thumbnail":0,"footnotes":""},"class_list":["post-587","page","type-page","status-publish","hentry"],"_links":{"self":[{"href":"https:\/\/lafundicio.net\/kerasbuti\/wp-json\/wp\/v2\/pages\/587","targetHints":{"allow":["GET"]}}],"collection":[{"href":"https:\/\/lafundicio.net\/kerasbuti\/wp-json\/wp\/v2\/pages"}],"about":[{"href":"https:\/\/lafundicio.net\/kerasbuti\/wp-json\/wp\/v2\/types\/page"}],"author":[{"embeddable":true,"href":"https:\/\/lafundicio.net\/kerasbuti\/wp-json\/wp\/v2\/users\/5"}],"replies":[{"embeddable":true,"href":"https:\/\/lafundicio.net\/kerasbuti\/wp-json\/wp\/v2\/comments?post=587"}],"version-history":[{"count":10,"href":"https:\/\/lafundicio.net\/kerasbuti\/wp-json\/wp\/v2\/pages\/587\/revisions"}],"predecessor-version":[{"id":1918,"href":"https:\/\/lafundicio.net\/kerasbuti\/wp-json\/wp\/v2\/pages\/587\/revisions\/1918"}],"wp:attachment":[{"href":"https:\/\/lafundicio.net\/kerasbuti\/wp-json\/wp\/v2\/media?parent=587"}],"curies":[{"name":"wp","href":"https:\/\/api.w.org\/{rel}","templated":true}]}}