{"id":350,"date":"2018-03-12T10:14:58","date_gmt":"2018-03-12T10:14:58","guid":{"rendered":"http:\/\/lafundicio.net\/kerasbuti\/?page_id=350"},"modified":"2022-11-10T17:35:31","modified_gmt":"2022-11-10T17:35:31","slug":"qui-som","status":"publish","type":"page","link":"https:\/\/lafundicio.net\/kerasbuti\/qui-som\/","title":{"rendered":"Qui som"},"content":{"rendered":"\n<p>Keras Buti es una iniciativa de la cooperativa LaFundici\u00f3 y la asociaci\u00f3n gitana de l\u2019Hospitalet Lacho Baji Cali, que nace en 2018 con el prop\u00f3sito de investigar y promover la vinculaci\u00f3n entre la econom\u00eda social y solidaria y los saberes rurales y gitanos, y devenir un espacio donde compartir y construir colectivamente conocimiento: saberes y haceres que articulan una manera de sentir y estar en el mundo, vinculados a un territorio y unas comunidades espec\u00edficas.&nbsp;<\/p>\n\n\n\n<p>Keras Buti se constituye jur\u00eddicamente como una asociaci\u00f3n, por un lado, y como una cooperativa de consumo agroecol\u00f3gico, por el otro.<\/p>\n\n\n\n<p><a href=\"http:\/\/www.lafundicio.net\">LaFundici\u00f3<\/a> \u00e9s una cooperativa creada el 2006 que impulsa processos col\u00b7lectius de construcci\u00f3 de coneixement, pr\u00e0ctiques culturals i formes de relaci\u00f3, entesos com a recursos d&#8217;\u00fas com\u00fa i com activitats &#8216;controversials&#8217; i situades. El 2013 obre un espai f\u00edsic al barri de Bellvitge (L\u2019Hospitalet) des del que desplega aquests processos de forma col\u00b7lectiva, horitzontal i transfronterera.<\/p>\n\n\n\n<p><strong>Lacho Baji Cali<\/strong> \u00e9s una associaci\u00f3, impulsada majorit\u00e0riament per dones gitanes, present al barri del Gornal des de fa m\u00e9s de 20 anys. L\u2019associaci\u00f3 t\u00e9 com a missi\u00f3 el suport als membres de la comunitat gitana de L\u2019Hospitalet aix\u00ed com la defensa, promoci\u00f3 i reivindicaci\u00f3 dels drets i la cultura del Poble Gitano.<\/p>\n\n\n\n<figure class=\"wp-block-image size-large\"><img loading=\"lazy\" decoding=\"async\" width=\"1131\" height=\"800\" src=\"https:\/\/lafundicio.net\/kerasbuti\/wp-content\/uploads\/sites\/7\/2022\/11\/Linea-de-tiempo-Keras-Buti_OK-1131x800.jpg\" alt=\"\" class=\"wp-image-1432\" srcset=\"https:\/\/lafundicio.net\/kerasbuti\/wp-content\/uploads\/sites\/7\/2022\/11\/Linea-de-tiempo-Keras-Buti_OK-1131x800.jpg 1131w, https:\/\/lafundicio.net\/kerasbuti\/wp-content\/uploads\/sites\/7\/2022\/11\/Linea-de-tiempo-Keras-Buti_OK-566x400.jpg 566w, https:\/\/lafundicio.net\/kerasbuti\/wp-content\/uploads\/sites\/7\/2022\/11\/Linea-de-tiempo-Keras-Buti_OK-768x543.jpg 768w, https:\/\/lafundicio.net\/kerasbuti\/wp-content\/uploads\/sites\/7\/2022\/11\/Linea-de-tiempo-Keras-Buti_OK-510x361.jpg 510w, https:\/\/lafundicio.net\/kerasbuti\/wp-content\/uploads\/sites\/7\/2022\/11\/Linea-de-tiempo-Keras-Buti_OK.jpg 1527w\" sizes=\"auto, (max-width: 1131px) 100vw, 1131px\" \/><\/figure>\n","protected":false},"excerpt":{"rendered":"<p>Keras Buti es una iniciativa de la cooperativa LaFundici\u00f3 y la asociaci\u00f3n gitana de l\u2019Hospitalet Lacho Baji Cali, que nace en 2018 con el prop\u00f3sito de investigar y promover la vinculaci\u00f3n entre la econom\u00eda social y solidaria y los saberes rurales y gitanos, y devenir un espacio donde compartir y construir colectivamente conocimiento: saberes y [&#8230;]\n","protected":false},"author":1,"featured_media":0,"parent":0,"menu_order":4,"comment_status":"closed","ping_status":"closed","template":"","meta":{"ngg_post_thumbnail":0,"footnotes":""},"class_list":["post-350","page","type-page","status-publish","hentry"],"_links":{"self":[{"href":"https:\/\/lafundicio.net\/kerasbuti\/wp-json\/wp\/v2\/pages\/350","targetHints":{"allow":["GET"]}}],"collection":[{"href":"https:\/\/lafundicio.net\/kerasbuti\/wp-json\/wp\/v2\/pages"}],"about":[{"href":"https:\/\/lafundicio.net\/kerasbuti\/wp-json\/wp\/v2\/types\/page"}],"author":[{"embeddable":true,"href":"https:\/\/lafundicio.net\/kerasbuti\/wp-json\/wp\/v2\/users\/1"}],"replies":[{"embeddable":true,"href":"https:\/\/lafundicio.net\/kerasbuti\/wp-json\/wp\/v2\/comments?post=350"}],"version-history":[{"count":5,"href":"https:\/\/lafundicio.net\/kerasbuti\/wp-json\/wp\/v2\/pages\/350\/revisions"}],"predecessor-version":[{"id":1438,"href":"https:\/\/lafundicio.net\/kerasbuti\/wp-json\/wp\/v2\/pages\/350\/revisions\/1438"}],"wp:attachment":[{"href":"https:\/\/lafundicio.net\/kerasbuti\/wp-json\/wp\/v2\/media?parent=350"}],"curies":[{"name":"wp","href":"https:\/\/api.w.org\/{rel}","templated":true}]}}