{"id":344,"date":"2018-03-12T10:04:32","date_gmt":"2018-03-12T10:04:32","guid":{"rendered":"http:\/\/lafundicio.net\/kerasbuti\/?page_id=344"},"modified":"2025-02-26T14:58:56","modified_gmt":"2025-02-26T14:58:56","slug":"cooperativa-2","status":"publish","type":"page","link":"https:\/\/lafundicio.net\/kerasbuti\/cooperativa-2\/","title":{"rendered":"LA COOPERATIVA KERAS BUTI"},"content":{"rendered":"\n<p>La cooperativa neix agermanada amb l\u2019associaci\u00f3 Keras Buti, encara que centra la seva activitat en la distribuci\u00f3 per al consum de productes agroecol\u00f2gics. I te com a objectiu ampliar la varietat d\u2019aliments, mantenint sempre preus assequibles per a la majoria de butxaques i aix\u00ed garantir, mitjan\u00e7ant l\u2019autorganitzaci\u00f3, que les classes populars accedeixin a una alimentaci\u00f3 sostenible.<\/p>\n\n\n\n<p>Aliments agroecol\u00f2gics i de proximitat que potser no s\u00f3n tan \u201cmacos\u201d com els productes agroindustrials, per\u00f2 s\u00f3n aliments de deb\u00f2, beneficien els i les pageses, el medi ambient i la nostra salut en reduir quil\u00f2metres de transport, evitar intermediaris o eliminar pesticides. El repte \u00e9s fer-lo accessible a la butxaca de totes sense precaritzar el treball al camp i per aix\u00f2 cal organitzar-se col\u00b7lectivament!<\/p>\n\n\n\n<p><\/p>\n\n\n\n<p><\/p>\n\n\n\n<figure class=\"wp-block-gallery has-nested-images columns-default is-cropped wp-block-gallery-1 is-layout-flex wp-block-gallery-is-layout-flex\">\n<figure class=\"wp-block-image size-large\"><img decoding=\"async\" data-id=\"1491\" src=\"https:\/\/lafundicio.net\/kerasbuti\/wp-content\/uploads\/sites\/7\/2023\/02\/Li\u0301nea-de-tiempo-Keras-Buti_1_Prova2.jpg\" alt=\"\" class=\"wp-image-1491\"\/><\/figure>\n<\/figure>\n\n\n\n<figure class=\"wp-block-image size-full is-resized\"><img loading=\"lazy\" decoding=\"async\" width=\"669\" height=\"669\" src=\"https:\/\/lafundicio.net\/kerasbuti\/wp-content\/uploads\/sites\/7\/2025\/02\/4d08bf41-314e-22cd-2d06-d6a7a9b3669f.jpg\" alt=\"\" class=\"wp-image-1714\" style=\"width:184px;height:auto\" srcset=\"https:\/\/lafundicio.net\/kerasbuti\/wp-content\/uploads\/sites\/7\/2025\/02\/4d08bf41-314e-22cd-2d06-d6a7a9b3669f.jpg 669w, https:\/\/lafundicio.net\/kerasbuti\/wp-content\/uploads\/sites\/7\/2025\/02\/4d08bf41-314e-22cd-2d06-d6a7a9b3669f-400x400.jpg 400w, https:\/\/lafundicio.net\/kerasbuti\/wp-content\/uploads\/sites\/7\/2025\/02\/4d08bf41-314e-22cd-2d06-d6a7a9b3669f-280x280.jpg 280w, https:\/\/lafundicio.net\/kerasbuti\/wp-content\/uploads\/sites\/7\/2025\/02\/4d08bf41-314e-22cd-2d06-d6a7a9b3669f-510x510.jpg 510w, https:\/\/lafundicio.net\/kerasbuti\/wp-content\/uploads\/sites\/7\/2025\/02\/4d08bf41-314e-22cd-2d06-d6a7a9b3669f-100x100.jpg 100w\" sizes=\"auto, (max-width: 669px) 100vw, 669px\" \/><\/figure>\n\n\n\n<p><\/p>\n","protected":false},"excerpt":{"rendered":"<p>La cooperativa neix agermanada amb l\u2019associaci\u00f3 Keras Buti, encara que centra la seva activitat en la distribuci\u00f3 per al consum de productes agroecol\u00f2gics. I te com a objectiu ampliar la varietat d\u2019aliments, mantenint sempre preus assequibles per a la majoria de butxaques i aix\u00ed garantir, mitjan\u00e7ant l\u2019autorganitzaci\u00f3, que les classes populars accedeixin a una alimentaci\u00f3 [&#8230;]\n","protected":false},"author":1,"featured_media":0,"parent":0,"menu_order":3,"comment_status":"closed","ping_status":"closed","template":"","meta":{"ngg_post_thumbnail":0,"footnotes":""},"class_list":["post-344","page","type-page","status-publish","hentry"],"_links":{"self":[{"href":"https:\/\/lafundicio.net\/kerasbuti\/wp-json\/wp\/v2\/pages\/344","targetHints":{"allow":["GET"]}}],"collection":[{"href":"https:\/\/lafundicio.net\/kerasbuti\/wp-json\/wp\/v2\/pages"}],"about":[{"href":"https:\/\/lafundicio.net\/kerasbuti\/wp-json\/wp\/v2\/types\/page"}],"author":[{"embeddable":true,"href":"https:\/\/lafundicio.net\/kerasbuti\/wp-json\/wp\/v2\/users\/1"}],"replies":[{"embeddable":true,"href":"https:\/\/lafundicio.net\/kerasbuti\/wp-json\/wp\/v2\/comments?post=344"}],"version-history":[{"count":9,"href":"https:\/\/lafundicio.net\/kerasbuti\/wp-json\/wp\/v2\/pages\/344\/revisions"}],"predecessor-version":[{"id":1716,"href":"https:\/\/lafundicio.net\/kerasbuti\/wp-json\/wp\/v2\/pages\/344\/revisions\/1716"}],"wp:attachment":[{"href":"https:\/\/lafundicio.net\/kerasbuti\/wp-json\/wp\/v2\/media?parent=344"}],"curies":[{"name":"wp","href":"https:\/\/api.w.org\/{rel}","templated":true}]}}