{"id":336,"date":"2018-03-12T10:02:53","date_gmt":"2018-03-12T10:02:53","guid":{"rendered":"http:\/\/lafundicio.net\/kerasbuti\/?page_id=336"},"modified":"2018-05-04T22:39:02","modified_gmt":"2018-05-04T22:39:02","slug":"apren-romano","status":"publish","type":"page","link":"https:\/\/lafundicio.net\/kerasbuti\/que-es\/apren-romano\/","title":{"rendered":"Apr\u00e8n Roman\u00f3!"},"content":{"rendered":"<h5 style=\"text-align: center;\"><i><span style=\"font-weight: 400;\">Rescatem el roman\u00f3: una llengua, un m\u00f3n.<\/span><\/i><\/h5>\n<p><span style=\"font-weight: 400;\">El roman\u00f3 \u00e9s la llengua compartida pel poble rom arreu del m\u00f3n, \u00e0mpliament est\u00e8s entre les comunitats gitanes de tota Europa a excepci\u00f3 de l\u2019estat espanyol, on el seu coneixement \u00e9s redu\u00eft. Les classes de roman\u00f3 pretenen conservar la riquesa i diversitat ling\u00fc\u00edstica del territori, alhora que contribuir a la conservaci\u00f3 del roman\u00f3. &nbsp;<\/span><\/p>\n<p><span style=\"font-weight: 400;\">Les classes seran impartides per l\u2019especialista en hist\u00f2ria i cultura gitanes Pedro Casimeiro i s\u2019iniciaran en breu a la seu de l\u2019Associaci\u00f3 Lacho Baji Cali.<\/span><\/p>\n","protected":false},"excerpt":{"rendered":"<p>Rescatem el roman\u00f3: una llengua, un m\u00f3n. El roman\u00f3 \u00e9s la llengua compartida pel poble rom arreu del m\u00f3n, \u00e0mpliament est\u00e8s entre les comunitats gitanes de tota Europa a excepci\u00f3 de l\u2019estat espanyol, on el seu coneixement \u00e9s redu\u00eft. Les classes de roman\u00f3 pretenen conservar la riquesa i diversitat ling\u00fc\u00edstica del territori, alhora que contribuir [&#8230;]\n","protected":false},"author":1,"featured_media":0,"parent":317,"menu_order":0,"comment_status":"closed","ping_status":"closed","template":"","meta":{"ngg_post_thumbnail":0,"footnotes":""},"class_list":["post-336","page","type-page","status-publish","hentry"],"_links":{"self":[{"href":"https:\/\/lafundicio.net\/kerasbuti\/wp-json\/wp\/v2\/pages\/336","targetHints":{"allow":["GET"]}}],"collection":[{"href":"https:\/\/lafundicio.net\/kerasbuti\/wp-json\/wp\/v2\/pages"}],"about":[{"href":"https:\/\/lafundicio.net\/kerasbuti\/wp-json\/wp\/v2\/types\/page"}],"author":[{"embeddable":true,"href":"https:\/\/lafundicio.net\/kerasbuti\/wp-json\/wp\/v2\/users\/1"}],"replies":[{"embeddable":true,"href":"https:\/\/lafundicio.net\/kerasbuti\/wp-json\/wp\/v2\/comments?post=336"}],"version-history":[{"count":3,"href":"https:\/\/lafundicio.net\/kerasbuti\/wp-json\/wp\/v2\/pages\/336\/revisions"}],"predecessor-version":[{"id":428,"href":"https:\/\/lafundicio.net\/kerasbuti\/wp-json\/wp\/v2\/pages\/336\/revisions\/428"}],"up":[{"embeddable":true,"href":"https:\/\/lafundicio.net\/kerasbuti\/wp-json\/wp\/v2\/pages\/317"}],"wp:attachment":[{"href":"https:\/\/lafundicio.net\/kerasbuti\/wp-json\/wp\/v2\/media?parent=336"}],"curies":[{"name":"wp","href":"https:\/\/api.w.org\/{rel}","templated":true}]}}