{"id":331,"date":"2018-03-12T09:56:59","date_gmt":"2018-03-12T09:56:59","guid":{"rendered":"http:\/\/lafundicio.net\/kerasbuti\/?page_id=331"},"modified":"2022-10-09T14:32:45","modified_gmt":"2022-10-09T14:32:45","slug":"recolleccio-us-fibres-vegetals","status":"publish","type":"page","link":"https:\/\/lafundicio.net\/kerasbuti\/lasuculenta\/recolleccio-us-fibres-vegetals\/","title":{"rendered":"Apr\u00e8n a fer cistells"},"content":{"rendered":"<h5><a href=\"https:\/\/lafundicio.net\/kerasbuti\/wp-content\/uploads\/sites\/7\/2018\/05\/Fibres-vegetals-1.png\"><img loading=\"lazy\" decoding=\"async\" class=\"size-full wp-image-434 aligncenter\" src=\"https:\/\/lafundicio.net\/kerasbuti\/wp-content\/uploads\/sites\/7\/2018\/05\/Fibres-vegetals-1.png\" alt=\"\" width=\"1200\" height=\"499\" srcset=\"https:\/\/lafundicio.net\/kerasbuti\/wp-content\/uploads\/sites\/7\/2018\/05\/Fibres-vegetals-1.png 1200w, https:\/\/lafundicio.net\/kerasbuti\/wp-content\/uploads\/sites\/7\/2018\/05\/Fibres-vegetals-1-800x333.png 800w, https:\/\/lafundicio.net\/kerasbuti\/wp-content\/uploads\/sites\/7\/2018\/05\/Fibres-vegetals-1-768x319.png 768w\" sizes=\"auto, (max-width: 1200px) 100vw, 1200px\" \/><\/a><\/h5>\n<h5 style=\"text-align: center;\"><i><span style=\"font-weight: 400;\">Recol\u00b7lecci\u00f3 i \u00fas de fibres vegetals!<\/span><\/i><\/h5>\n<p><span style=\"font-weight: 400;\">La recol\u00b7lecci\u00f3 i l\u2019\u00fas de fibres vegetals com ara la canya, el v\u00edmet o el margall\u00f3 per a l\u2019elaboraci\u00f3 d\u2019estris i tota mena d\u2019objectes est\u00e0 vinculada a les formes de vida rurals; d\u2019altra banda aquest ha estat un saber artes\u00e0 tradicionalment associat a les comunitats gitanes i que en l\u2019actualitat es troba en risc de desaparici\u00f3. <\/span><\/p>\n<p><span style=\"font-weight: 400;\">Des del Centre de Sabers Gitanos volem explorar la possibilitat d\u2019actualitzar aquesta pr\u00e0ctica, posant en valor les seves qualitats de disseny, funcionals i mediambientals, alhora que explorem les possibilitats de generar formes cooperatives d\u2019economia.<\/span><\/p>\n<h5>&nbsp;<\/h5>\n<h5 style=\"text-align: center;\"><i><span style=\"font-weight: 400;\">Posem al dia els sabers ancestrals!<\/span><\/i><\/h5>\n<h4>&nbsp;<\/h4>\n<h4>CANYES I CABANES<\/h4>\n<p><iframe loading=\"lazy\" title=\"Canyes i cabanes. Transformant patis escolars amb les fibres vegetals\" width=\"1020\" height=\"574\" src=\"https:\/\/www.youtube.com\/embed\/E9s8V8_IJRM?feature=oembed\" frameborder=\"0\" allow=\"accelerometer; autoplay; clipboard-write; encrypted-media; gyroscope; picture-in-picture\" allowfullscreen><\/iframe><\/p>\n<p><a href=\"https:\/\/www.youtube.com\/watch?v=E9s8V8_IJRM\">Canyes i cabanes. Transformant patis escolars amb les fibres vegetals<\/a> from <a href=\"https:\/\/www.youtube.com\/c\/LaFundicio\">LaFundici\u00f3&nbsp;<\/a><\/p>\n<p>Des de <strong>LaFundici\u00f3<\/strong>, en col\u00b7laboraci\u00f3 amb les associacions <strong>Keras Buti<\/strong> i <strong>Lacho Baji Cali<\/strong>, les comunitats educatives de l\u2019<a href=\"https:\/\/agora.xtec.cat\/ceippratdelamanta\/\">escola Prat de la Manta<\/a> i l\u2019I<a href=\"https:\/\/agora.xtec.cat\/iegornal\/\">nstitut Escola Gornal<\/a> i la cooperativa d\u2019arquitectes <a href=\"https:\/\/voltes.coop\/\">Voltes<\/a> hem dut a terme un proc\u00e9s de treball col\u00b7lectiu per la transformaci\u00f3 dels patis escolars amb la construcci\u00f3 d\u2019estructures de joc vegetals que responguin des de la bioconstrucci\u00f3 a les necessitats i anhels dels infants.<br \/>\nAquest proc\u00e9s s\u2019inscriu en la l\u00ednia d\u2019experimentaci\u00f3 amb les fibres vegetals, ampliant la recerca als espais constru\u00efts, com ara els patis escolars. El model de pati escolar m\u00e9s est\u00e9s consisteix, b\u00e0sicament, en una gran pista de ciment. S\u2019ha estudiat abastament, i cau pel seu propi pes, que aquesta configuraci\u00f3 dels espais exteriors a les escoles limita molt\u00edssim les possibilitats i la varietat de jocs que s\u2019hi poden fer, la socialitzaci\u00f3 i l\u2019experimentaci\u00f3 dels infants. Per aix\u00f2 vam decidir posar-nos mans a l\u2019obra i fer servir les fibres vegetals per transformar els patis. Aquesta idea ja ve de lluny, i va comen\u00e7ar a prendre cos a les jornades <a href=\"https:\/\/lafundicio.net\/blog\/2019\/02\/13\/jornades-quin-pati-volem\/\">Quin pati volem?<\/a> que vam organitzar el 2018 a l\u2019Escola Prat de la Manta. Durant els dos darrers cursos hem estant reflexionant a trav\u00e9s de l\u2019acci\u00f3 i la recerca sobre aquesta q\u00fcesti\u00f3: quin pati volem?<\/p>\n<p>Aquesta iniciativa s\u2019insereix en la nostra l\u00ednia de recerca <a href=\"https:\/\/lafundicio.net\/ajugaralacalle\/\">Anti-modulor<\/a> sobre inf\u00e0ncia, joc i ciutat, que enguany s\u2019hi afegeix al projecte europeu <a href=\"https:\/\/lafundicio.net\/ajugaralacalle\/common-places\/\">Common places<\/a>. Aix\u00ed com al projecte <a href=\"https:\/\/lafundicio.net\/blog\/2021\/07\/13\/kilombo-ecosistemas-economicos-y-culturales-para-el-buen-vivir\/\">Kilombo<\/a> al que investiguem i posem en pr\u00e0ctica formes de connectar la ciutat amb el camp.<\/p>\n<p>&nbsp;<\/p>\n<h4>FEM NANSES<\/h4>\n<p>A Mem\u00f2ria Viva fem mem\u00f2ria fent coses. El paisatge de platges verges i barriades de pescadors que dominava la marina del Llobregat, des del Morrot de Montju\u00efc fins el Delta, no nom\u00e9s es pot recordar a trav\u00e9s de les paraules, sin\u00f3 tamb\u00e9 dels gestos, com ara el de fer una nansa.<\/p>\n<p>Per aix\u00f2 els propers 6, 7 i 8 d&#8217;abril organitzem una taller amb l&#8217;artesana M\u00f2nica Guilera per aprendre a fer una cofa, pe\u00e7a que encara es fa servir al palangre per tenir els fils i els hams sense enredar-se. La farem amb malla triangular, un tipus de teixit nuat.<\/p>\n<p>Dates: 6, 7 i 8 d&#8217;abril del 2021<br \/>\nHora: 9.30 a 14 h<br \/>\nLloc: Hort Urb\u00e0 Masia Can Mestres (la Marina)<br \/>\nInscripci\u00f3: GRATU\u00cfTA \/ enviar un correu a hola@lafundicio.net<\/p>\n<p><img loading=\"lazy\" decoding=\"async\" class=\"alignnone  wp-image-1251\" src=\"https:\/\/lafundicio.net\/kerasbuti\/wp-content\/uploads\/sites\/7\/2022\/10\/EySTCkLXIAEN-Y4.jpeg\" alt=\"\" width=\"475\" height=\"721\" srcset=\"https:\/\/lafundicio.net\/kerasbuti\/wp-content\/uploads\/sites\/7\/2022\/10\/EySTCkLXIAEN-Y4.jpeg 1063w, https:\/\/lafundicio.net\/kerasbuti\/wp-content\/uploads\/sites\/7\/2022\/10\/EySTCkLXIAEN-Y4-263x400.jpeg 263w, https:\/\/lafundicio.net\/kerasbuti\/wp-content\/uploads\/sites\/7\/2022\/10\/EySTCkLXIAEN-Y4-527x800.jpeg 527w, https:\/\/lafundicio.net\/kerasbuti\/wp-content\/uploads\/sites\/7\/2022\/10\/EySTCkLXIAEN-Y4-768x1166.jpeg 768w, https:\/\/lafundicio.net\/kerasbuti\/wp-content\/uploads\/sites\/7\/2022\/10\/EySTCkLXIAEN-Y4-1012x1536.jpeg 1012w\" sizes=\"auto, (max-width: 475px) 100vw, 475px\" \/>&nbsp; &nbsp; &nbsp; &nbsp; <img loading=\"lazy\" decoding=\"async\" class=\"alignnone  wp-image-1252\" src=\"https:\/\/lafundicio.net\/kerasbuti\/wp-content\/uploads\/sites\/7\/2022\/10\/EySUMmiXEAM-mDM.jpeg\" alt=\"\" width=\"521\" height=\"721\" srcset=\"https:\/\/lafundicio.net\/kerasbuti\/wp-content\/uploads\/sites\/7\/2022\/10\/EySUMmiXEAM-mDM.jpeg 975w, https:\/\/lafundicio.net\/kerasbuti\/wp-content\/uploads\/sites\/7\/2022\/10\/EySUMmiXEAM-mDM-289x400.jpeg 289w, https:\/\/lafundicio.net\/kerasbuti\/wp-content\/uploads\/sites\/7\/2022\/10\/EySUMmiXEAM-mDM-578x800.jpeg 578w, https:\/\/lafundicio.net\/kerasbuti\/wp-content\/uploads\/sites\/7\/2022\/10\/EySUMmiXEAM-mDM-768x1063.jpeg 768w\" sizes=\"auto, (max-width: 521px) 100vw, 521px\" \/><\/p>\n<p><strong>Imatge 1:<\/strong> L&#8217;artesana M\u00f2nica Guilera ha portat v\u00e0ries peces, entre elles aquesta nansa de jonc conservada per la filla d&#8217;un pescador de l&#8217;Empord\u00e0.&nbsp; &nbsp; &nbsp; &nbsp; &nbsp; <strong>I<\/strong><strong>matge 2:<\/strong> I<span class=\"css-901oao css-16my406 r-poiln3 r-bcqeeo r-qvutc0\">matge d&#8217;arxiu (datada el 1968) on es pot veure, al fons, el Far Del Llobregat anomenado comunment com La Farola.<\/span><\/p>\n","protected":false},"excerpt":{"rendered":"<p>Recol\u00b7lecci\u00f3 i \u00fas de fibres vegetals! La recol\u00b7lecci\u00f3 i l\u2019\u00fas de fibres vegetals com ara la canya, el v\u00edmet o el margall\u00f3 per a l\u2019elaboraci\u00f3 d\u2019estris i tota mena d\u2019objectes est\u00e0 vinculada a les formes de vida rurals; d\u2019altra banda aquest ha estat un saber artes\u00e0 tradicionalment associat a les comunitats gitanes i que en [&#8230;]\n","protected":false},"author":1,"featured_media":434,"parent":327,"menu_order":1,"comment_status":"closed","ping_status":"closed","template":"","meta":{"footnotes":""},"class_list":["post-331","page","type-page","status-publish","has-post-thumbnail","hentry"],"_links":{"self":[{"href":"https:\/\/lafundicio.net\/kerasbuti\/wp-json\/wp\/v2\/pages\/331","targetHints":{"allow":["GET"]}}],"collection":[{"href":"https:\/\/lafundicio.net\/kerasbuti\/wp-json\/wp\/v2\/pages"}],"about":[{"href":"https:\/\/lafundicio.net\/kerasbuti\/wp-json\/wp\/v2\/types\/page"}],"author":[{"embeddable":true,"href":"https:\/\/lafundicio.net\/kerasbuti\/wp-json\/wp\/v2\/users\/1"}],"replies":[{"embeddable":true,"href":"https:\/\/lafundicio.net\/kerasbuti\/wp-json\/wp\/v2\/comments?post=331"}],"version-history":[{"count":11,"href":"https:\/\/lafundicio.net\/kerasbuti\/wp-json\/wp\/v2\/pages\/331\/revisions"}],"predecessor-version":[{"id":1258,"href":"https:\/\/lafundicio.net\/kerasbuti\/wp-json\/wp\/v2\/pages\/331\/revisions\/1258"}],"up":[{"embeddable":true,"href":"https:\/\/lafundicio.net\/kerasbuti\/wp-json\/wp\/v2\/pages\/327"}],"wp:featuredmedia":[{"embeddable":true,"href":"https:\/\/lafundicio.net\/kerasbuti\/wp-json\/wp\/v2\/media\/434"}],"wp:attachment":[{"href":"https:\/\/lafundicio.net\/kerasbuti\/wp-json\/wp\/v2\/media?parent=331"}],"curies":[{"name":"wp","href":"https:\/\/api.w.org\/{rel}","templated":true}]}}