{"id":327,"date":"2018-03-12T09:54:31","date_gmt":"2018-03-12T09:54:31","guid":{"rendered":"http:\/\/lafundicio.net\/kerasbuti\/?page_id=327"},"modified":"2022-11-15T18:39:50","modified_gmt":"2022-11-15T18:39:50","slug":"lasuculenta","status":"publish","type":"page","link":"https:\/\/lafundicio.net\/kerasbuti\/lasuculenta\/","title":{"rendered":"Que \u00e9s La Suculenta?"},"content":{"rendered":"\n<figure class=\"wp-block-image aligncenter\"><img loading=\"lazy\" decoding=\"async\" width=\"1014\" height=\"485\" src=\"https:\/\/lafundicio.net\/kerasbuti\/wp-content\/uploads\/sites\/7\/2022\/09\/POST-1.2-1-2.png\" alt=\"\" class=\"wp-image-1027\" srcset=\"https:\/\/lafundicio.net\/kerasbuti\/wp-content\/uploads\/sites\/7\/2022\/09\/POST-1.2-1-2.png 1014w, https:\/\/lafundicio.net\/kerasbuti\/wp-content\/uploads\/sites\/7\/2022\/09\/POST-1.2-1-2-800x383.png 800w, https:\/\/lafundicio.net\/kerasbuti\/wp-content\/uploads\/sites\/7\/2022\/09\/POST-1.2-1-2-768x367.png 768w\" sizes=\"auto, (max-width: 1014px) 100vw, 1014px\" \/><\/figure>\n\n\n\n<h3 class=\"wp-block-heading\">La Suculenta \u00e9s una cuina i menjador ubicada al Casal C\u00edvic Bellvitge (antic Casal de Gent Gran), on cuinem, creem, compartim i fem comunitat elaborant menus diaris amb productes ecol\u00f2gics, de proximitat i a preus populars. <\/h3>\n\n\n\n<p><span style=\"font-weight: 400;\">La Suculenta neix impulsada per Keras Buti amb la voluntat d\u2019obrir espais culturals comunitaris a partir de pr\u00e0ctiques i espais hist\u00f2ricament feminitzats \u2014com \u00e9s el cas de la cuina\u2014 i construir alhora alternatives econ\u00f2miques en clau ecofeminista i de sobirania aliment\u00e0ria des dels barris populars.<\/span> La Suculenta tamb\u00e9 t\u00e9 per objectiu sumar-se al proc\u00e9s, impulsat per la Generalitat, de transformar els Casals de Gent Gran en Centres C\u00edvics i Comunitaris. Per fer-ho volem aprofitar el potencial socialitzador de les seves cuines i menjadors, reactivant-los amb diverses accions que possibilitin un nou model de menjadors populars i agroecol\u00f2gics, i que siguin alhora espais de relaci\u00f3 i creaci\u00f3 cultural comunit\u00e0ria. \u00a0 <\/p>\n\n\n\n<blockquote class=\"wp-block-quote is-layout-flow wp-block-quote-is-layout-flow\"><p>Ens trobar\u00e0s a l\u2019Avinguda Am\u00e8rica, 61, de Bellvitge (l\u2019Hospitalet) de dilluns a divendres de 9 a 16:30 h. Podr\u00e0s degustar els nostres plats, fer un caf\u00e9 o fins i tot probar els nostres pastissets bon\u00edssims. <\/p><\/blockquote>\n\n\n\n<figure class=\"wp-block-image aligncenter is-resized\"><img loading=\"lazy\" decoding=\"async\" src=\"https:\/\/lafundicio.net\/kerasbuti\/wp-content\/uploads\/sites\/7\/2022\/09\/B159528-1-1.jpg\" alt=\"\" class=\"wp-image-1017\" width=\"1152\" height=\"864\"\/><\/figure>\n","protected":false},"excerpt":{"rendered":"<p>La Suculenta \u00e9s una cuina i menjador ubicada al Casal C\u00edvic Bellvitge (antic Casal de Gent Gran), on cuinem, creem, compartim i fem comunitat elaborant menus diaris amb productes ecol\u00f2gics, de proximitat i a preus populars. La Suculenta neix impulsada per Keras Buti amb la voluntat d\u2019obrir espais culturals comunitaris a partir de pr\u00e0ctiques i [&#8230;]\n","protected":false},"author":1,"featured_media":0,"parent":0,"menu_order":2,"comment_status":"closed","ping_status":"closed","template":"","meta":{"footnotes":""},"class_list":["post-327","page","type-page","status-publish","hentry"],"_links":{"self":[{"href":"https:\/\/lafundicio.net\/kerasbuti\/wp-json\/wp\/v2\/pages\/327","targetHints":{"allow":["GET"]}}],"collection":[{"href":"https:\/\/lafundicio.net\/kerasbuti\/wp-json\/wp\/v2\/pages"}],"about":[{"href":"https:\/\/lafundicio.net\/kerasbuti\/wp-json\/wp\/v2\/types\/page"}],"author":[{"embeddable":true,"href":"https:\/\/lafundicio.net\/kerasbuti\/wp-json\/wp\/v2\/users\/1"}],"replies":[{"embeddable":true,"href":"https:\/\/lafundicio.net\/kerasbuti\/wp-json\/wp\/v2\/comments?post=327"}],"version-history":[{"count":30,"href":"https:\/\/lafundicio.net\/kerasbuti\/wp-json\/wp\/v2\/pages\/327\/revisions"}],"predecessor-version":[{"id":1489,"href":"https:\/\/lafundicio.net\/kerasbuti\/wp-json\/wp\/v2\/pages\/327\/revisions\/1489"}],"wp:attachment":[{"href":"https:\/\/lafundicio.net\/kerasbuti\/wp-json\/wp\/v2\/media?parent=327"}],"curies":[{"name":"wp","href":"https:\/\/api.w.org\/{rel}","templated":true}]}}