{"id":317,"date":"2018-03-12T09:50:04","date_gmt":"2018-03-12T09:50:04","guid":{"rendered":"http:\/\/lafundicio.net\/kerasbuti\/?page_id=317"},"modified":"2022-09-28T09:47:08","modified_gmt":"2022-09-28T09:47:08","slug":"que-es","status":"publish","type":"page","link":"https:\/\/lafundicio.net\/kerasbuti\/que-es\/","title":{"rendered":"Qu\u00e8 \u00e9s l&#8217;escola popular. Centre de sabers"},"content":{"rendered":"<h4><i><span style=\"font-weight: 400;\">Fem coses fet\u00e9n! Uns altres sabers s\u00f3n possibles!<\/span><\/i><\/h4>\n<p><span style=\"font-weight: 400;\">L&#8217;Escola Popular Keras Buti (&#8220;fem coses&#8221; en roman\u00f3) \u00e9s un espai on compartir i construir col\u00b7lectivament coneixement: sabers i fers vinculats a un territori i unes comunitats espec\u00edfiques; sabers i fers que articulen una cosmologia, una manera de sentir i estar en el m\u00f3n. R<\/span><span style=\"font-weight: 400;\">ecuperar i actualitzar sabers i pr\u00e0ctiques tradicionals rom i vincular-les a circuits de producci\u00f3 de valor dintre de l\u2019economia social i solid\u00e0ria.<\/span><\/p>\n<p><span style=\"font-weight: 400;\">El Centre de Sabers Gitanos vol recuperar pr\u00e0ctiques i sabers vinculats al poble gitano sense folcloritzar-les, sin\u00f3 ben al contrari, actualitzar-les de manera que prenguin sentit i siguin \u00fatils a les necessitats materials i simb\u00f2liques del poble gitano en l\u2019actualitat.<\/span><\/p>\n<p><span style=\"font-weight: 400;\">Alhora pretenem impulsar espais transfronterers que possibilitin el reconeixement d\u2019aquests sabers i pr\u00e0ctiques en el context social i institucional dominant. Explorant les maneres en qu\u00e8 el coneixement i la cultura poden articular-se amb formes d&#8217;economia que posin el sosteniment i la reproducci\u00f3 de la vida al centre.<\/span><\/p>\n<p>&nbsp;<\/p>\n<p><span style=\"font-weight: 400;\">L\u2019escola desenvolupa actualment quatre l\u00ednies de treball:<\/span><\/p>\n<ul>\n<li>Apr\u00e8n a conduir<\/li>\n<li>Apr\u00e8n roman\u00f3<\/li>\n<li>Apr\u00e8n a fer cistells<\/li>\n<li>Romano Kidipen<\/li>\n<\/ul>\n<p>&nbsp;<\/p>\n","protected":false},"excerpt":{"rendered":"<p>Fem coses fet\u00e9n! Uns altres sabers s\u00f3n possibles! L&#8217;Escola Popular Keras Buti (&#8220;fem coses&#8221; en roman\u00f3) \u00e9s un espai on compartir i construir col\u00b7lectivament coneixement: sabers i fers vinculats a un territori i unes comunitats espec\u00edfiques; sabers i fers que articulen una cosmologia, una manera de sentir i estar en el m\u00f3n. Recuperar i actualitzar [&#8230;]\n","protected":false},"author":1,"featured_media":0,"parent":0,"menu_order":1,"comment_status":"closed","ping_status":"closed","template":"","meta":{"ngg_post_thumbnail":0,"footnotes":""},"class_list":["post-317","page","type-page","status-publish","hentry"],"_links":{"self":[{"href":"https:\/\/lafundicio.net\/kerasbuti\/wp-json\/wp\/v2\/pages\/317","targetHints":{"allow":["GET"]}}],"collection":[{"href":"https:\/\/lafundicio.net\/kerasbuti\/wp-json\/wp\/v2\/pages"}],"about":[{"href":"https:\/\/lafundicio.net\/kerasbuti\/wp-json\/wp\/v2\/types\/page"}],"author":[{"embeddable":true,"href":"https:\/\/lafundicio.net\/kerasbuti\/wp-json\/wp\/v2\/users\/1"}],"replies":[{"embeddable":true,"href":"https:\/\/lafundicio.net\/kerasbuti\/wp-json\/wp\/v2\/comments?post=317"}],"version-history":[{"count":4,"href":"https:\/\/lafundicio.net\/kerasbuti\/wp-json\/wp\/v2\/pages\/317\/revisions"}],"predecessor-version":[{"id":994,"href":"https:\/\/lafundicio.net\/kerasbuti\/wp-json\/wp\/v2\/pages\/317\/revisions\/994"}],"wp:attachment":[{"href":"https:\/\/lafundicio.net\/kerasbuti\/wp-json\/wp\/v2\/media?parent=317"}],"curies":[{"name":"wp","href":"https:\/\/api.w.org\/{rel}","templated":true}]}}