{"id":1501,"date":"2023-02-16T08:25:54","date_gmt":"2023-02-16T08:25:54","guid":{"rendered":"http:\/\/lafundicio.net\/kerasbuti\/?page_id=1501"},"modified":"2023-02-16T08:45:21","modified_gmt":"2023-02-16T08:45:21","slug":"que-es-i-com-funciona","status":"publish","type":"page","link":"https:\/\/lafundicio.net\/kerasbuti\/que-es-i-com-funciona\/","title":{"rendered":"QU\u00c8 \u00c9S I COM FUNCIONA"},"content":{"rendered":"\n<h4>QU\u00c8 \u00c9S<\/h4>\n<p>Keras Buti \u00e9s una cooperativa de consum per a la distribuci\u00f3 i venda de productes agroecol\u00f2gics i de proximitat (produ\u00efts al Parc Agrari del Baix Llobregat) en el marc de l\u2019Economia Social i Solid\u00e0ria (ESS).<\/p>\n<p>El consum d\u2019aliments agroecol\u00f2gics beneficia el medi ambient, la nostra salut i t\u00e9 cura perqu\u00e8 la producci\u00f3 d\u2019aquests aliments es realitzi en condicions laborals dignes. Reduir quil\u00f2metres de transport, evitar intermediaris, eliminar pesticides, tracte hum\u00e0 amb la pagesia\u2026 vol dir apostar per un altre model de consum; un que posa la vida al centre i el repte \u00e9s el fer-lo accessible a la butxaca de totes sense que precaritzi el treball al camp.<\/p>\n<p>Les verdures de la cooperativa s\u00f3n produ\u00efdes a la finca de Les Cabasses, al Parc Agrari de Sant Boi.<\/p>\n<p>Actualment formem part de la cooperativa m\u00e9s de 60 socis i s\u00f2cies.<\/p>\n<p>&nbsp;<\/p>\n<h4>COM FUNCIONA<\/h4>\n<p>Per formar part, es fa una aportaci\u00f3 inicial com a s\u00f2cia de 10 \u20ac i una quota anual de 25 \u20ac. La cooperativa funciona actualment amb un sistema de cistelles tancades preparades pel productor en funci\u00f3 dels productes de temporada disponibles, que es pot ampliar amb productes addicionals.<\/p>\n<p>Les cistelles es distribueixen quinzenalment a 5 punts de recollida situats a L\u2019Hospitalet (Bellvitge, Sant Josep, Collblanc-Torrassa, La Florida) i Barcelona (la Marina).<\/p>\n<p>&nbsp;<\/p>\n<p><img loading=\"lazy\" decoding=\"async\" class=\"alignnone size-full wp-image-1506\" src=\"https:\/\/lafundicio.net\/kerasbuti\/wp-content\/uploads\/sites\/7\/2023\/02\/IMG-20220221-WA0006.jpg\" alt=\"\" width=\"2000\" height=\"1124\" srcset=\"https:\/\/lafundicio.net\/kerasbuti\/wp-content\/uploads\/sites\/7\/2023\/02\/IMG-20220221-WA0006.jpg 2000w, https:\/\/lafundicio.net\/kerasbuti\/wp-content\/uploads\/sites\/7\/2023\/02\/IMG-20220221-WA0006-712x400.jpg 712w, https:\/\/lafundicio.net\/kerasbuti\/wp-content\/uploads\/sites\/7\/2023\/02\/IMG-20220221-WA0006-1400x787.jpg 1400w, https:\/\/lafundicio.net\/kerasbuti\/wp-content\/uploads\/sites\/7\/2023\/02\/IMG-20220221-WA0006-768x432.jpg 768w, https:\/\/lafundicio.net\/kerasbuti\/wp-content\/uploads\/sites\/7\/2023\/02\/IMG-20220221-WA0006-1536x863.jpg 1536w, https:\/\/lafundicio.net\/kerasbuti\/wp-content\/uploads\/sites\/7\/2023\/02\/IMG-20220221-WA0006-510x287.jpg 510w\" sizes=\"auto, (max-width: 2000px) 100vw, 2000px\" \/><\/p>\n\n\n\n<p><\/p>\n","protected":false},"excerpt":{"rendered":"","protected":false},"author":1,"featured_media":0,"parent":0,"menu_order":0,"comment_status":"closed","ping_status":"closed","template":"","meta":{"ngg_post_thumbnail":0,"footnotes":""},"class_list":["post-1501","page","type-page","status-publish","hentry"],"_links":{"self":[{"href":"https:\/\/lafundicio.net\/kerasbuti\/wp-json\/wp\/v2\/pages\/1501","targetHints":{"allow":["GET"]}}],"collection":[{"href":"https:\/\/lafundicio.net\/kerasbuti\/wp-json\/wp\/v2\/pages"}],"about":[{"href":"https:\/\/lafundicio.net\/kerasbuti\/wp-json\/wp\/v2\/types\/page"}],"author":[{"embeddable":true,"href":"https:\/\/lafundicio.net\/kerasbuti\/wp-json\/wp\/v2\/users\/1"}],"replies":[{"embeddable":true,"href":"https:\/\/lafundicio.net\/kerasbuti\/wp-json\/wp\/v2\/comments?post=1501"}],"version-history":[{"count":2,"href":"https:\/\/lafundicio.net\/kerasbuti\/wp-json\/wp\/v2\/pages\/1501\/revisions"}],"predecessor-version":[{"id":1507,"href":"https:\/\/lafundicio.net\/kerasbuti\/wp-json\/wp\/v2\/pages\/1501\/revisions\/1507"}],"wp:attachment":[{"href":"https:\/\/lafundicio.net\/kerasbuti\/wp-json\/wp\/v2\/media?parent=1501"}],"curies":[{"name":"wp","href":"https:\/\/api.w.org\/{rel}","templated":true}]}}