{"id":1218,"date":"2022-10-09T11:25:21","date_gmt":"2022-10-09T11:25:21","guid":{"rendered":"http:\/\/lafundicio.net\/kerasbuti\/?page_id=1218"},"modified":"2022-11-10T17:49:27","modified_gmt":"2022-11-10T17:49:27","slug":"arxiu-biodinamic","status":"publish","type":"page","link":"https:\/\/lafundicio.net\/kerasbuti\/arxiu-biodinamic\/","title":{"rendered":"Arxiu biodin\u00e0mic de Montju\u00efc"},"content":{"rendered":"\n<figure class=\"wp-block-image aligncenter\"><img loading=\"lazy\" decoding=\"async\" width=\"1077\" height=\"479\" src=\"https:\/\/lafundicio.net\/kerasbuti\/wp-content\/uploads\/sites\/7\/2022\/10\/FSZHKvgXMAEH7bw-2.jpeg\" alt=\"\" class=\"wp-image-1242\" srcset=\"https:\/\/lafundicio.net\/kerasbuti\/wp-content\/uploads\/sites\/7\/2022\/10\/FSZHKvgXMAEH7bw-2.jpeg 1077w, https:\/\/lafundicio.net\/kerasbuti\/wp-content\/uploads\/sites\/7\/2022\/10\/FSZHKvgXMAEH7bw-2-800x356.jpeg 800w, https:\/\/lafundicio.net\/kerasbuti\/wp-content\/uploads\/sites\/7\/2022\/10\/FSZHKvgXMAEH7bw-2-768x342.jpeg 768w\" sizes=\"auto, (max-width: 1077px) 100vw, 1077px\" \/><\/figure>\n\n\n\n<p>El barri de la Marina es troba en un enclavament privilegiat de la ciutat, <strong>gaudeix de l&#8217;espai natural de la muntanya de Montju\u00efc<\/strong> integrat dins el paisatge urb\u00e0. Tot i aix\u00ed, sovint es contempla com a espai marginal i, apartat de l&#8217;activitat quotidiana, es percep de manera negativa pel ve\u00efnat, com a zona degradada a evitar. <\/p>\n\n\n\n<p>L\u2019Arxiu Biodin\u00e0mic de Montju\u00efc <strong>vol transformar<\/strong> aquesta visi\u00f3 marginal creant un espai de trobada ve\u00efnal, <strong>creant teixits comunitaris dedicats a la preservaci\u00f3 de la flora i fauna local, a la restituci\u00f3 de la mem\u00f2ria tradicional de l&#8217;\u00fas de les plantes medicinals i a l&#8217;aprofitament d&#8217;alguns espais integrant l&#8217;agricultura ecol\u00f2gica <\/strong>en simbiosi amb el creixement de les herbes locals. <\/p>\n\n\n\n<p>L\u2019arxiu biodin\u00e0mic de les plantes medicinals i cosm\u00e8tiques de Montju\u00efc \u00e9s un espai on s&#8217;emmagatzemen mostres de plantes elaborades pels ve\u00efns seguint processos tradicionals de recol\u00b7lecci\u00f3, rentat, assecat i envasat a granel en pots de vidre etiquetats amb el seu nom cient\u00edfic i tradicional. Es conserven en prestatges a l\u2019espai f\u00edsic de Keras Buti constituint un referent d\u2019\u00fas continuat per tots els tallers realitzats al voltant de les plantes. Planteja com objectiu principal <strong>generar espais din\u00e0mics connectats amb la comunitat<\/strong> al voltant dels coneixements populars sobre els usos etnobot\u00e0nics de les plantes de manera pr\u00e0ctica i utilit\u00e0ria. <\/p>\n\n\n\n<p>El desenvolupament de la vida quotidiana en els ambients de cultures populars genera un dinamisme casual i espontani obert a l\u2019experimentaci\u00f3, possibilitant connexions intergeneracionals entre passat i present, adequant el coneixement tradicional a les nostres necessitats actuals. Les activitats que envolten l\u2019\u00e0mbit de les plantes de Montju\u00efc s\u2019enfoquen a estimular el rescat del coneixement mitjan\u00e7ant l\u2019oralitat, constituint un llegat important de la hist\u00f2ria oral de La Marina. Els sabers rescatats de la mem\u00f2ria individual tornen a posicionar-se al present per reactivant-se dins el coneixement col\u00b7lectiu sota una categoria \u00fatil i profitosa dins els processos biodin\u00e0mics de les comunitats ve\u00efnals de la Marina. <\/p>\n\n\n\n<div class=\"wp-block-columns is-layout-flex wp-container-core-columns-is-layout-9d6595d7 wp-block-columns-is-layout-flex\">\n<div class=\"wp-block-column is-layout-flow wp-block-column-is-layout-flow\" style=\"flex-basis:100%\">\n<figure class=\"wp-block-gallery has-nested-images columns-default is-cropped wp-block-gallery-1 is-layout-flex wp-block-gallery-is-layout-flex\">\n<figure class=\"wp-block-image size-large\"><img loading=\"lazy\" decoding=\"async\" width=\"1173\" height=\"1201\" data-id=\"1228\" src=\"https:\/\/lafundicio.net\/kerasbuti\/wp-content\/uploads\/sites\/7\/2022\/10\/WhatsApp-Image-2022-10-08-at-19.34.14-1.jpeg\" alt=\"\" class=\"wp-image-1228\" srcset=\"https:\/\/lafundicio.net\/kerasbuti\/wp-content\/uploads\/sites\/7\/2022\/10\/WhatsApp-Image-2022-10-08-at-19.34.14-1.jpeg 1173w, https:\/\/lafundicio.net\/kerasbuti\/wp-content\/uploads\/sites\/7\/2022\/10\/WhatsApp-Image-2022-10-08-at-19.34.14-1-391x400.jpeg 391w, https:\/\/lafundicio.net\/kerasbuti\/wp-content\/uploads\/sites\/7\/2022\/10\/WhatsApp-Image-2022-10-08-at-19.34.14-1-781x800.jpeg 781w, https:\/\/lafundicio.net\/kerasbuti\/wp-content\/uploads\/sites\/7\/2022\/10\/WhatsApp-Image-2022-10-08-at-19.34.14-1-768x786.jpeg 768w\" sizes=\"auto, (max-width: 1173px) 100vw, 1173px\" \/><\/figure>\n\n\n\n<figure class=\"wp-block-image size-large\"><img loading=\"lazy\" decoding=\"async\" width=\"1537\" height=\"2048\" data-id=\"1223\" src=\"https:\/\/lafundicio.net\/kerasbuti\/wp-content\/uploads\/sites\/7\/2022\/10\/WhatsApp-Image-2022-10-08-at-20.15.11.jpeg\" alt=\"\" class=\"wp-image-1223\" srcset=\"https:\/\/lafundicio.net\/kerasbuti\/wp-content\/uploads\/sites\/7\/2022\/10\/WhatsApp-Image-2022-10-08-at-20.15.11.jpeg 1537w, https:\/\/lafundicio.net\/kerasbuti\/wp-content\/uploads\/sites\/7\/2022\/10\/WhatsApp-Image-2022-10-08-at-20.15.11-300x400.jpeg 300w, https:\/\/lafundicio.net\/kerasbuti\/wp-content\/uploads\/sites\/7\/2022\/10\/WhatsApp-Image-2022-10-08-at-20.15.11-600x800.jpeg 600w, https:\/\/lafundicio.net\/kerasbuti\/wp-content\/uploads\/sites\/7\/2022\/10\/WhatsApp-Image-2022-10-08-at-20.15.11-768x1023.jpeg 768w, https:\/\/lafundicio.net\/kerasbuti\/wp-content\/uploads\/sites\/7\/2022\/10\/WhatsApp-Image-2022-10-08-at-20.15.11-1153x1536.jpeg 1153w\" sizes=\"auto, (max-width: 1537px) 100vw, 1537px\" \/><\/figure>\n<\/figure>\n<\/div>\n<\/div>\n\n\n\n<p>El projecte tamb\u00e9 contempla la creaci\u00f3 de <strong>petites parcel\u00b7les cultivables<\/strong> seguint els principis d&#8217;una <strong>agricultura ecol\u00f2gica i integrativa amb la bot\u00e0nica i el paisatge local<\/strong>. Constitueixen eixos vertebradors de xarxes ve\u00efnals alhora que esdevenen espais d\u2019aprenentatge de cultius integrant el creixement de plantes medicinals que neixen de manera espont\u00e0nia. Paral\u00b7lelament es convoquen sortides de reconeixement de les plantes remeieres de Montju\u00efc vetllant per la seva conservaci\u00f3, collint les plantes necess\u00e0ries de manera sostenible. Aquesta proposta vol donar continu\u00eftat a les activitats de reconeixement, utilitat etnobot\u00e0nica i conservaci\u00f3 de les plantes aut\u00f2ctones organitzades pel Centre d&#8217;Estudis de Montju\u00efc i el Centre C\u00edvic Casa del Rellotge des de fa m\u00e9s de quatre d\u00e8cades, amb una important acollida ve\u00efnal. <\/p>\n\n\n\n<p>Aquestes activitats s\u2019ofereixen tamb\u00e9 a les escoles de prim\u00e0ria i secund\u00e0ria del barri, actualment formen part del programa educatiu de l\u2019escola de Can Clos. La seva proximitat amb la muntanya possibilita articular un vincle entre alumnes i l\u2019espai natural, organitzant jornades docents tant a dins de l\u2019aula com a la muntanya. \u00a0 \u00a0 \u00a0 \u00a0 <\/p>\n","protected":false},"excerpt":{"rendered":"<p>El barri de la Marina es troba en un enclavament privilegiat de la ciutat, gaudeix de l&#8217;espai natural de la muntanya de Montju\u00efc integrat dins el paisatge urb\u00e0. Tot i aix\u00ed, sovint es contempla com a espai marginal i, apartat de l&#8217;activitat quotidiana, es percep de manera negativa pel ve\u00efnat, com a zona degradada a [&#8230;]\n","protected":false},"author":1,"featured_media":0,"parent":0,"menu_order":0,"comment_status":"closed","ping_status":"closed","template":"","meta":{"ngg_post_thumbnail":0,"footnotes":""},"class_list":["post-1218","page","type-page","status-publish","hentry"],"_links":{"self":[{"href":"https:\/\/lafundicio.net\/kerasbuti\/wp-json\/wp\/v2\/pages\/1218","targetHints":{"allow":["GET"]}}],"collection":[{"href":"https:\/\/lafundicio.net\/kerasbuti\/wp-json\/wp\/v2\/pages"}],"about":[{"href":"https:\/\/lafundicio.net\/kerasbuti\/wp-json\/wp\/v2\/types\/page"}],"author":[{"embeddable":true,"href":"https:\/\/lafundicio.net\/kerasbuti\/wp-json\/wp\/v2\/users\/1"}],"replies":[{"embeddable":true,"href":"https:\/\/lafundicio.net\/kerasbuti\/wp-json\/wp\/v2\/comments?post=1218"}],"version-history":[{"count":17,"href":"https:\/\/lafundicio.net\/kerasbuti\/wp-json\/wp\/v2\/pages\/1218\/revisions"}],"predecessor-version":[{"id":1441,"href":"https:\/\/lafundicio.net\/kerasbuti\/wp-json\/wp\/v2\/pages\/1218\/revisions\/1441"}],"wp:attachment":[{"href":"https:\/\/lafundicio.net\/kerasbuti\/wp-json\/wp\/v2\/media?parent=1218"}],"curies":[{"name":"wp","href":"https:\/\/api.w.org\/{rel}","templated":true}]}}