{"id":1126,"date":"2022-09-30T14:18:45","date_gmt":"2022-09-30T14:18:45","guid":{"rendered":"http:\/\/lafundicio.net\/kerasbuti\/?page_id=1126"},"modified":"2025-03-06T14:20:01","modified_gmt":"2025-03-06T14:20:01","slug":"com-ens-organitzem","status":"publish","type":"page","link":"https:\/\/lafundicio.net\/kerasbuti\/com-ens-organitzem\/","title":{"rendered":"Com ens organitzem"},"content":{"rendered":"\n<h3 class=\"wp-block-heading\">NODES<\/h3>\n\n\n\n<p>\nA la cooperativa Keras&nbsp;<span class=\"hiddenSpellError\">Buti<\/span> tenim com espai de decisi\u00f3 les assemblees de s\u00f2cies. Durant l&#8217;any s&#8217;efectuen com a m\u00ednim una assemblea ordin\u00e0ria i dues extraordin\u00e0ries, tot i que aquesta xifra pot augmentar depenent de les demandes i de la situaci\u00f3 de l&#8217;entitat. A nivell log\u00edstic, ens organitzem per nodes repartits entre la ciutat d&#8217;Hospitalet i Barcelona que, actualment s\u00f3n:\n<\/p>\n\n\n\n<h4 class=\"wp-block-heading\">L&#8217;Hospitalet<\/h4>\n\n\n\n<p>\u2013\u00a0<strong>Bellvitge<\/strong>, Espai de LaFundici\u00f3, c\/ Prado,11<br>\u2013\u00a0<strong>Torrassa<\/strong>, La Pla\u00e7a Natural, a c\/ Moss\u00e8n Jaume Busquets, 4<br>\u2013\u00a0<strong>La Florida<\/strong>, Espai Pomezia, c\/ Pins,10<\/p>\n\n\n\n<h4 class=\"wp-block-heading\">Barcelona<\/h4>\n\n\n\n<p>\u2013\u00a0<strong>La Marina del Prat Vermell<\/strong>, Keras Buti Botiga, c\/ Ulldecona, 24<\/p>\n\n\n\n<figure class=\"wp-block-image aligncenter size-large is-resized\"><img loading=\"lazy\" decoding=\"async\" width=\"566\" height=\"800\" src=\"https:\/\/lafundicio.net\/kerasbuti\/wp-content\/uploads\/sites\/7\/2022\/11\/Infografia-Keras-Buti-1-566x800.jpg\" alt=\"\" class=\"wp-image-1430\" style=\"width:566px;height:800px\" srcset=\"https:\/\/lafundicio.net\/kerasbuti\/wp-content\/uploads\/sites\/7\/2022\/11\/Infografia-Keras-Buti-1-566x800.jpg 566w, https:\/\/lafundicio.net\/kerasbuti\/wp-content\/uploads\/sites\/7\/2022\/11\/Infografia-Keras-Buti-1-283x400.jpg 283w, https:\/\/lafundicio.net\/kerasbuti\/wp-content\/uploads\/sites\/7\/2022\/11\/Infografia-Keras-Buti-1-768x1086.jpg 768w, https:\/\/lafundicio.net\/kerasbuti\/wp-content\/uploads\/sites\/7\/2022\/11\/Infografia-Keras-Buti-1-510x721.jpg 510w, https:\/\/lafundicio.net\/kerasbuti\/wp-content\/uploads\/sites\/7\/2022\/11\/Infografia-Keras-Buti-1.jpg 1080w\" sizes=\"auto, (max-width: 566px) 100vw, 566px\" \/><\/figure>\n\n\n\n<h4 class=\"wp-block-heading\">GRUPS DE TREBALL<\/h4>\n\n\n\n<p>\nA nivell organitzatiu actualment estem conformant les seg\u00fcents comissions de treball:\n<\/p>\n\n\n\n<ul class=\"wp-block-list\">\n<li>Comunicaci\u00f3<\/li>\n\n\n\n<li>Activitats i Cures del camp<\/li>\n\n\n\n<li>Governan\u00e7a, economia i subvencions<\/li>\n<\/ul>\n\n\n\n<p><\/p>\n","protected":false},"excerpt":{"rendered":"<p>NODES A la cooperativa Keras&nbsp;Buti tenim com espai de decisi\u00f3 les assemblees de s\u00f2cies. Durant l&#8217;any s&#8217;efectuen com a m\u00ednim una assemblea ordin\u00e0ria i dues extraordin\u00e0ries, tot i que aquesta xifra pot augmentar depenent de les demandes i de la situaci\u00f3 de l&#8217;entitat. A nivell log\u00edstic, ens organitzem per nodes repartits entre la ciutat d&#8217;Hospitalet [&#8230;]\n","protected":false},"author":1,"featured_media":0,"parent":0,"menu_order":0,"comment_status":"closed","ping_status":"closed","template":"","meta":{"footnotes":""},"class_list":["post-1126","page","type-page","status-publish","hentry"],"_links":{"self":[{"href":"https:\/\/lafundicio.net\/kerasbuti\/wp-json\/wp\/v2\/pages\/1126","targetHints":{"allow":["GET"]}}],"collection":[{"href":"https:\/\/lafundicio.net\/kerasbuti\/wp-json\/wp\/v2\/pages"}],"about":[{"href":"https:\/\/lafundicio.net\/kerasbuti\/wp-json\/wp\/v2\/types\/page"}],"author":[{"embeddable":true,"href":"https:\/\/lafundicio.net\/kerasbuti\/wp-json\/wp\/v2\/users\/1"}],"replies":[{"embeddable":true,"href":"https:\/\/lafundicio.net\/kerasbuti\/wp-json\/wp\/v2\/comments?post=1126"}],"version-history":[{"count":21,"href":"https:\/\/lafundicio.net\/kerasbuti\/wp-json\/wp\/v2\/pages\/1126\/revisions"}],"predecessor-version":[{"id":1719,"href":"https:\/\/lafundicio.net\/kerasbuti\/wp-json\/wp\/v2\/pages\/1126\/revisions\/1719"}],"wp:attachment":[{"href":"https:\/\/lafundicio.net\/kerasbuti\/wp-json\/wp\/v2\/media?parent=1126"}],"curies":[{"name":"wp","href":"https:\/\/api.w.org\/{rel}","templated":true}]}}