{"id":6262,"date":"2026-01-09T17:06:23","date_gmt":"2026-01-09T17:06:23","guid":{"rendered":"https:\/\/lafundicio.net\/financiacion-los-numeros\/"},"modified":"2026-01-09T17:26:55","modified_gmt":"2026-01-09T17:26:55","slug":"financiacion-los-numeros","status":"publish","type":"page","link":"https:\/\/lafundicio.net\/en\/financiacion-los-numeros\/","title":{"rendered":"Financiaci\u00f3n (los n\u00fameros)"},"content":{"rendered":"\n<h1 class=\"wp-block-heading has-text-align-center\">Financiaci\u00f3n<\/h1>\n\n<h1 class=\"wp-block-heading has-text-align-center\">(los n\u00fameros)<\/h1>\n\n<div style=\"height:50px\" aria-hidden=\"true\" class=\"wp-block-spacer\"><\/div>\n\n<h3 class=\"wp-block-heading\"><strong>\u00d3rgano responsable de la entidad en materia de contrataci\u00f3n, tel\u00e9fono y direcciones postal y electr\u00f3nica<\/strong><\/h3>\n\n<p>Consejo Rector<\/p>\n\n<p>654465108<\/p>\n\n<p>Carrer Prat, 11, L\u2019Hospitalet de Llobregat<\/p>\n\n<p>hola@lafundicio.net<\/p>\n\n<div style=\"height:50px\" aria-hidden=\"true\" class=\"wp-block-spacer\"><\/div>\n\n<h3 class=\"wp-block-heading\">Relaci\u00f3n de los contratos suscritos en los \u00faltimos cinco a\u00f1os con las administraciones p\u00fablicas<\/h3>\n\n<figure class=\"wp-block-table is-style-regular\"><table class=\"has-fixed-layout\"><thead><tr><th>Administraci\u00f3n<\/th><th>Objeto<\/th><th>Procedimiento<\/th><th>Importe<\/th><th>Duraci\u00f3n<\/th><\/tr><\/thead><tbody><tr><td>Ayuntamiento de Barcelona<\/td><td>Dinamizaci\u00f3n del proyecto Mem\u00f2ria Viva, Xarxa de Comunitats de Mem\u00f2ria del programa Cultura Viva del ICUB<\/td><td>Licitaci\u00f3n<\/td><td>77.541,70 \u20ac<\/td><td>2021\/2022<\/td><\/tr><tr><td>Ayuntamiento de Barcelona<\/td><td>Desarrollo del Programa de Cultura y Territorio en la Fabra i Coats-F\u00e1brica de Creaci\u00f3n<\/td><td>Licitaci\u00f3n<\/td><td>17.859,60 \u20ac<\/td><td>2021\/2022<\/td><\/tr><tr><td>Ayuntamiento de Barcelona<\/td><td>Dinamizaci\u00f3n del proyecto Mem\u00f2ria Viva, Xarxa de Comunitats de Mem\u00f2ria del programa Cultura Viva del ICUB<\/td><td>Licitaci\u00f3n<\/td><td>77.541,70 \u20ac<\/td><td>2022\/2023<\/td><\/tr><tr><td>Ayuntamiento de Barcelona<\/td><td>Desarrollo del Programa de Cultura y Territorio en la Fabra i Coats-F\u00e1brica de Creaci\u00f3n<\/td><td>Licitaci\u00f3n<\/td><td>39.083,00 \u20ac<\/td><td>2022\/2023<\/td><\/tr><tr><td>Foment de Ciutat<\/td><td>Dise\u00f1o e implementaci\u00f3n de un proyecto art\u00edstico-cultural de memoria colectiva en el barrio de Trinitat Nova<\/td><td>Contrato menor<\/td><td>11.083,60 \u20ac<\/td><td>2023<\/td><\/tr><tr><td>Ayuntamiento de Barcelona<\/td><td>Dinamizaci\u00f3n del proyecto Mem\u00f2ria Viva, Xarxa de Comunitats de Mem\u00f2ria del programa Cultura Viva del ICUB<\/td><td>Licitaci\u00f3n<\/td><td>76.533,68 \u20ac<\/td><td>2023\/2024<\/td><\/tr><tr><td>Ayuntamiento de Barcelona<\/td><td>Desarrollo del Programa de Cultura y Territorio en la Fabra i Coats-F\u00e1brica de Creaci\u00f3n<\/td><td>Pr\u00f3rroga<\/td><td>39.083,00 \u20ac<\/td><td>2023\/2024<\/td><\/tr><tr><td>Ayuntamiento de Barcelona<\/td><td>Servicio de dinamizaci\u00f3n del proyecto Mem\u00f2ria Viva, Xarxa de Comunitats de Mem\u00f2ria del programa Cultura Viva del ICUB<\/td><td>Pr\u00f3rroga<\/td><td>49.226,60 \u20ac<\/td><td>2024\/2025<\/td><\/tr><tr><td><a>Diputaci\u00f3n de Barcelona<\/a><\/td><td>Dise\u00f1o, planificaci\u00f3n, producci\u00f3n e implementaci\u00f3n de un programa de actividades de dos jornadas en el Pati Manning en el marco del Laboratorio Culturopolis 2025<\/td><td>Servicio<\/td><td>4.235,00 \u20ac<\/td><td>2025<\/td><\/tr><tr><td>Diputaci\u00f3n de Barcelona<\/td><td>Participaci\u00f3n en el Grupo Llavor para la elaboraci\u00f3n de la Declaraci\u00f3n de Barcelona<\/td><td>Servicio<\/td><td>6.037,90 \u20ac<\/td><td>2025<\/td><\/tr><\/tbody><\/table><\/figure>\n\n<div style=\"height:50px\" aria-hidden=\"true\" class=\"wp-block-spacer\"><\/div>\n\n<h3 class=\"wp-block-heading\">Relaci\u00f3n de los convenios suscritos con las administraciones p\u00fablicas en los \u00faltimos cinco a\u00f1os<\/h3>\n\n<p>No se han firmado convenios en los \u00faltimos 5 a\u00f1os.<\/p>\n\n<div style=\"height:50px\" aria-hidden=\"true\" class=\"wp-block-spacer\"><\/div>\n\n<h3 class=\"wp-block-heading\"><strong>Relaci\u00f3n de las subvenciones y las ayudas p\u00fablicas recibidas de las administraciones p\u00fablicas en los \u00faltimos cinco a\u00f1os<\/strong><\/h3>\n\n<figure class=\"wp-block-table\"><table class=\"has-fixed-layout\"><thead><tr><th>Administraci\u00f3n<\/th><th>Subvenci\u00f3n<\/th><th>Importe<\/th><th>Objeto<\/th><th>A\u00f1o<\/th><\/tr><\/thead><tbody><tr><td>European Comission<\/td><td>Creative Europe. European cooperation projects <\/td><td>87.000,00 \u20ac<\/td><td>Common places<\/td><td>2020\/2022<\/td><\/tr><tr><td>Generalitat de Catalunya (Empresa i treball)<\/td><td>Xarxa d&#8217;ateneus cooperatius  <\/td><td>87.655,87 \u20ac<\/td><td>La Col\u00b7lectiva &#8211; Ateneu Cooperatiu de l\u2019Hospitalet<\/td><td>2020\/2021<\/td><\/tr><tr><td>Generalitat de Catalunya (Empresa i treball)<\/td><td>IRPF<\/td><td>20.516,14 \u20ac<\/td><td>Con la comida no se juega<\/td><td>2021<\/td><\/tr><tr><td>Generalitat de Catalunya (SOC)<\/td><td>ACOL<\/td><td>38.713,52 \u20ac<\/td><td>Inclusi\u00f3n laboral de personas migrantes<\/td><td>2021\/2022<\/td><\/tr><tr><td>Generalitat de Catalunya (SOC)<\/td><td>Garant\u00eda Juvenil<\/td><td>8.900,00 \u20ac<\/td><td>Ayudas a la contrataci\u00f3n de personas j\u00f3venes<\/td><td>2021\/2022<\/td><\/tr><tr><td>Generalitat de Catalunya (OSIC)<\/td><td>Proyectos art\u00edsticos de car\u00e1cter profesional en el \u00e1mbito de las artes visuales<\/td><td>30.587,00 \u20ac<\/td><td>Habitar como pr\u00e1ctica art\u00edstica contempor\u00e1nea<\/td><td>2021<\/td><\/tr><tr><td>Ayuntamiento de L\u2019Hospitalet<\/td><td>Cultura<\/td><td>10.000,00 \u20ac<\/td><td>Prado 11<\/td><td>2021<\/td><\/tr><tr><td>Generalitat de Catalunya (ICEC)<\/td><td>Actividades de desarrollo de p\u00fablicos para la cultura<\/td><td>10.091,52 \u20ac<\/td><td>Des dels blocs<\/td><td>2021<\/td><\/tr><tr><td>Generalitat de Catalunya (Empresa i treball)<\/td><td>Projectes singulars de promoci\u00f3 de l\u2019ESS<\/td><td>26.847,09 \u20ac<\/td><td>Kilombo<\/td><td>2021\/2022<\/td><\/tr><tr><td>Generalitat de Catalunya (SOC)<\/td><td>ACOL<\/td><td>54.975,00 \u20ac<\/td><td>Inclusi\u00f3n laboral de personas migrantes<\/td><td>2022\/2023<\/td><\/tr><tr><td>Generalitat de Catalunya (Empresa i treball)<\/td><td>Xarxa d&#8217;ateneus cooperatius  <\/td><td>270.210,00 \u20ac<\/td><td>La Col\u00b7lectiva &#8211; Ateneu Cooperatiu de l\u2019Hospitalet<\/td><td>2022\/2024<\/td><\/tr><tr><td>Ayuntamiento de Barcelona<\/td><td>Impulsem el que fas<\/td><td>10.000,00 \u20ac<\/td><td>Dinamizaci\u00f3n de locales vac\u00edos en planta baja<\/td><td>2022<\/td><\/tr><tr><td>Generalitat de Catalunya (OSIC)<\/td><td>Proyectos art\u00edsticos de car\u00e1cter profesional en el \u00e1mbito de las artes visuales<\/td><td>39.002,00 \u20ac<\/td><td>Habitar como pr\u00e1ctica art\u00edstica contempor\u00e1nea<\/td><td>2022<\/td><\/tr><tr><td>Generalitat de Catalunya (Empresa i treball)<\/td><td>IRPF<\/td><td>14.400,00 \u20ac<\/td><td>La jamancia. Con la comida no se juega <\/td><td>2022<\/td><\/tr><tr><td>Generalitat de Catalunya (ICEC)<\/td><td>Actividades de desarrollo de p\u00fablicos para la cultura<\/td><td>18.945,86 \u20ac<\/td><td>Des dels blocs<\/td><td>2022<\/td><\/tr><tr><td>Generalitat de Catalunya (SOC)<\/td><td>Ayudas a la contrataci\u00f3n<\/td><td>35.369,04 \u20ac<\/td><td>Contrataci\u00f3n<\/td><td>2022\/2023<\/td><\/tr><tr><td>Generalitat de Catalunya (Empresa i treball)<\/td><td>Projectes singulars de promoci\u00f3 de l\u2019ESS<\/td><td>60.000,00 \u20ac<\/td><td>El conuco de Les Cabasses<\/td><td>2022\/2023<\/td><\/tr><tr><td>Generalitat de Catalunya (OSIC)<\/td><td>Cultura comunitaria y transformaci\u00f3n social<\/td><td>9.612,00 \u20ac<\/td><td>Ultramarina<\/td><td>2022\/2023<\/td><\/tr><tr><td>Ayuntamiento de L\u2019Hospitalet<\/td><td>Cultura<\/td><td>6.000,00 \u20ac<\/td><td>Prat 11<\/td><td>2022<\/td><\/tr><tr><td>Ayuntamiento de L\u2019Hospitalet<\/td><td>Cultura<\/td><td>3.975,00 \u20ac<\/td><td>Prat 11<\/td><td>2022<\/td><\/tr><tr><td>Generalitat de Catalunya (SOC)<\/td><td>30Plus<\/td><td>6.981,69 \u20ac<\/td><td>Ayudas a la contrataci\u00f3n<\/td><td>2023<\/td><\/tr><tr><td>Generalitat de Catalunya (SOC)<\/td><td>ACOL<\/td><td>44.621,27 \u20ac<\/td><td>Ayudas a la contrataci\u00f3n<\/td><td>2023\/2024<\/td><\/tr><tr><td>Generalitat de Catalunya (Empresa i treball)<\/td><td>IRPF<\/td><td>12.425,58 \u20ac<\/td><td>La jamancia. Con la comida no se juega 2023 <\/td><td>2023<\/td><\/tr><tr><td>Generalitat de Catalunya (OSIC)<\/td><td>Proyectos art\u00edsticos de car\u00e1cter profesional en el \u00e1mbito de las artes visuales<\/td><td>39.666,00 \u20ac<\/td><td>Habitar como pr\u00e1ctica art\u00edstica contempor\u00e1nea<\/td><td>2023<\/td><\/tr><tr><td>Diputaci\u00f3n de Barcelona<\/td><td>Recuperaci\u00f3n de campos en el \u00e1mbito del Parc Agrari<\/td><td>3.292,31 \u20ac<\/td><td>Les Cabasses<\/td><td>2023<\/td><\/tr><tr><td>Generalitat de Catalunya (ICEC)<\/td><td>Actividades de desarrollo de p\u00fablicos para la cultura<\/td><td>16.305,93 \u20ac<\/td><td>Des dels blocs<\/td><td>2023<\/td><\/tr><tr><td>Generalitat de Catalunya (Empresa i treball)<\/td><td>Projectes singulars de promoci\u00f3 de l\u2019ESS<\/td><td>68.500,00 \u20ac<\/td><td>Les Juntes<\/td><td>2023\/2024<\/td><\/tr><tr><td>Ayuntamiento de L\u2019Hospitalet<\/td><td>Cultura<\/td><td>6.000,00 \u20ac<\/td><td>Prat 11<\/td><td>2023<\/td><\/tr><tr><td>Generalitat de Catalunya (Empresa i treball)<\/td><td>IRPF<\/td><td>11.438,00 \u20ac<\/td><td>Acciones de inserci\u00f3n sociolaboral y educativa dirigidas a la poblaci\u00f3n gitana<\/td><td>2024<\/td><\/tr><tr><td>Generalitat de Catalunya (Empresa i treball)<\/td><td>Projectes singulars de promoci\u00f3 de l\u2019ESS<\/td><td>18.100,00 \u20ac<\/td><td>Les Juntes<\/td><td>2024\/2025<\/td><\/tr><tr><td>Generalitat de Catalunya (OSIC)<\/td><td>Cultura comunitaria y transformaci\u00f3n social<\/td><td>11.742,00 \u20ac<\/td><td>Ultramarina 2<\/td><td>2024\/2025<\/td><\/tr><tr><td>Generalitat de Catalunya (OSIC)<\/td><td>Proyectos art\u00edsticos de car\u00e1cter profesional en el \u00e1mbito de las artes visuales<\/td><td>33.144,00 \u20ac<\/td><td>Habitar como pr\u00e1ctica art\u00edstica contempor\u00e1nea<\/td><td>2024<\/td><\/tr><tr><td>Ayuntamiento de L\u2019Hospitalet<\/td><td>Cultura<\/td><td>7.500,00 \u20ac<\/td><td>Prat 11<\/td><td>2024<\/td><\/tr><tr><td>Generalitat de Catalunya (ICEC)<\/td><td>Actividades de desarrollo de p\u00fablicos para la cultura<\/td><td>21.072,00 \u20ac<\/td><td>Des dels blocs<\/td><td>2024\/2025<\/td><\/tr><tr><td>Generalitat de Catalunya (Empresa i treball)<\/td><td>Xarxa d&#8217;ateneus cooperatius  <\/td><td>247.500,00 \u20ac<\/td><td>La Col\u00b7lectiva &#8211; Ateneu Cooperatiu de l\u2019Hospitalet<\/td><td>2024\/2027<\/td><\/tr><tr><td>Generalitat de Catalunya (Empresa i treball)<\/td><td>Projectes singulars de promoci\u00f3 de l\u2019ESS<\/td><td>14.800,00 \u20ac<\/td><td>\u00a0<\/td><td>2024\/2025<\/td><\/tr><tr><td>Generalitat de Catalunya (OSIC)<\/td><td>Proyectos art\u00edsticos de car\u00e1cter profesional en el \u00e1mbito de las artes visuales<\/td><td>26.291,00 \u20ac<\/td><td>Habitar como pr\u00e1ctica art\u00edstica contempor\u00e1nea<\/td><td>2025<\/td><\/tr><tr><td>Diputaci\u00f3n de Barcelona<\/td><td>CoCrea BiblioLab<\/td><td>10.000,00 \u20ac<\/td><td>Laboratorio editorial Des de la Florida<\/td><td>2025\/2026<\/td><\/tr><tr><td>Generalitat de Catalunya (Drets socials i inclusi\u00f3)<\/td><td>Convocatoria de subvenciones a entidades del \u00e1mbito de pol\u00edticas sociales<\/td><td>13.680,00 \u20ac<\/td><td>La jamancia. Con la comida no se juega 2025 <\/td><td>2025<\/td><\/tr><tr><td>Generalitat de Catalunya (Igualtat i Feminisme)<\/td><td>Actividades y proyectos<\/td><td>12.000,00 \u20ac<\/td><td>La perif\u00e8ria organitzada<\/td><td>2025\/2026<\/td><\/tr><tr><td>Ayuntamiento de L\u2019Hospitalet<\/td><td>ESS<\/td><td>16.000,00 \u20ac<\/td><td>Laurel 31<\/td><td>2025<\/td><\/tr><tr><td>Ayuntamiento de L\u2019Hospitalet<\/td><td>Cultura<\/td><td>7.500,00 \u20ac<\/td><td>Prat 11<\/td><td>2025<\/td><\/tr><tr><td>Generalitat de Catalunya (Empresa i treball)<\/td><td>Projectes singulars de promoci\u00f3 de l\u2019ESS<\/td><td>350.000,00 \u20ac<\/td><td>Les Juntes<\/td><td>2025\/2027<\/td><\/tr><\/tbody><\/table><\/figure>\n","protected":false},"excerpt":{"rendered":"<p>Financiaci\u00f3n (los n\u00fameros) \u00d3rgano responsable de la entidad en materia de contrataci\u00f3n, tel\u00e9fono y direcciones postal y electr\u00f3nica Consejo Rector 654465108 Carrer Prat, 11, L\u2019Hospitalet de Llobregat hola@lafundicio.net Relaci\u00f3n de los contratos suscritos en los \u00faltimos cinco a\u00f1os con las administraciones p\u00fablicas Administraci\u00f3n Objeto Procedimiento Importe Duraci\u00f3n Ayuntamiento de Barcelona Dinamizaci\u00f3n del proyecto Mem\u00f2ria Viva, <a href=\"https:\/\/lafundicio.net\/en\/financiacion-los-numeros\/\" class=\"more-link\">&#8230;<span class=\"screen-reader-text\">  Financiaci\u00f3n (los n\u00fameros)<\/span><\/a><\/p>\n","protected":false},"author":1,"featured_media":0,"parent":0,"menu_order":0,"comment_status":"closed","ping_status":"closed","template":"","meta":{"footnotes":""},"class_list":["post-6262","page","type-page","status-publish","hentry"],"acf":[],"_links":{"self":[{"href":"https:\/\/lafundicio.net\/en\/wp-json\/wp\/v2\/pages\/6262","targetHints":{"allow":["GET"]}}],"collection":[{"href":"https:\/\/lafundicio.net\/en\/wp-json\/wp\/v2\/pages"}],"about":[{"href":"https:\/\/lafundicio.net\/en\/wp-json\/wp\/v2\/types\/page"}],"author":[{"embeddable":true,"href":"https:\/\/lafundicio.net\/en\/wp-json\/wp\/v2\/users\/1"}],"replies":[{"embeddable":true,"href":"https:\/\/lafundicio.net\/en\/wp-json\/wp\/v2\/comments?post=6262"}],"version-history":[{"count":2,"href":"https:\/\/lafundicio.net\/en\/wp-json\/wp\/v2\/pages\/6262\/revisions"}],"predecessor-version":[{"id":6270,"href":"https:\/\/lafundicio.net\/en\/wp-json\/wp\/v2\/pages\/6262\/revisions\/6270"}],"wp:attachment":[{"href":"https:\/\/lafundicio.net\/en\/wp-json\/wp\/v2\/media?parent=6262"}],"curies":[{"name":"wp","href":"https:\/\/api.w.org\/{rel}","templated":true}]}}