{"id":45,"date":"2016-06-14T18:11:29","date_gmt":"2016-06-14T18:11:29","guid":{"rendered":"http:\/\/lafundicio.net\/desdelsblocs\/?page_id=45"},"modified":"2016-07-12T10:48:53","modified_gmt":"2016-07-12T10:48:53","slug":"radioyserigrafia","status":"publish","type":"page","link":"https:\/\/lafundicio.net\/desdelsblocs\/que-es\/radioyserigrafia\/","title":{"rendered":"Creaci\u00f3n colectiva"},"content":{"rendered":"<p><em>Des dels blocs<\/em>\u00a0se propone, principalmente, como un espacio\u00a0desde el que ensayar\u00a0agenciamientos de enunciaci\u00f3n colectiva, un espacio, en definitiva, en el que juntarnos y construir im\u00e1genes y relatos sobre lo que pasa y lo que nos pasa en los bloques de La Florida.<\/p>\n<p>Para ello hemos habilitado algunas herramientas que pueden sernos \u00fatiles, y a las que pueden sumarse muchas otras siguiendo la deriva que tomen los procesos de trabajo, las personas que los protagonizan y los espacios en los que se desarrollan.<\/p>\n<p><strong>Radio<\/strong><\/p>\n<p>La radio puede ser un medio creativo y al mismo tiempo un espacio para el encuentro y desde el que\u00a0entablar conversaciones entre personas y grupos diversos sobre aquellos temas de inter\u00e9s que atraviesan el territorio; una herramienta de comunicaci\u00f3n y al mismo tiempo un elemento para ocupar y activar el espacio p\u00fablico y establecer v\u00ednculos con otras experiencias, proyectos o colectivos.<\/p>\n<p>El objetivo es que los grupos puedan llegar a hacer un uso aut\u00f3nomo del equipo de radio. Para esto tambi\u00e9n puede ser importante recuperar la memoria de <strong>Radio Florida<\/strong>, una experiencia de radio comunitaria iniciada en los a\u00f1os 80 en el barrio.<\/p>\n<p>La radio se puede utilizar junto con derivas y acciones performativas para detectar conflictos, miedos, malestares, ilusiones, deseos y generar espacios de encuentro y conocimiento mutuo dentro de la comunidad entre los diferentes grupos y personas que lo habitan.<\/p>\n<p><strong>Serigraf\u00eda<\/strong><\/p>\n<p>En colaboraci\u00f3n con el grupo de mujeres de la actividad de Manualidades del Centre Municipal Ana D\u00edaz Rico hemos abierto un espacio dedicado a la creaci\u00f3n gr\u00e1fica y textil mediante el uso de la serigraf\u00eda. Este espacio de creaci\u00f3n o taller se ha abierto todos los lunes de 16 a 20:30 h en el Espai Jove del centro, es decir, en la sala que es habitualmente usada por los j\u00f3venes bajo la tutela de sus educadores de referencia. Es as\u00ed que en este espacio de taller confluyen los distintos grupos de j\u00f3venes y el grupo de mujeres. Al mismo tiempo durante el taller se instala el equipo de radio, lo que posibilita la diversidad de usos y \u201cusuarixs\u201d.<\/p>\n<p>El espacio de taller ofrece la posibilidad de explorar y experimentar con los imaginarios de cada uno de sus participantes. Se parte pues, en la mayor\u00eda de los casos, de im\u00e1genes preexistentes, encontradas en los archivos dom\u00e9sticos o en la cultura popular \u2014es el caso, principalmente, de los j\u00f3venes\u2014.<\/p>\n<p>Uno de los objetivos del taller es extender la actividad al espacio p\u00fablico, motivo por el que paulatinamente hemos ido abriendo\u00a0las puertas de la sala que dan a la plaza frente al Centre Municipal.<\/p>\n<p>Asimismo, el espacio de creaci\u00f3n gr\u00e1fica y textil quiere proponer a quienes asisten, construir narrativas cada vez m\u00e1s complejas entorno a la vida y la memoria de los bloques de la Florida.<\/p>\n","protected":false},"excerpt":{"rendered":"<p>Des dels blocs\u00a0se propone, principalmente, como un espacio\u00a0desde el que ensayar\u00a0agenciamientos de enunciaci\u00f3n colectiva, un espacio, en definitiva, en el que juntarnos y construir im\u00e1genes y relatos sobre lo que pasa y lo que nos pasa en los bloques de La Florida. Para ello hemos habilitado algunas herramientas que pueden sernos \u00fatiles, y a las&#8230;<\/p>\n","protected":false},"author":1,"featured_media":40,"parent":2,"menu_order":0,"comment_status":"open","ping_status":"closed","template":"","meta":{"ngg_post_thumbnail":0,"rating_form_position":"","rating_results_position":"","mr_structured_data_type":"","footnotes":""},"class_list":["post-45","page","type-page","status-publish","has-post-thumbnail","hentry"],"multi-rating":{"mr_rating_results":[]},"_links":{"self":[{"href":"https:\/\/lafundicio.net\/desdelsblocs\/wp-json\/wp\/v2\/pages\/45","targetHints":{"allow":["GET"]}}],"collection":[{"href":"https:\/\/lafundicio.net\/desdelsblocs\/wp-json\/wp\/v2\/pages"}],"about":[{"href":"https:\/\/lafundicio.net\/desdelsblocs\/wp-json\/wp\/v2\/types\/page"}],"author":[{"embeddable":true,"href":"https:\/\/lafundicio.net\/desdelsblocs\/wp-json\/wp\/v2\/users\/1"}],"replies":[{"embeddable":true,"href":"https:\/\/lafundicio.net\/desdelsblocs\/wp-json\/wp\/v2\/comments?post=45"}],"version-history":[{"count":4,"href":"https:\/\/lafundicio.net\/desdelsblocs\/wp-json\/wp\/v2\/pages\/45\/revisions"}],"predecessor-version":[{"id":84,"href":"https:\/\/lafundicio.net\/desdelsblocs\/wp-json\/wp\/v2\/pages\/45\/revisions\/84"}],"up":[{"embeddable":true,"href":"https:\/\/lafundicio.net\/desdelsblocs\/wp-json\/wp\/v2\/pages\/2"}],"wp:featuredmedia":[{"embeddable":true,"href":"https:\/\/lafundicio.net\/desdelsblocs\/wp-json\/wp\/v2\/media\/40"}],"wp:attachment":[{"href":"https:\/\/lafundicio.net\/desdelsblocs\/wp-json\/wp\/v2\/media?parent=45"}],"curies":[{"name":"wp","href":"https:\/\/api.w.org\/{rel}","templated":true}]}}