{"id":205,"date":"2016-09-20T21:11:23","date_gmt":"2016-09-20T21:11:23","guid":{"rendered":"http:\/\/lafundicio.net\/desdelsblocs\/?page_id=205"},"modified":"2016-09-20T21:27:38","modified_gmt":"2016-09-20T21:27:38","slug":"context","status":"publish","type":"page","link":"https:\/\/lafundicio.net\/desdelsblocs\/context\/?lang=ca","title":{"rendered":"Context"},"content":{"rendered":"<p><Em> <strong> Des dels blocs <\/strong> <\/em> es desplega i articula des de i en col\u00b7laboraci\u00f3 amb el <strong> Centre Municipal Ana D\u00edaz Rico <\/strong>, situat a la Pla\u00e7a Blocs de la <strong> Florida <\/strong> (<strong> Hospitalet <\/strong>).<\/p>\n<p>Els blocs van ser constru\u00efts en 1955 per la <strong> Obra Sindical de la Llar <\/strong> del r\u00e8gim franquista, que va batejar el barri amb el nom de <strong> On\u00e9simo Rod\u00f3 <\/strong>. 20 blocs amb 816 pisos de 40 m2, en els quals van ser reallotjats part dels habitants de les barraques del <a href=\"https:\/\/es.wikipedia.org\/wiki\/Somorrostro_(Barcelona)\" target=\"_blank\"> <strong> Somorrostro <\/strong> <\/a>, <a href = \"http:\/\/www.barraques.cat\/ca\/2-montjuic-de-la-barraca-als-grans-poligons.php\" target = \"_blank\"> <strong> Montju\u00efc <\/strong> <\/a> i la <a href=\"https:\/\/barriodelabomba.wordpress.com\" target=\"_blank\"> <strong> Bomba <\/strong> <\/a > -barris informals autoconstru\u00efts per persones migrants arribades des de diferents punts de la pen\u00ednsula, en els quals tamb\u00e9 va ser important la pres\u00e8ncia de fam\u00edlies gitanas-.<\/p>\n<p>[Caption id = \u00abattachment_22\u00bb align = \u00abaligncenter\u00bb width = \u00ab1628\u00bb] <a href = \"https:\/\/lafundicio.net\/desdelsblocs\/wp-content\/uploads\/sites\/4\/2016\/06\/barraconsblocsflorida.jpg \"> <img class =\" wp-image-22 size-full \"src =\" https:\/\/lafundicio.net\/desdelsblocs\/wp-content\/uploads\/sites\/4\/2016\/06\/barraconsblocsflorida.jpg \"alt =\" pla\u00e7a dels blocs. al centre, l'escola Pomezia. Data i autor desconeguts. Fons de l'Associaci\u00f3 de Ve\u00efns de la Florida. \"width =\" 1628 \"height =\" 1043 \"\/> <\/a> pla\u00e7a dels blocs. Al centre, l&#8217;escola Pomezia. Data i autor desconeguts. Fons de l&#8217;Associaci\u00f3 de Ve\u00efns de la Florida. [\/ Caption]<\/p>\n<p>Com molts pol\u00edgons d&#8217;habitatge aixecats en les perif\u00e8ries urbanes sobre zones fins llavors rurals, els blocs no tenien serveis i condicions urban\u00edstiques \u00f2ptimes -com clavegueram, pavimentat, escoles, transports i altres serveis p\u00fablics- situaci\u00f3 que va marcar el moviment ve\u00efnal dels anys 60 i 70. M\u00e9s tard, les lluites d&#8217;aquest moviment van ser integrades en un relat \u00e8pic dels barris i van donar peu a una forta identitat extensament compartida. Aquesta identitat homog\u00e8nia es fragmenta i dissemina a partir dels anys 90 quan arriben a Hospitalet els primers fluxos migratoris transnacionals.<\/p>\n<p>[Caption id = \u00abattachment_28\u00bb align = \u00abaligncenter\u00bb width = \u00ab680\u00bb] <a href = \"https:\/\/lafundicio.net\/desdelsblocs\/wp-content\/uploads\/sites\/4\/2016\/06\/Vista_aerea_bloques_Florida.jpg \"> <img class =\" size-full wp-image-28 \"src =\" https:\/\/lafundicio.net\/desdelsblocs\/wp-content\/uploads\/sites\/4\/2016\/06\/Vista_aerea_bloques_Florida.jpg \"alt =\" vista a\u00e8ria dels blocs de la Florida cap a 1984. Fons documental del Centre d'Estudis de l'Hospitalet. \" width = \"680\" height = \"462\" \/> <\/a> Vista a\u00e8ria dels blocs de la Florida cap a 1984. Fons documental del Centre d&#8217;Estudis de l&#8217;Hospitalet. [\/ caption]<\/p>\n<p>A causa de la desproletaritzaci\u00f3 del barri -derivada de l&#8217;augment de l&#8217;atur i la precaritzaci\u00f3 del treball-, el debilitament del seu teixit social i les tensions entre grups amb or\u00edgens i traject\u00f2ries diverses, sumats a les defici\u00e8ncies habitacionals, els blocs esdevenen progressivament un barri de relegaci\u00f3 que acull a grups socials cada vegada m\u00e9s vulnerables i empobrits. Aquest proc\u00e9s porta al govern local el 2008, sota el mandat de l&#8217;alcalde <strong> Celestino Corbacho <\/strong>, a proposar l&#8217;enderroc dels blocs, que comen\u00e7aven a ser significats com un gueto i focus de conflictes socials. Aquest pla d&#8217;enderroc finalment no s&#8217;executaria.<\/p>\n<p>La pla\u00e7a interior dels blocs, que disposava d&#8217;unes pistes esportives, es va convertir en un punt calent del barri per les desavinences entre els ve\u00efns m\u00e9s antics i els nous ve\u00efns joves que arribaven al barri i que feien un \u00fas intensiu de l&#8217;espai p\u00fablic; aquest (la gesti\u00f3 de les pistes esportives i l&#8217;entorn de la pla\u00e7a) va ser el detonant d&#8217;un conflicte fruit d&#8217;unes relacions tenses i complexes entorn a la immigraci\u00f3.<\/p>\n<p>El 2006 s&#8217;havia posat en funcionament un Pla d&#8217;Intervenci\u00f3 Integral per barris de \u00abatenci\u00f3 especial\u00bb a la Florida; entre les diferents accions projectades es va contemplar la construcci\u00f3 d&#8217;un nou equipament: el Centre Municipal Ana D\u00edaz Rico, amb el qual es pretenia, en part, pacificar la situaci\u00f3, imposant la seva construcci\u00f3 en l&#8217;empla\u00e7ament de les pistes que ocupaven els joves. Aquesta acci\u00f3 va detonar noves tensions que van alimentar alguns mitjans de comunicaci\u00f3; van apar\u00e8ixer a la premsa de llavors titulars com: \u00ab<a href =\" http:\/\/www.alertadigital.com\/2012\/09\/05\/jovenes-latinos-se-enfrentan-en-hospitalet-a-los-mossos-ya -la-policia-local-llan\u00e7ant-los-pedres-des-les-finestres \/ \"target =\" _ blank \"> <em> Joves llatins s&#8217;enfronten a l&#8217;Hospitalet els Mossos i la Policia local llan\u00e7ant-los pedres des de les finestres <\/em> < \/ a> \u00bb(<strong> Alerta Digital <\/strong>, 5 de setembre de 2012),\u00ab <a href = \"http:\/\/ccaa.elpais.com\/ccaa\/2012\/09\/03\/catalunya\/1346700922_972244. html \"target =\" _ blank \"> <em> Enfrontaments a la Florida <\/em> <\/a>\u00bb (<strong> El Pa\u00eds <\/strong>, 3 de setembre de 2012) o \u00ab<em> <a href = \"http:\/\/www.elperiodico.com\/es\/noticias\/barcelona\/vecinos-del-barrio-florida-hospitalet-denuncian-inseguridad-2197486\" target = \"_ blank\"> La Florida den\u00fancia inseguretat <\/a> <\/em > \u00bb, <strong> El Peri\u00f3dico <\/strong>, 4 de setembre de 2012).<\/p>\n<p>[Caption id = \u00abattachment_30\u00bb align = \u00abaligncenter\u00bb width = \u00ab1080\u00bb] <a href = \"https:\/\/lafundicio.net\/desdelsblocs\/wp-content\/uploads\/sites\/4\/2016\/06\/Serigrafia_dones-joves -5.jpg \"> <img class =\" size-full wp-image-30 \"src =\" https:\/\/lafundicio.net\/desdelsblocs\/wp-content\/uploads\/sites\/4\/2016\/06\/Serigrafia_dones-joves -5.jpg \"alt =\" Espai de treball gr\u00e0fic i sonor al Centre Municipal Ana D\u00edaz Rico. \" width = \"1080\" height = \"810\" \/> <\/a> Espai de treball gr\u00e0fic i sonor al Centre Municipal Ana D\u00edaz Rico. [\/ caption]<\/p>\n<p>L&#8217;equipament s&#8217;inaugurar\u00e0 al gener de 2013 tot i no tenir recursos i personal; fins fa poc, l&#8217;equip l&#8217;han format una persona a c\u00e0rrec de la direcci\u00f3, un gu\u00e0rdia de seguretat d&#8217;una empresa externalitzada i una persona que s&#8217;encarrega de la recepci\u00f3 i que venia rotant cada sis mesos seguint els plans ocupacionals municipals.<\/p>\n<p>Creiem que el centre \u00e9s un espai potencial per generar noves din\u00e0miques que, travessat pel conflicte de la seva construcci\u00f3 i amb tan escassos recursos, es configura com un tensor m\u00e9s en el context que requereix d&#8217;accions per reconstruir i enfortir els lla\u00e7os socials que han de ser liderades per la pr\u00f2pia comunitat. En aquest escenari pensem que el paper dels i les joves i els i ni\u00f1xs \u00e9s crucial per construir nous imaginaris, deconstruir els estigmes que pesen sobre el barri i revertir el proc\u00e9s de despossessi\u00f3 simb\u00f2lica que pateixen els seus habitants.<\/p>\n<p>Aquest \u00e9s un relat possible del context en qu\u00e8 es desenvolupa <em> Des dels blocs <\/em>. \u00c9s clar, \u00e9s el nostre relat i \u00e9s un relat molt parcial. <Em> Des dels blocs <\/em> proposa, precisament, als ve\u00efns i ve\u00efnes dels blocs liderar un proc\u00e9s d&#8217;experimentaci\u00f3 sonora i gr\u00e0fica per narrar col\u00b7lectivament i debatre el territori que habiten.<\/p>\n","protected":false},"excerpt":{"rendered":"<p>Des dels blocs es desplega i articula des de i en col\u00b7laboraci\u00f3 amb el Centre Municipal Ana D\u00edaz Rico , situat a la Pla\u00e7a Blocs de la Florida ( Hospitalet ). Els blocs van ser constru\u00efts en 1955 per la Obra Sindical de la Llar del r\u00e8gim franquista, que va batejar el barri amb el&#8230;<\/p>\n","protected":false},"author":1,"featured_media":22,"parent":0,"menu_order":0,"comment_status":"open","ping_status":"open","template":"","meta":{"ngg_post_thumbnail":0,"rating_form_position":"","rating_results_position":"","mr_structured_data_type":"","footnotes":""},"class_list":["post-205","page","type-page","status-publish","has-post-thumbnail","hentry"],"multi-rating":{"mr_rating_results":[]},"_links":{"self":[{"href":"https:\/\/lafundicio.net\/desdelsblocs\/wp-json\/wp\/v2\/pages\/205","targetHints":{"allow":["GET"]}}],"collection":[{"href":"https:\/\/lafundicio.net\/desdelsblocs\/wp-json\/wp\/v2\/pages"}],"about":[{"href":"https:\/\/lafundicio.net\/desdelsblocs\/wp-json\/wp\/v2\/types\/page"}],"author":[{"embeddable":true,"href":"https:\/\/lafundicio.net\/desdelsblocs\/wp-json\/wp\/v2\/users\/1"}],"replies":[{"embeddable":true,"href":"https:\/\/lafundicio.net\/desdelsblocs\/wp-json\/wp\/v2\/comments?post=205"}],"version-history":[{"count":4,"href":"https:\/\/lafundicio.net\/desdelsblocs\/wp-json\/wp\/v2\/pages\/205\/revisions"}],"predecessor-version":[{"id":1065,"href":"https:\/\/lafundicio.net\/desdelsblocs\/wp-json\/wp\/v2\/pages\/205\/revisions\/1065"}],"wp:featuredmedia":[{"embeddable":true,"href":"https:\/\/lafundicio.net\/desdelsblocs\/wp-json\/wp\/v2\/media\/22"}],"wp:attachment":[{"href":"https:\/\/lafundicio.net\/desdelsblocs\/wp-json\/wp\/v2\/media?parent=205"}],"curies":[{"name":"wp","href":"https:\/\/api.w.org\/{rel}","templated":true}]}}