{"id":20,"date":"2016-06-13T10:49:51","date_gmt":"2016-06-13T10:49:51","guid":{"rendered":"http:\/\/lafundicio.net\/desdelsblocs\/?page_id=20"},"modified":"2016-06-13T12:13:48","modified_gmt":"2016-06-13T12:13:48","slug":"contexto","status":"publish","type":"page","link":"https:\/\/lafundicio.net\/desdelsblocs\/contexto\/","title":{"rendered":"Contexto"},"content":{"rendered":"<p><em><strong>Des dels blocs<\/strong><\/em> se despliega y articula desde y en colaboraci\u00f3n con el <strong>Centre Municipal Ana D\u00edaz Rico<\/strong>, situado en la Pla\u00e7a Blocs de la <strong>Florida<\/strong> (<strong>Hospitalet<\/strong>).<\/p>\n<p>Los bloques fueron construidos en 1955 por la <strong>Obra Sindical del Hogar<\/strong> del r\u00e9gimen franquista, que bautiz\u00f3 el barrio con el nombre de <strong>On\u00e9simo Redondo<\/strong>. 20 bloques con 816 pisos de 40 m2, en los que fueron realojados parte de los habitantes de las barracas del <a href=\"https:\/\/es.wikipedia.org\/wiki\/Somorrostro_(Barcelona)\" target=\"_blank\"><strong>Somorrostro<\/strong><\/a>, <a href=\"http:\/\/www.barraques.cat\/ca\/2-montjuic-de-la-barraca-als-grans-poligons.php\" target=\"_blank\"><strong>Montju\u00efc<\/strong><\/a> y la <a href=\"https:\/\/barriodelabomba.wordpress.com\" target=\"_blank\"><strong>Bomba<\/strong><\/a>\u00a0\u2014barrios informales autoconstruidos por personas migrantes llegadas desde diferentes puntos de la pen\u00ednsula, en los que tambi\u00e9n fue importante la presencia de familias gitanas\u2014.<\/p>\n<figure id=\"attachment_22\" aria-describedby=\"caption-attachment-22\" style=\"width: 1628px\" class=\"wp-caption aligncenter\"><a href=\"https:\/\/lafundicio.net\/desdelsblocs\/wp-content\/uploads\/sites\/4\/2016\/06\/barraconsblocsflorida.jpg\"><img loading=\"lazy\" decoding=\"async\" class=\"wp-image-22 size-full\" src=\"https:\/\/lafundicio.net\/desdelsblocs\/wp-content\/uploads\/sites\/4\/2016\/06\/barraconsblocsflorida.jpg\" alt=\"Plaza de los bloques. En el centro, la escuela Pomezia. Fecha y autor desconocidos. Fondo de la Asociaci\u00f3n de Vecinos de la Florida. \" width=\"1628\" height=\"1043\" srcset=\"https:\/\/lafundicio.net\/desdelsblocs\/wp-content\/uploads\/sites\/4\/2016\/06\/barraconsblocsflorida.jpg 1628w, https:\/\/lafundicio.net\/desdelsblocs\/wp-content\/uploads\/sites\/4\/2016\/06\/barraconsblocsflorida-420x269.jpg 420w, https:\/\/lafundicio.net\/desdelsblocs\/wp-content\/uploads\/sites\/4\/2016\/06\/barraconsblocsflorida-744x476.jpg 744w, https:\/\/lafundicio.net\/desdelsblocs\/wp-content\/uploads\/sites\/4\/2016\/06\/barraconsblocsflorida-1200x768.jpg 1200w\" sizes=\"auto, (max-width: 1628px) 100vw, 1628px\" \/><\/a><figcaption id=\"caption-attachment-22\" class=\"wp-caption-text\">Plaza de los bloques. En el centro, la escuela Pomezia. Fecha y autor desconocidos. Fondo de la Asociaci\u00f3n de Vecinos de la Florida.<\/figcaption><\/figure>\n<p>Como muchos pol\u00edgonos de vivienda levantados en las periferias urbanas sobre zonas hasta entonces rurales, los bloques carec\u00edan de servicios y condiciones urban\u00edsticas \u00f3ptimas \u2014como alcantarillado, pavimentado, escuelas, transportes y otros servicios p\u00fablicos\u2014 situaci\u00f3n que marc\u00f3 el movimiento vecinal de los a\u00f1os 60 y 70. M\u00e1s tarde, las luchas de este movimiento fueron integradas en un relato \u00e9pico de los barrios y dieron pie a una fuerte identidad extensamente compartida. Esta identidad homog\u00e9nea se fragmenta y disemina a partir de los a\u00f1os 90 cuando llegan a Hospitalet los primeros flujos migratorios transnacionales.<\/p>\n<figure id=\"attachment_28\" aria-describedby=\"caption-attachment-28\" style=\"width: 680px\" class=\"wp-caption aligncenter\"><a href=\"https:\/\/lafundicio.net\/desdelsblocs\/wp-content\/uploads\/sites\/4\/2016\/06\/Vista_aerea_bloques_Florida.jpg\"><img loading=\"lazy\" decoding=\"async\" class=\"size-full wp-image-28\" src=\"https:\/\/lafundicio.net\/desdelsblocs\/wp-content\/uploads\/sites\/4\/2016\/06\/Vista_aerea_bloques_Florida.jpg\" alt=\"Vista a\u00e9rea de los bloques de la Florida hacia 1984. Fondo documental del Centre d'Estudis de L'Hospitalet.\" width=\"680\" height=\"462\" srcset=\"https:\/\/lafundicio.net\/desdelsblocs\/wp-content\/uploads\/sites\/4\/2016\/06\/Vista_aerea_bloques_Florida.jpg 680w, https:\/\/lafundicio.net\/desdelsblocs\/wp-content\/uploads\/sites\/4\/2016\/06\/Vista_aerea_bloques_Florida-420x285.jpg 420w\" sizes=\"auto, (max-width: 680px) 100vw, 680px\" \/><\/a><figcaption id=\"caption-attachment-28\" class=\"wp-caption-text\">Vista a\u00e9rea de los bloques de la Florida hacia 1984. Fondo documental del Centre d&#8217;Estudis de L&#8217;Hospitalet.<\/figcaption><\/figure>\n<p>Debido a la desproletarizaci\u00f3n del barrio \u2014derivada del aumento del paro y la precarizaci\u00f3n del trabajo\u2014, el debilitamiento de su tejido social y las tensiones entre grupos con or\u00edgenes y trayectorias diversas, sumados a las deficiencias habitacionales, los bloques devienen progresivamente un barrio de relegaci\u00f3n que acoge a grupos sociales cada vez m\u00e1s vulnerables y empobrecidos. Este proceso lleva al gobierno local en 2008, bajo el mandato del alcalde <strong>Celestino Corbacho<\/strong>, a proponer el derribo de los bloques, que comenzaban a ser significados como un gueto y foco de conflictos sociales. Este plan de derribo finalmente no se ejecutar\u00eda.<\/p>\n<p>La plaza interior de los bloques, que dispon\u00eda de unas canchas deportivas, se convirti\u00f3 en un punto caliente del barrio por las desavenencias entre los vecinos m\u00e1s antiguos y los nuevos vecinos j\u00f3venes que llegaban al barrio y que hac\u00edan un uso intensivo del espacio p\u00fablico; este (la gesti\u00f3n de las pistas deportivas y el entorno de la plaza) fue el detonante de un conflicto fruto de unas relaciones tensas y complejas entorno a la inmigraci\u00f3n.<\/p>\n<p>En 2006 se hab\u00eda puesto en funcionamiento un Plan de Intervenci\u00f3n Integral para barrios de \u00abatenci\u00f3n especial\u00bb en la Florida; entre las diferentes acciones proyectadas se contempl\u00f3 la construcci\u00f3n de un nuevo equipamiento: el Centre Municipal Ana D\u00edaz Rico, con el que se pretend\u00eda, en parte, pacificar la situaci\u00f3n, imponiendo su construcci\u00f3n en el emplazamiento de las pistas que ocupaban los j\u00f3venes. Esa acci\u00f3n deton\u00f3 nuevas tensiones que alimentaron algunos medios de comunicaci\u00f3n; aparecieron en la prensa de entonces titulares como: \u00ab<a href=\"http:\/\/www.alertadigital.com\/2012\/09\/05\/jovenes-latinos-se-enfrentan-en-hospitalet-a-los-mossos-y-a-la-policia-local-lanzandoles-piedras-desde-las-ventanas\/\" target=\"_blank\"><em>J\u00f3venes latinos se enfrentan en Hospitalet a los Mossos y la Polic\u00eda Local lanz\u00e1ndoles piedras desde las ventanas<\/em><\/a>\u00bb (<strong>Alerta Digital<\/strong>, 5 de setiembre de 2012), \u00ab<a href=\"http:\/\/ccaa.elpais.com\/ccaa\/2012\/09\/03\/catalunya\/1346700922_972244.html\" target=\"_blank\"><em>Enfrentamientos en la Florida<\/em><\/a>\u00bb (<strong>El Pa\u00eds<\/strong>, 3 de setiembre de 2012) o \u00ab<em><a href=\"http:\/\/www.elperiodico.com\/es\/noticias\/barcelona\/vecinos-del-barrio-florida-hospitalet-denuncian-inseguridad-2197486\" target=\"_blank\">La Florida denuncia inseguridad<\/a><\/em>\u00bb, <strong>El Peri\u00f3dico<\/strong>, 4 de setiembre de 2012).<\/p>\n<figure id=\"attachment_30\" aria-describedby=\"caption-attachment-30\" style=\"width: 1080px\" class=\"wp-caption aligncenter\"><a href=\"https:\/\/lafundicio.net\/desdelsblocs\/wp-content\/uploads\/sites\/4\/2016\/06\/Serigrafia_dones-joves-5.jpg\"><img loading=\"lazy\" decoding=\"async\" class=\"size-full wp-image-30\" src=\"https:\/\/lafundicio.net\/desdelsblocs\/wp-content\/uploads\/sites\/4\/2016\/06\/Serigrafia_dones-joves-5.jpg\" alt=\"Espacio de trabajo gr\u00e1fico y sonoro en el Centre Municipal Ana D\u00edaz Rico.\" width=\"1080\" height=\"810\" srcset=\"https:\/\/lafundicio.net\/desdelsblocs\/wp-content\/uploads\/sites\/4\/2016\/06\/Serigrafia_dones-joves-5.jpg 1080w, https:\/\/lafundicio.net\/desdelsblocs\/wp-content\/uploads\/sites\/4\/2016\/06\/Serigrafia_dones-joves-5-420x315.jpg 420w, https:\/\/lafundicio.net\/desdelsblocs\/wp-content\/uploads\/sites\/4\/2016\/06\/Serigrafia_dones-joves-5-744x558.jpg 744w\" sizes=\"auto, (max-width: 1080px) 100vw, 1080px\" \/><\/a><figcaption id=\"caption-attachment-30\" class=\"wp-caption-text\">Espacio de trabajo gr\u00e1fico y sonoro en el Centre Municipal Ana D\u00edaz Rico.<\/figcaption><\/figure>\n<p>El equipamiento se inaugurar\u00e1 en enero de 2013 a pesar de carecer de recursos y personal; hasta fechas recientes, el equipo lo han formado una persona a cargo de la direcci\u00f3n, un guardia de seguridad de una empresa externalizada y una persona que se encarga de la recepci\u00f3n y que ven\u00eda rotando cada seis meses siguiendo los planes ocupacionales municipales.<\/p>\n<p>Creemos que el centro es un espacio potencial para generar nuevas din\u00e1micas que, atravesado por el conflicto de su construcci\u00f3n y con tan escasos recursos, se configura como un tensor m\u00e1s en el contexto que requiere de acciones para reconstruir y fortalecer los lazos sociales\u00a0que han de ser lideradas por la propia comunidad. En este escenario pensamos que el papel de lxs j\u00f3venes y lxs ni\u00f1xs es crucial para construir nuevos imaginarios, deconstruir los estigmas que pesan sobre el barrio y revertir el proceso de desposesi\u00f3n simb\u00f3lica que sufren sus habitantes.<\/p>\n<p>Este es un relato posible del contexto en que se desarrolla <em>Des dels blocs<\/em>. Claro est\u00e1, es nuestro relato y es un relato muy parcial. <em>Des dels blocs<\/em> propone, precisamente, a los vecinos y vecinas de los bloques liderar un proceso de experimentaci\u00f3n sonora y gr\u00e1fica para narrar colectivamente y debatir el territorio que habitan.<\/p>\n","protected":false},"excerpt":{"rendered":"<p>Des dels blocs se despliega y articula desde y en colaboraci\u00f3n con el Centre Municipal Ana D\u00edaz Rico, situado en la Pla\u00e7a Blocs de la Florida (Hospitalet). Los bloques fueron construidos en 1955 por la Obra Sindical del Hogar del r\u00e9gimen franquista, que bautiz\u00f3 el barrio con el nombre de On\u00e9simo Redondo. 20 bloques con&#8230;<\/p>\n","protected":false},"author":1,"featured_media":22,"parent":0,"menu_order":0,"comment_status":"open","ping_status":"open","template":"","meta":{"ngg_post_thumbnail":0,"rating_form_position":"","rating_results_position":"","mr_structured_data_type":"","footnotes":""},"class_list":["post-20","page","type-page","status-publish","has-post-thumbnail","hentry"],"multi-rating":{"mr_rating_results":[]},"_links":{"self":[{"href":"https:\/\/lafundicio.net\/desdelsblocs\/wp-json\/wp\/v2\/pages\/20","targetHints":{"allow":["GET"]}}],"collection":[{"href":"https:\/\/lafundicio.net\/desdelsblocs\/wp-json\/wp\/v2\/pages"}],"about":[{"href":"https:\/\/lafundicio.net\/desdelsblocs\/wp-json\/wp\/v2\/types\/page"}],"author":[{"embeddable":true,"href":"https:\/\/lafundicio.net\/desdelsblocs\/wp-json\/wp\/v2\/users\/1"}],"replies":[{"embeddable":true,"href":"https:\/\/lafundicio.net\/desdelsblocs\/wp-json\/wp\/v2\/comments?post=20"}],"version-history":[{"count":6,"href":"https:\/\/lafundicio.net\/desdelsblocs\/wp-json\/wp\/v2\/pages\/20\/revisions"}],"predecessor-version":[{"id":26,"href":"https:\/\/lafundicio.net\/desdelsblocs\/wp-json\/wp\/v2\/pages\/20\/revisions\/26"}],"wp:featuredmedia":[{"embeddable":true,"href":"https:\/\/lafundicio.net\/desdelsblocs\/wp-json\/wp\/v2\/media\/22"}],"wp:attachment":[{"href":"https:\/\/lafundicio.net\/desdelsblocs\/wp-json\/wp\/v2\/media?parent=20"}],"curies":[{"name":"wp","href":"https:\/\/api.w.org\/{rel}","templated":true}]}}