{"id":2,"date":"2016-04-29T17:23:05","date_gmt":"2016-04-29T17:23:05","guid":{"rendered":"http:\/\/lafundicio.net\/desdelsblocs\/?page_id=2"},"modified":"2016-09-18T20:46:46","modified_gmt":"2016-09-18T20:46:46","slug":"que-es","status":"publish","type":"page","link":"https:\/\/lafundicio.net\/desdelsblocs\/que-es\/","title":{"rendered":"Qu\u00e9 es"},"content":{"rendered":"<p>\u00bfCual es el imaginario que circula sobre los bloques de La Florida? \u00bfC\u00f3mo podemos crear entre muchxs un relato de los bloques de La Florida? <b><i>Des dels blocs<\/i><\/b> se propone como un proceso de creaci\u00f3n colectiva de relatos, representaciones y conocimiento sobre un territorio espec\u00edfico de <b>L\u2019Hospitalet<\/b>: los bloques de <b>La Florida<\/b>;\u00a0y a su vez de creaci\u00f3n de situaciones y espacios de encuentro y di\u00e1logo entre los colectivos diversos que lo habitan.<\/p>\n<p>Inicialmente proponemos, mediante el uso de herramientas gr\u00e1ficas y sonoras \u2014la serigraf\u00eda, la radio o el paisaje sonoro\u2014 construir colectivamente esos relatos, conocimientos y espacios de encuentro; aunque el proceso permanece totalmente abierto a las propuestas y aportaciones de quienes en \u00e9l colaboren.<\/p>\n<p>Desde inicios de 2016 hemos contactado con varios grupos de personas que asisten a diversos espacios del <b>Centre Municipal Ana D\u00edaz Rico<\/b>: el grupo de mujeres que acuden al taller de manualidades, los j\u00f3venes que asisten al Espai Jove, las personas que asisten a las clases de flamenco, inform\u00e1tica, alfabetizaci\u00f3n en catal\u00e1n, el grupo Cinema al barri o las j\u00f3venes que acuden al espacio de refuerzo escolar impartido por la Fundaci\u00f3 Pere Closa, dirigido a poblaci\u00f3n gitana de los bloques.<\/p>\n<p>El taller de serigraf\u00eda o la propia radio funcionan como espacios de encuentro no segregados en los que compartir y repensar los m\u00faltiples discursos y las representaciones sobre los bloques de La Florida \u2014en muchas ocasiones divergentes y contradictorios\u2014, partiendo tambi\u00e9n de la propia memoria del barrio y de las historias de vida de sus habitantes. A partir de estos procesos queremos abrir el debate a nuevos agentes, tomando el espacio p\u00fablico como un lugar de encuentros inesperados.<\/p>\n","protected":false},"excerpt":{"rendered":"<p>\u00bfCual es el imaginario que circula sobre los bloques de La Florida? \u00bfC\u00f3mo podemos crear entre muchxs un relato de los bloques de La Florida? Des dels blocs se propone como un proceso de creaci\u00f3n colectiva de relatos, representaciones y conocimiento sobre un territorio espec\u00edfico de L\u2019Hospitalet: los bloques de La Florida;\u00a0y a su vez&#8230;<\/p>\n","protected":false},"author":1,"featured_media":33,"parent":0,"menu_order":0,"comment_status":"open","ping_status":"closed","template":"","meta":{"ngg_post_thumbnail":0,"rating_form_position":"","rating_results_position":"","mr_structured_data_type":"","footnotes":""},"class_list":["post-2","page","type-page","status-publish","has-post-thumbnail","hentry"],"multi-rating":{"mr_rating_results":[]},"_links":{"self":[{"href":"https:\/\/lafundicio.net\/desdelsblocs\/wp-json\/wp\/v2\/pages\/2","targetHints":{"allow":["GET"]}}],"collection":[{"href":"https:\/\/lafundicio.net\/desdelsblocs\/wp-json\/wp\/v2\/pages"}],"about":[{"href":"https:\/\/lafundicio.net\/desdelsblocs\/wp-json\/wp\/v2\/types\/page"}],"author":[{"embeddable":true,"href":"https:\/\/lafundicio.net\/desdelsblocs\/wp-json\/wp\/v2\/users\/1"}],"replies":[{"embeddable":true,"href":"https:\/\/lafundicio.net\/desdelsblocs\/wp-json\/wp\/v2\/comments?post=2"}],"version-history":[{"count":5,"href":"https:\/\/lafundicio.net\/desdelsblocs\/wp-json\/wp\/v2\/pages\/2\/revisions"}],"predecessor-version":[{"id":132,"href":"https:\/\/lafundicio.net\/desdelsblocs\/wp-json\/wp\/v2\/pages\/2\/revisions\/132"}],"wp:featuredmedia":[{"embeddable":true,"href":"https:\/\/lafundicio.net\/desdelsblocs\/wp-json\/wp\/v2\/media\/33"}],"wp:attachment":[{"href":"https:\/\/lafundicio.net\/desdelsblocs\/wp-json\/wp\/v2\/media?parent=2"}],"curies":[{"name":"wp","href":"https:\/\/api.w.org\/{rel}","templated":true}]}}