{"id":6231,"date":"2026-01-09T17:06:23","date_gmt":"2026-01-09T17:06:23","guid":{"rendered":"https:\/\/lafundicio.net\/?page_id=6231"},"modified":"2026-01-12T17:05:55","modified_gmt":"2026-01-12T17:05:55","slug":"financament-els-numeros","status":"publish","type":"page","link":"https:\/\/lafundicio.net\/ca\/financament-els-numeros\/","title":{"rendered":"Finan\u00e7ament (els n\u00fameros)"},"content":{"rendered":"\n<h1 class=\"wp-block-heading has-text-align-center\">Finan\u00e7ament <br>(els n\u00fameros)<\/h1>\n\n\n\n<div style=\"height:50px\" aria-hidden=\"true\" class=\"wp-block-spacer\"><\/div>\n\n\n\n<h3 class=\"wp-block-heading\"><strong>\u00d2rgan responsable de l&#8217;entitat en mat\u00e8ria de contractaci\u00f3, tel\u00e8fon i adreces postal i electr\u00f2nica<\/strong><\/h3>\n\n\n\n<p>Consell Rector<\/p>\n\n\n\n<p>654465108<\/p>\n\n\n\n<p>Carrer Prat, 11, L\u2019Hospitalet de Llobregat<\/p>\n\n\n\n<p>hola@lafundicio.net<\/p>\n\n\n\n<div style=\"height:50px\" aria-hidden=\"true\" class=\"wp-block-spacer\"><\/div>\n\n\n\n<h3 class=\"wp-block-heading\">Relaci\u00f3 dels contractes subscrits els darrers cinc anys amb les administracions p\u00fabliques<\/h3>\n\n\n\n<figure class=\"wp-block-table is-style-regular\"><table class=\"has-fixed-layout\"><thead><tr><th>Administraci\u00f3<\/th><th>Objecte<\/th><th>Procediment<\/th><th>Import<\/th><th>Durada<\/th><\/tr><\/thead><tbody><tr><td>Ajuntament de Barcelona<\/td><td>Dinamitzaci\u00f3 del projecte Mem\u00f2ria Viva, Xarxa de Comunitats de Mem\u00f2ria del programa Cultura Viva de l\u2019ICUB<\/td><td>Licitaci\u00f3<\/td><td>77.541,70 \u20ac<\/td><td>2021\/2022<\/td><\/tr><tr><td>Ajuntament de Barcelona<\/td><td>Desenvolupament del Programa de Cultura i Territori a la Fabra i Coats-F\u00e0brica de Creaci\u00f3<\/td><td>Licitaci\u00f3<\/td><td>17.859,60 \u20ac<\/td><td>2021\/2022<\/td><\/tr><tr><td>Ajuntament de Barcelona<\/td><td>Dinamitzaci\u00f3 del projecte Mem\u00f2ria Viva, Xarxa de Comunitats de Mem\u00f2ria del programa Cultura Viva de l\u2019ICUB<\/td><td>Licitaci\u00f3<\/td><td>77.541,70 \u20ac<\/td><td>2022\/2023<\/td><\/tr><tr><td>Ajuntament de Barcelona<\/td><td>Desenvolupament del Programa de Cultura i Territori a la Fabra i Coats-F\u00e0brica de Creaci\u00f3<\/td><td>Licitaci\u00f3<\/td><td>39.083,00 \u20ac<\/td><td>2022\/2023<\/td><\/tr><tr><td>Foment de Ciutat<\/td><td>Disseny i implementaci\u00f3 d&#8217;un projecte art\u00edstic-cultural de mem\u00f2ria col\u00b7lectiva al barri de Trinitat Nova<\/td><td>Contracte menor<\/td><td>11.083,60 \u20ac<\/td><td>2023<\/td><\/tr><tr><td>Ajuntament de Barcelona<\/td><td>Dinamitzaci\u00f3 del projecte Mem\u00f2ria Viva, Xarxa de Comunitats de Mem\u00f2ria del programa Cultura Viva de l\u2019ICUB<\/td><td>Licitaci\u00f3<\/td><td>76.533,68 \u20ac<\/td><td>2023\/2024<\/td><\/tr><tr><td>Ajuntament de Barcelona<\/td><td>Desenvolupament del Programa de Cultura i Territori a la Fabra i Coats-F\u00e0brica de Creaci\u00f3<\/td><td>Pr\u00f2rroga<\/td><td>39.083,00 \u20ac<\/td><td>2023\/2024<\/td><\/tr><tr><td>Ajuntament de Barcelona<\/td><td>Servei de dinamitzaci\u00f3 del projecte Mem\u00f2ria Viva, Xarxa de Comunitats de Mem\u00f2ria del programa Cultura Viva de l\u2019ICUB<\/td><td>Pr\u00f2rroga<\/td><td>49.226,60 \u20ac<\/td><td>2024\/2025<\/td><\/tr><tr><td><a>Diputaci\u00f3 de Barcelona<\/a><\/td><td>Disseny, planificaci\u00f3, producci\u00f3 i implementaci\u00f3 d\u2019un programa d\u2019activitats de dues jornades al Pati Manning en el marc del Laboratori Culturopolis 2025<\/td><td>Servei<\/td><td>4.235,00 \u20ac<\/td><td>2025<\/td><\/tr><tr><td>Diputaci\u00f3 de Barcelona<\/td><td>Participaci\u00f3 al Grup Llavor per a l\u2019elaboraci\u00f3 de la Declaraci\u00f3 de Barcelona<\/td><td>Servei<\/td><td>6.037,90 \u20ac<\/td><td>2025<\/td><\/tr><\/tbody><\/table><\/figure>\n\n\n\n<div style=\"height:50px\" aria-hidden=\"true\" class=\"wp-block-spacer\"><\/div>\n\n\n\n<h3 class=\"wp-block-heading\">Relaci\u00f3 dels convenis subscrits amb les administracions p\u00fabliques en els darrers cinc anys<\/h3>\n\n\n\n<p>No s\u2019han signat convenis en els darrers 5 anys.<\/p>\n\n\n\n<div style=\"height:50px\" aria-hidden=\"true\" class=\"wp-block-spacer\"><\/div>\n\n\n\n<h3 class=\"wp-block-heading\"><strong>Relaci\u00f3 de les subvencions i els ajuts p\u00fablics rebuts de les administracions p\u00fabliques en els darrers cinc anys<\/strong><\/h3>\n\n\n\n<figure class=\"wp-block-table\"><table class=\"has-fixed-layout\"><thead><tr><th>Administraci\u00f3<\/th><th>Subvenci\u00f3<\/th><th>Import<\/th><th>Objecte<\/th><th>Any<\/th><\/tr><\/thead><tbody><tr><td>European Comission<\/td><td>Creative Europe. European cooperation projects<\/td><td>87.000,00 \u20ac<\/td><td>Common places<\/td><td>2020\/2022<\/td><\/tr><tr><td>Generalitat de Catalunya (Empresa i treball)<\/td><td>Xarxa d&#8217;ateneus cooperatius &nbsp;<\/td><td>87.655,87 \u20ac<\/td><td>La Col\u00b7lectiva &#8211; Ateneu Cooperatiu de l\u2019Hospitalet<\/td><td>2020\/2021<\/td><\/tr><tr><td>Generalitat de Catalunya (Empresa i treball)<\/td><td>IRPF<\/td><td>20.516,14 \u20ac<\/td><td>Amb el menjar no es juga<\/td><td>2021<\/td><\/tr><tr><td>Generalitat de Catalunya (SOC)<\/td><td>ACOL<\/td><td>38.713,52 \u20ac<\/td><td>Inclusi\u00f3 laboral de persones migrants<\/td><td>2021\/2022<\/td><\/tr><tr><td>Generalitat de Catalunya (SOC)<\/td><td>Garantia Juvenil<\/td><td>8.900,00 \u20ac<\/td><td>Ajudes a la contractaci\u00f3 de persones joves<\/td><td>2021\/2022<\/td><\/tr><tr><td>Generalitat de Catalunya (OSIC)<\/td><td>Projectes art\u00edstics de car\u00e0cter professional en l\u2019\u00e0mbit de les arts visuals<\/td><td>30.587,00 \u20ac<\/td><td>Habitar com a pr\u00e0ctica art\u00edstica contempor\u00e0nia<\/td><td>2021<\/td><\/tr><tr><td>Ajuntament de l\u2019Hospitalet<\/td><td>Cultura<\/td><td>10.000,00 \u20ac<\/td><td>Prado 11<\/td><td>2021<\/td><\/tr><tr><td>Generalitat de Catalunya (ICEC)<\/td><td>Activitats de desenvolupament de p\u00fablics per a la cultura<\/td><td>10.091,52 \u20ac<\/td><td>Des dels blocs<\/td><td>2021<\/td><\/tr><tr><td>Generalitat de Catalunya (Empresa i treball)<\/td><td>Projectes singulars de promoci\u00f3 de l\u2019ESS<\/td><td>26.847,09 \u20ac<\/td><td>Kilombo<\/td><td>2021\/2022<\/td><\/tr><tr><td>Generalitat de Catalunya (SOC)<\/td><td>ACOL<\/td><td>54.975,00 \u20ac<\/td><td>Inclusi\u00f3 laboral de persones migrants<\/td><td>2022\/2023<\/td><\/tr><tr><td>Generalitat de Catalunya (Empresa i treball)<\/td><td>Xarxa d&#8217;ateneus cooperatius &nbsp;<\/td><td>270.210,00 \u20ac<\/td><td>La Col\u00b7lectiva &#8211; Ateneu Cooperatiu de l\u2019Hospitalet<\/td><td>2022\/2024<\/td><\/tr><tr><td>Ajuntament de Barcelona<\/td><td>Impulsem el que fas<\/td><td>10.000,00 \u20ac<\/td><td>Dinamitzaci\u00f3 de locals buits en planta baixa<\/td><td>2022<\/td><\/tr><tr><td>Generalitat de Catalunya (OSIC)<\/td><td>Projectes art\u00edstics de car\u00e0cter professional en l\u2019\u00e0mbit de les arts visuals<\/td><td>39.002,00 \u20ac<\/td><td>Habitar com a pr\u00e0ctica art\u00edstica contempor\u00e0nia<\/td><td>2022<\/td><\/tr><tr><td>Generalitat de Catalunya (Empresa i treball)<\/td><td>IRPF<\/td><td>14.400,00 \u20ac<\/td><td>La jamancia. Amb el menjar no s\u2019hi juga<\/td><td>2022<\/td><\/tr><tr><td>Generalitat de Catalunya (ICEC)<\/td><td>Activitats de desenvolupament de p\u00fablics per a la cultura<\/td><td>18.945,86 \u20ac<\/td><td>Des dels blocs<\/td><td>2022<\/td><\/tr><tr><td>Generalitat de Catalunya (SOC)<\/td><td>Ajudes a la contractaci\u00f3<\/td><td>35.369,04 \u20ac<\/td><td>Contractaci\u00f3<\/td><td>2022\/2023<\/td><\/tr><tr><td>Generalitat de Catalunya (Empresa i treball)<\/td><td>Projectes singulars de promoci\u00f3 de l\u2019ESS<\/td><td>60.000,00 \u20ac<\/td><td>El conuco de Les Cabasses<\/td><td>2022\/2023<\/td><\/tr><tr><td>Generalitat de Catalunya (OSIC)<\/td><td>Cultura comunit\u00e0ria i transformaci\u00f3 social<\/td><td>9.612,00 \u20ac<\/td><td>Ultramarina<\/td><td>2022\/2023<\/td><\/tr><tr><td>Ajuntament de l\u2019Hospitalet<\/td><td>Cultura<\/td><td>6.000,00 \u20ac<\/td><td>Prat 11<\/td><td>2022<\/td><\/tr><tr><td>Ajuntament de l\u2019Hospitalet<\/td><td>Cultura<\/td><td>3.975,00 \u20ac<\/td><td>Prat 11<\/td><td>2022<\/td><\/tr><tr><td>Generalitat de Catalunya (SOC)<\/td><td>30Plus<\/td><td>6.981,69 \u20ac<\/td><td>Ajudes a la contractaci\u00f3<\/td><td>2023<\/td><\/tr><tr><td>Generalitat de Catalunya (SOC)<\/td><td>ACOL<\/td><td>44.621,27 \u20ac<\/td><td>Ajudes a la contractaci\u00f3<\/td><td>2023\/2024<\/td><\/tr><tr><td>Generalitat de Catalunya (Empresa i treball)<\/td><td>IRPF<\/td><td>12.425,58 \u20ac<\/td><td>La jamancia. Amb el menjar no s\u2019hi juga 2023<\/td><td>2023<\/td><\/tr><tr><td>Generalitat de Catalunya (OSIC)<\/td><td>Projectes art\u00edstics de car\u00e0cter professional en l\u2019\u00e0mbit de les arts visuals<\/td><td>39.666,00 \u20ac<\/td><td>Habitar com a pr\u00e0ctica art\u00edstica contempor\u00e0nia<\/td><td>2023<\/td><\/tr><tr><td>Diputaci\u00f3 de Barcelona<\/td><td>Recuperaci\u00f3 de camps en l\u2019\u00e0mbit del Parc Agrari<\/td><td>3.292,31 \u20ac<\/td><td>Les Cabasses<\/td><td>2023<\/td><\/tr><tr><td>Generalitat de Catalunya (ICEC)<\/td><td>Activitats de desenvolupament de p\u00fablics per a la cultura<\/td><td>16.305,93 \u20ac<\/td><td>Des dels blocs<\/td><td>2023<\/td><\/tr><tr><td>Generalitat de Catalunya (Empresa i treball)<\/td><td>Projectes singulars de promoci\u00f3 de l\u2019ESS<\/td><td>68.500,00 \u20ac<\/td><td>Les Juntes<\/td><td>2023\/2024<\/td><\/tr><tr><td>Ajuntament de l\u2019Hospitalet<\/td><td>Cultura<\/td><td>6.000,00 \u20ac<\/td><td>Prat 11<\/td><td>2023<\/td><\/tr><tr><td>Generalitat de Catalunya (Empresa i treball)<\/td><td>IRPF<\/td><td>11.438,00 \u20ac<\/td><td>Accions d&#8217;inserci\u00f3 sociolaboral i educativa dirigides a la poblaci\u00f3 gitana<\/td><td>2024<\/td><\/tr><tr><td>Generalitat de Catalunya (Empresa i treball)<\/td><td>Projectes singulars de promoci\u00f3 de l\u2019ESS<\/td><td>18.100,00 \u20ac<\/td><td>Les Juntes<\/td><td>2024\/2025<\/td><\/tr><tr><td>Generalitat de Catalunya (OSIC)<\/td><td>Cultura comunit\u00e0ria i transformaci\u00f3 social<\/td><td>11.742,00 \u20ac<\/td><td>Ultramarina 2<\/td><td>2024\/2025<\/td><\/tr><tr><td>Generalitat de Catalunya (OSIC)<\/td><td>Projectes art\u00edstics de car\u00e0cter professional en l\u2019\u00e0mbit de les arts visuals<\/td><td>33.144,00 \u20ac<\/td><td>Habitar com a pr\u00e0ctica art\u00edstica contempor\u00e0nia<\/td><td>2024<\/td><\/tr><tr><td>Ajuntament de l\u2019Hospitalet<\/td><td>Cultura<\/td><td>7.500,00 \u20ac<\/td><td>Prat 11<\/td><td>2024<\/td><\/tr><tr><td>Generalitat de Catalunya (ICEC)<\/td><td>Activitats de desenvolupament de p\u00fablics per a la cultura<\/td><td>21.072,00 \u20ac<\/td><td>Des dels blocs<\/td><td>2024\/2025<\/td><\/tr><tr><td>Generalitat de Catalunya (Empresa i treball)<\/td><td>Xarxa d&#8217;ateneus cooperatius &nbsp;<\/td><td>247.500,00 \u20ac<\/td><td>La Col\u00b7lectiva &#8211; Ateneu Cooperatiu de l\u2019Hospitalet<\/td><td>2024\/2027<\/td><\/tr><tr><td>Generalitat de Catalunya (Empresa i treball)<\/td><td>Projectes singulars de promoci\u00f3 de l\u2019ESS<\/td><td>14.800,00 \u20ac<\/td><td>&nbsp;<\/td><td>2024\/2025<\/td><\/tr><tr><td>Generalitat de Catalunya (OSIC)<\/td><td>Projectes art\u00edstics de car\u00e0cter professional en l\u2019\u00e0mbit de les arts visuals<\/td><td>26.291,00 \u20ac<\/td><td>Habitar com a pr\u00e0ctica art\u00edstica contempor\u00e0nia<\/td><td>2025<\/td><\/tr><tr><td>Diputaci\u00f3 de Barcelona<\/td><td>CoCrea BiblioLab<\/td><td>10.000,00 \u20ac<\/td><td>Laboratori editorial Des de la Florida<\/td><td>2025\/2026<\/td><\/tr><tr><td>Generalitat de Catalunya (Drets socials i inclusi\u00f3)<\/td><td>Convocat\u00f2ria de subvencions a entitats de l\u2019\u00e0mbit de pol\u00edtiques socials<\/td><td>13.680,00 \u20ac<\/td><td>La jamancia. Amb el menjar no s\u2019hi juga 2025<\/td><td>2025<\/td><\/tr><tr><td>Generalitat de Catalunya (Igualtat i Feminisme)<\/td><td>Activitats i projectes<\/td><td>12.000,00 \u20ac<\/td><td>La perif\u00e8ria organitzada<\/td><td>2025\/2026<\/td><\/tr><tr><td>Ajuntament de l\u2019Hospitalet<\/td><td>ESS<\/td><td>16.000,00 \u20ac<\/td><td>Laurel 31<\/td><td>2025<\/td><\/tr><tr><td>Ajuntament de l\u2019Hospitalet<\/td><td>Cultura<\/td><td>7.500,00 \u20ac<\/td><td>Prat 11<\/td><td>2025<\/td><\/tr><tr><td>Generalitat de Catalunya (Empresa i treball)<\/td><td>Projectes singulars de promoci\u00f3 de l\u2019ESS<\/td><td>350.000,00 \u20ac<\/td><td>Les Juntes<\/td><td>2025\/2027<\/td><\/tr><\/tbody><\/table><\/figure>\n","protected":false},"excerpt":{"rendered":"<p>Finan\u00e7ament (els n\u00fameros) \u00d2rgan responsable de l&#8217;entitat en mat\u00e8ria de contractaci\u00f3, tel\u00e8fon i adreces postal i electr\u00f2nica Consell Rector 654465108 Carrer Prat, 11, L\u2019Hospitalet de Llobregat hola@lafundicio.net Relaci\u00f3 dels contractes subscrits els darrers cinc anys amb les administracions p\u00fabliques Administraci\u00f3 Objecte Procediment Import Durada Ajuntament de Barcelona Dinamitzaci\u00f3 del projecte Mem\u00f2ria Viva, Xarxa de Comunitats <a href=\"https:\/\/lafundicio.net\/ca\/financament-els-numeros\/\" class=\"more-link\">&#8230;<span class=\"screen-reader-text\">  Finan\u00e7ament (els n\u00fameros)<\/span><\/a><\/p>\n","protected":false},"author":1,"featured_media":0,"parent":0,"menu_order":0,"comment_status":"closed","ping_status":"closed","template":"","meta":{"footnotes":""},"class_list":["post-6231","page","type-page","status-publish","hentry"],"acf":[],"_links":{"self":[{"href":"https:\/\/lafundicio.net\/ca\/wp-json\/wp\/v2\/pages\/6231","targetHints":{"allow":["GET"]}}],"collection":[{"href":"https:\/\/lafundicio.net\/ca\/wp-json\/wp\/v2\/pages"}],"about":[{"href":"https:\/\/lafundicio.net\/ca\/wp-json\/wp\/v2\/types\/page"}],"author":[{"embeddable":true,"href":"https:\/\/lafundicio.net\/ca\/wp-json\/wp\/v2\/users\/1"}],"replies":[{"embeddable":true,"href":"https:\/\/lafundicio.net\/ca\/wp-json\/wp\/v2\/comments?post=6231"}],"version-history":[{"count":36,"href":"https:\/\/lafundicio.net\/ca\/wp-json\/wp\/v2\/pages\/6231\/revisions"}],"predecessor-version":[{"id":6311,"href":"https:\/\/lafundicio.net\/ca\/wp-json\/wp\/v2\/pages\/6231\/revisions\/6311"}],"wp:attachment":[{"href":"https:\/\/lafundicio.net\/ca\/wp-json\/wp\/v2\/media?parent=6231"}],"curies":[{"name":"wp","href":"https:\/\/api.w.org\/{rel}","templated":true}]}}