{"id":32,"date":"2022-04-22T10:08:55","date_gmt":"2022-04-22T10:08:55","guid":{"rendered":"http:\/\/lafundicio.net\/?page_id=32"},"modified":"2025-05-02T18:39:43","modified_gmt":"2025-05-02T18:39:43","slug":"inicio","status":"publish","type":"page","link":"https:\/\/lafundicio.net\/ca\/","title":{"rendered":"Inici"},"content":{"rendered":"<div class=\"lazyblock-hero-Z1mdH8P wp-block-lazyblock-hero\">\n<section class=\"hero fons_\" style=\"background-color:#ccc;background-image:url(https:\/\/lafundicio.net\/wp-content\/uploads\/2022\/05\/fondo.gif)\">\n  <h5 class=\"top-text\"><\/h5>\n  <h2 style=\"text-align: center;\">LaFundici\u00f3 impulsa processos situats per instituir col\u00b7lectivament pr\u00e0ctiques materials i simb\u00f2liques, formes de relaci\u00f3 i sabers, entesos com a recursos d&#8217;\u00fas com\u00fa.<\/h2>   <a class=\"btn\" href=\"\/estamos\/\">Vull saber-ne m\u00e9s<\/a><\/section><\/div>\n\n<div class=\"lazyblock-taxonomy-destacados-Z267mX2 wp-block-lazyblock-taxonomy-destacados\"><h4 class=\"has-text-align-center\">NOT\u00cdCIES DESTACADES<\/h4>\n<div class=\"destacadosknowmore\">\n  <a href=\"https:\/\/lafundicio.net\/?post_type=page&#038;p=87\">\n      Veure m\u00e9s  <\/a>\n\n<\/div>\n<div id=\"block_Z267mX2\" class=\"taxonomy-list destacados listado swiper taxonomy-swiper\">\n <div class=\"swiper-wrapper\">\n<a href=\"https:\/\/lafundicio.net\/ca\/noticia\/un-nou-consell-assessor-de-des-de-ja\/\" catid=\"noticia\" class=\"item swiper-slide item_noticia cat_ \"><div class=\"esquina\"><div class=\"cat btn\">25.3.26<\/div><\/div><div class=\"img\"><img loading=\"lazy\" decoding=\"async\" width=\"4000\" height=\"3000\" src=\"https:\/\/lafundicio.net\/wp-content\/uploads\/2026\/03\/Consell-Assessor-Des-de-ja-13.jpg\" class=\"attachment-post-thumbnail size-post-thumbnail wp-post-image\" alt=\"\" srcset=\"https:\/\/lafundicio.net\/wp-content\/uploads\/2026\/03\/Consell-Assessor-Des-de-ja-13.jpg 4000w, https:\/\/lafundicio.net\/wp-content\/uploads\/2026\/03\/Consell-Assessor-Des-de-ja-13-300x225.jpg 300w, https:\/\/lafundicio.net\/wp-content\/uploads\/2026\/03\/Consell-Assessor-Des-de-ja-13-1024x768.jpg 1024w\" sizes=\"auto, (max-width: 4000px) 100vw, 4000px\" \/><\/div><h3>Nou Consell Assessor de &#8216;Des de ja&#8217;<\/h3><\/a><a href=\"https:\/\/lafundicio.net\/ca\/noticia\/des-de-ja-12\/\" catid=\"noticia\" class=\"item swiper-slide item_noticia cat_ \"><div class=\"esquina\"><div class=\"cat btn\">28.2.26<\/div><\/div><div class=\"img\"><img loading=\"lazy\" decoding=\"async\" width=\"960\" height=\"1280\" src=\"https:\/\/lafundicio.net\/wp-content\/uploads\/2026\/02\/WhatsApp-Image-2026-02-27-at-16.05.51.jpeg\" class=\"attachment-post-thumbnail size-post-thumbnail wp-post-image\" alt=\"\" srcset=\"https:\/\/lafundicio.net\/wp-content\/uploads\/2026\/02\/WhatsApp-Image-2026-02-27-at-16.05.51.jpeg 960w, https:\/\/lafundicio.net\/wp-content\/uploads\/2026\/02\/WhatsApp-Image-2026-02-27-at-16.05.51-225x300.jpeg 225w, https:\/\/lafundicio.net\/wp-content\/uploads\/2026\/02\/WhatsApp-Image-2026-02-27-at-16.05.51-768x1024.jpeg 768w\" sizes=\"auto, (max-width: 960px) 100vw, 960px\" \/><\/div><h3>Des de ja #12<\/h3><\/a><a href=\"https:\/\/lafundicio.net\/ca\/noticia\/presentacion-del-fanzine-observar-y-cuidar\/\" catid=\"noticia\" class=\"item swiper-slide item_noticia cat_ \"><div class=\"esquina\"><div class=\"cat btn\">25.2.26<\/div><\/div><div class=\"img\"><img loading=\"lazy\" decoding=\"async\" width=\"3024\" height=\"2620\" src=\"https:\/\/lafundicio.net\/wp-content\/uploads\/2026\/02\/IMG_2337-rotated-e1772035589201.jpeg\" class=\"attachment-post-thumbnail size-post-thumbnail wp-post-image\" alt=\"\" srcset=\"https:\/\/lafundicio.net\/wp-content\/uploads\/2026\/02\/IMG_2337-rotated-e1772035589201.jpeg 3024w, https:\/\/lafundicio.net\/wp-content\/uploads\/2026\/02\/IMG_2337-rotated-e1772035589201-300x260.jpeg 300w, https:\/\/lafundicio.net\/wp-content\/uploads\/2026\/02\/IMG_2337-rotated-e1772035589201-1024x887.jpeg 1024w, https:\/\/lafundicio.net\/wp-content\/uploads\/2026\/02\/IMG_2337-rotated-e1772035589201-768x665.jpeg 768w, https:\/\/lafundicio.net\/wp-content\/uploads\/2026\/02\/IMG_2337-rotated-e1772035589201-1536x1331.jpeg 1536w, https:\/\/lafundicio.net\/wp-content\/uploads\/2026\/02\/IMG_2337-rotated-e1772035589201-2048x1774.jpeg 2048w\" sizes=\"auto, (max-width: 3024px) 100vw, 3024px\" \/><\/div><h3>Presentaci\u00f3 del fanz\u00edn \u00abObservar i cuidar\u00bb<\/h3><\/a><a href=\"https:\/\/lafundicio.net\/ca\/noticia\/presentacion-des-de-ja-12\/\" catid=\"noticia\" class=\"item swiper-slide item_noticia cat_ \"><div class=\"esquina\"><div class=\"cat btn\">17.2.26<\/div><\/div><div class=\"img\"><img loading=\"lazy\" decoding=\"async\" width=\"1458\" height=\"833\" src=\"https:\/\/lafundicio.net\/wp-content\/uploads\/2026\/02\/Presentacion-Des-de-ja-12-THUMB-WEB-LF.jpg\" class=\"attachment-post-thumbnail size-post-thumbnail wp-post-image\" alt=\"\" srcset=\"https:\/\/lafundicio.net\/wp-content\/uploads\/2026\/02\/Presentacion-Des-de-ja-12-THUMB-WEB-LF.jpg 1458w, https:\/\/lafundicio.net\/wp-content\/uploads\/2026\/02\/Presentacion-Des-de-ja-12-THUMB-WEB-LF-300x171.jpg 300w, https:\/\/lafundicio.net\/wp-content\/uploads\/2026\/02\/Presentacion-Des-de-ja-12-THUMB-WEB-LF-1024x585.jpg 1024w\" sizes=\"auto, (max-width: 1458px) 100vw, 1458px\" \/><\/div><h3>Presentaci\u00f3 Des de ja #12<\/h3><\/a><a href=\"https:\/\/lafundicio.net\/ca\/noticia\/les-juntes-bronze-als-world-habitat-awards\/\" catid=\"noticia\" class=\"item swiper-slide item_noticia cat_ \"><div class=\"esquina\"><div class=\"cat btn\">20.1.26<\/div><\/div><div class=\"img\"><img loading=\"lazy\" decoding=\"async\" width=\"5184\" height=\"3456\" src=\"https:\/\/lafundicio.net\/wp-content\/uploads\/2026\/01\/Members-of-Les-Juntes-in-the-entrance-hall-of-the-building-that-houses-one-of-the-cooperatives-flats.jpg\" class=\"attachment-post-thumbnail size-post-thumbnail wp-post-image\" alt=\"\" srcset=\"https:\/\/lafundicio.net\/wp-content\/uploads\/2026\/01\/Members-of-Les-Juntes-in-the-entrance-hall-of-the-building-that-houses-one-of-the-cooperatives-flats.jpg 5184w, https:\/\/lafundicio.net\/wp-content\/uploads\/2026\/01\/Members-of-Les-Juntes-in-the-entrance-hall-of-the-building-that-houses-one-of-the-cooperatives-flats-300x200.jpg 300w, https:\/\/lafundicio.net\/wp-content\/uploads\/2026\/01\/Members-of-Les-Juntes-in-the-entrance-hall-of-the-building-that-houses-one-of-the-cooperatives-flats-1024x683.jpg 1024w\" sizes=\"auto, (max-width: 5184px) 100vw, 5184px\" \/><\/div><h3>Les Juntes, premiada als World Habitat Awards!<\/h3><\/a><a href=\"https:\/\/lafundicio.net\/ca\/noticia\/the-true-cost-en-el-cinema-documental-al-barri\/\" catid=\"noticia\" class=\"item swiper-slide item_noticia cat_ \"><div class=\"esquina\"><div class=\"cat btn\">19.1.26<\/div><\/div><div class=\"img\"><img loading=\"lazy\" decoding=\"async\" width=\"1200\" height=\"630\" src=\"https:\/\/lafundicio.net\/wp-content\/uploads\/2026\/01\/social_facebook_post_large.jpg\" class=\"attachment-post-thumbnail size-post-thumbnail wp-post-image\" alt=\"\" srcset=\"https:\/\/lafundicio.net\/wp-content\/uploads\/2026\/01\/social_facebook_post_large.jpg 1200w, https:\/\/lafundicio.net\/wp-content\/uploads\/2026\/01\/social_facebook_post_large-300x158.jpg 300w, https:\/\/lafundicio.net\/wp-content\/uploads\/2026\/01\/social_facebook_post_large-1024x538.jpg 1024w\" sizes=\"auto, (max-width: 1200px) 100vw, 1200px\" \/><\/div><h3>\u00abThe true cost\u00bb al Cinema Documental al Barri<\/h3><\/a><a href=\"https:\/\/lafundicio.net\/ca\/noticia\/la-quebradilla-y-tu-tijera-en-mi-oreja\/\" catid=\"noticia\" class=\"item swiper-slide item_noticia cat_ \"><div class=\"esquina\"><div class=\"cat btn\">9.12.25<\/div><\/div><div class=\"img\"><img loading=\"lazy\" decoding=\"async\" width=\"1024\" height=\"576\" src=\"https:\/\/lafundicio.net\/wp-content\/uploads\/2025\/12\/MV5BNGFlMTVhZTQtNWU5Ny00YTRlLThjODYtNWMwYjRjYzA1Y2RlXkEyXkFqcGc@._V1_QL75_UX500_CR047500281_-1.jpg\" class=\"attachment-post-thumbnail size-post-thumbnail wp-post-image\" alt=\"\" srcset=\"https:\/\/lafundicio.net\/wp-content\/uploads\/2025\/12\/MV5BNGFlMTVhZTQtNWU5Ny00YTRlLThjODYtNWMwYjRjYzA1Y2RlXkEyXkFqcGc@._V1_QL75_UX500_CR047500281_-1.jpg 1024w, https:\/\/lafundicio.net\/wp-content\/uploads\/2025\/12\/MV5BNGFlMTVhZTQtNWU5Ny00YTRlLThjODYtNWMwYjRjYzA1Y2RlXkEyXkFqcGc@._V1_QL75_UX500_CR047500281_-1-300x169.jpg 300w\" sizes=\"auto, (max-width: 1024px) 100vw, 1024px\" \/><\/div><h3>\u00abLa Quebradilla\u00bb i \u00abLa teva tisora a la meva orella\u00bb<\/h3><\/a><a href=\"https:\/\/lafundicio.net\/ca\/noticia\/el-mundo-segun-monsanto-en-el-cinema-documental-al-barri\/\" catid=\"noticia\" class=\"item swiper-slide item_noticia cat_ cat_35 \"><div class=\"esquina\"><div class=\"cat btn\">14.11.25<\/div><\/div><div class=\"img\"><img loading=\"lazy\" decoding=\"async\" width=\"750\" height=\"381\" src=\"https:\/\/lafundicio.net\/wp-content\/uploads\/2025\/11\/el-mundo-segun-monsanto.jpg\" class=\"attachment-post-thumbnail size-post-thumbnail wp-post-image\" alt=\"\" srcset=\"https:\/\/lafundicio.net\/wp-content\/uploads\/2025\/11\/el-mundo-segun-monsanto.jpg 750w, https:\/\/lafundicio.net\/wp-content\/uploads\/2025\/11\/el-mundo-segun-monsanto-300x152.jpg 300w\" sizes=\"auto, (max-width: 750px) 100vw, 750px\" \/><\/div><h3>\u00abEl m\u00f3n segons Monsanto\u00bb al Cinema Documental al Barri<\/h3><\/a><a href=\"https:\/\/lafundicio.net\/ca\/noticia\/seguimos-haciendo-cosas-con-lana\/\" catid=\"noticia\" class=\"item swiper-slide item_noticia cat_ cat_35 cat_39 \"><div class=\"esquina\"><div class=\"cat btn\">11.11.25<\/div><\/div><div class=\"img\"><\/div><h3>Seguim fent coses amb llana!<\/h3><\/a><a href=\"https:\/\/lafundicio.net\/ca\/noticia\/proyeccion-une-ile-et-une-nuit\/\" catid=\"noticia\" class=\"item swiper-slide item_noticia cat_ \"><div class=\"esquina\"><div class=\"cat btn\">24.10.25<\/div><\/div><div class=\"img\"><img loading=\"lazy\" decoding=\"async\" width=\"1792\" height=\"1080\" src=\"https:\/\/lafundicio.net\/wp-content\/uploads\/2025\/10\/cover.jpg\" class=\"attachment-post-thumbnail size-post-thumbnail wp-post-image\" alt=\"\" srcset=\"https:\/\/lafundicio.net\/wp-content\/uploads\/2025\/10\/cover.jpg 1792w, https:\/\/lafundicio.net\/wp-content\/uploads\/2025\/10\/cover-300x181.jpg 300w, https:\/\/lafundicio.net\/wp-content\/uploads\/2025\/10\/cover-1024x617.jpg 1024w\" sizes=\"auto, (max-width: 1792px) 100vw, 1792px\" \/><\/div><h3>Projecci\u00f3 &#8220;Une \u00eele et une nuit&#8221;<\/h3><\/a><\/div>\n\n<div class=\"swiper-pagination\"><\/div>\n<\/div>\n<script>\nvar spacer=30;\n  if ($(window).width() <= window.mobileW) {\n    spacer=20;\n  }\n  var swiper = new Swiper(\"#block_Z267mX2\", {\n    slidesPerView: \"auto\",\n    spaceBetween: spacer,\n    mousewheel:{\n        forceToAxis: true,\n    },\n    direction:\"horizontal\",\n       keyboard:true,\n    pagination: {\n      el: \".swiper-pagination\",\n      clickable: true\n    }\n\n  });\n<\/script>\n<\/div>\n\n<div class=\"lazyblock-hero-Z2suUKf wp-block-lazyblock-hero\">\n<section class=\"hero fons_1\" style=\"background-color:#ccc;background-image:url(https:\/\/lafundicio.net\/wp-content\/uploads\/2022\/10\/cocinar.gif)\">\n  <h5 class=\"top-text\">FERS DESTACATS<\/h5>\n  <h1>Cuinar<\/h1>   <a class=\"btn\" href=\"\/projecte\/cuinar\/\">Vull saber-ne m\u00e9s<\/a><\/section><\/div>\n\n<div class=\"lazyblock-taxonomy-destacados-Z2gc6mr wp-block-lazyblock-taxonomy-destacados\"><h4 class=\"has-text-align-center\">PROCESSOS DESTACATS<\/h4>\n<div class=\"destacadosknowmore\">\n  <a href=\"https:\/\/lafundicio.net\/en-que-andamos\/?cat=6\">\n      Veure m\u00e9s  <\/a>\n\n<\/div>\n<div id=\"block_Z2gc6mr\" class=\"taxonomy-list destacados listado swiper taxonomy-swiper\">\n <div class=\"swiper-wrapper\">\n<a href=\"https:\/\/lafundicio.net\/ca\/projecte\/kilombo\/\" catid=\"39,\" class=\"item swiper-slide item_projecte cat_6 cat_39 \"><div class=\"esquina\"><div class=\"cats\"><span class=\"cat btn spanlink\" href=\"https:\/\/lafundicio.net\/en-que-andamos\/?cat=39\">Processos<\/span><\/div><\/div><div class=\"img\"><img loading=\"lazy\" decoding=\"async\" width=\"2000\" height=\"1200\" src=\"https:\/\/lafundicio.net\/wp-content\/uploads\/2022\/04\/image-1.jpg\" class=\"attachment-post-thumbnail size-post-thumbnail wp-post-image\" alt=\"\" srcset=\"https:\/\/lafundicio.net\/wp-content\/uploads\/2022\/04\/image-1.jpg 2000w, https:\/\/lafundicio.net\/wp-content\/uploads\/2022\/04\/image-1-300x180.jpg 300w, https:\/\/lafundicio.net\/wp-content\/uploads\/2022\/04\/image-1-1024x614.jpg 1024w\" sizes=\"auto, (max-width: 2000px) 100vw, 2000px\" \/><\/div><h3>Kilombo<\/h3><\/a><a href=\"https:\/\/lafundicio.net\/ca\/projecte\/cohabitar-entre\/\" catid=\"39,\" class=\"item swiper-slide item_projecte cat_6 cat_39 \"><div class=\"esquina\"><div class=\"cats\"><span class=\"cat btn spanlink\" href=\"https:\/\/lafundicio.net\/en-que-andamos\/?cat=39\">Processos<\/span><\/div><\/div><div class=\"img\"><img loading=\"lazy\" decoding=\"async\" width=\"1080\" height=\"720\" src=\"https:\/\/lafundicio.net\/wp-content\/uploads\/2023\/01\/CohabitarEntre17.jpg\" class=\"attachment-post-thumbnail size-post-thumbnail wp-post-image\" alt=\"\" srcset=\"https:\/\/lafundicio.net\/wp-content\/uploads\/2023\/01\/CohabitarEntre17.jpg 1080w, https:\/\/lafundicio.net\/wp-content\/uploads\/2023\/01\/CohabitarEntre17-300x200.jpg 300w, https:\/\/lafundicio.net\/wp-content\/uploads\/2023\/01\/CohabitarEntre17-1024x683.jpg 1024w\" sizes=\"auto, (max-width: 1080px) 100vw, 1080px\" \/><\/div><h3>Cohabitar entre-<\/h3><\/a><a href=\"https:\/\/lafundicio.net\/ca\/projecte\/lacho-baji\/\" catid=\"39,\" class=\"item swiper-slide item_projecte cat_6 cat_39 \"><div class=\"esquina\"><div class=\"cats\"><span class=\"cat btn spanlink\" href=\"https:\/\/lafundicio.net\/en-que-andamos\/?cat=39\">Processos<\/span><\/div><\/div><div class=\"img\"><div id=\"pfv_vidBox\" class=\"pfv_vidBox\" style=\"clear:both\"><video  class=\"pfv_htmlvideo\" id=\"pfv_htmlvideo_3423\" controls src=\"https:\/\/lafundicio.net\/wp-content\/uploads\/2023\/01\/ThumbLachoBaji.mp4\" style=\"width:100%;display:block;\"><\/video><\/div><\/div><h3>Lacho baji<\/h3><\/a><a href=\"https:\/\/lafundicio.net\/ca\/projecte\/espai-14-15\/\" catid=\"39,\" class=\"item swiper-slide item_projecte cat_6 cat_39 \"><div class=\"esquina\"><div class=\"cats\"><span class=\"cat btn spanlink\" href=\"https:\/\/lafundicio.net\/en-que-andamos\/?cat=39\">Processos<\/span><\/div><\/div><div class=\"img\"><div id=\"pfv_vidBox\" class=\"pfv_vidBox\" style=\"clear:both\"><video  class=\"pfv_htmlvideo\" id=\"pfv_htmlvideo_3407\" controls src=\"https:\/\/lafundicio.net\/wp-content\/uploads\/2023\/01\/ThumbEspai1415.mp4\" style=\"width:100%;display:block;\"><\/video><\/div><\/div><h3>Espai 14-15<\/h3><\/a><a href=\"https:\/\/lafundicio.net\/ca\/projecte\/lolabs\/\" catid=\"39,\" class=\"item swiper-slide item_projecte cat_6 cat_39 \"><div class=\"esquina\"><div class=\"cats\"><span class=\"cat btn spanlink\" href=\"https:\/\/lafundicio.net\/en-que-andamos\/?cat=39\">Processos<\/span><\/div><\/div><div class=\"img\"><img loading=\"lazy\" decoding=\"async\" width=\"1080\" height=\"720\" src=\"https:\/\/lafundicio.net\/wp-content\/uploads\/2023\/01\/loLABS.jpg\" class=\"attachment-post-thumbnail size-post-thumbnail wp-post-image\" alt=\"\" srcset=\"https:\/\/lafundicio.net\/wp-content\/uploads\/2023\/01\/loLABS.jpg 1080w, https:\/\/lafundicio.net\/wp-content\/uploads\/2023\/01\/loLABS-300x200.jpg 300w, https:\/\/lafundicio.net\/wp-content\/uploads\/2023\/01\/loLABS-1024x683.jpg 1024w\" sizes=\"auto, (max-width: 1080px) 100vw, 1080px\" \/><\/div><h3>loLABS<\/h3><\/a><a href=\"https:\/\/lafundicio.net\/ca\/projecte\/aula-a-la-deriva-2012\/\" catid=\"39,\" class=\"item swiper-slide item_projecte cat_6 cat_39 \"><div class=\"esquina\"><div class=\"cats\"><span class=\"cat btn spanlink\" href=\"https:\/\/lafundicio.net\/en-que-andamos\/?cat=39\">Processos<\/span><\/div><\/div><div class=\"img\"><img loading=\"lazy\" decoding=\"async\" width=\"1000\" height=\"750\" src=\"https:\/\/lafundicio.net\/wp-content\/uploads\/2023\/01\/Aulaaladeriva2012.jpg\" class=\"attachment-post-thumbnail size-post-thumbnail wp-post-image\" alt=\"\" srcset=\"https:\/\/lafundicio.net\/wp-content\/uploads\/2023\/01\/Aulaaladeriva2012.jpg 1000w, https:\/\/lafundicio.net\/wp-content\/uploads\/2023\/01\/Aulaaladeriva2012-300x225.jpg 300w\" sizes=\"auto, (max-width: 1000px) 100vw, 1000px\" \/><\/div><h3>Aula a la deriva 2012<\/h3><\/a><a href=\"https:\/\/lafundicio.net\/ca\/projecte\/las-mujeres-de-millones\/\" catid=\"39,\" class=\"item swiper-slide item_projecte cat_6 cat_39 \"><div class=\"esquina\"><div class=\"cats\"><span class=\"cat btn spanlink\" href=\"https:\/\/lafundicio.net\/en-que-andamos\/?cat=39\">Processos<\/span><\/div><\/div><div class=\"img\"><img loading=\"lazy\" decoding=\"async\" width=\"1000\" height=\"750\" src=\"https:\/\/lafundicio.net\/wp-content\/uploads\/2023\/01\/LMDM.jpg\" class=\"attachment-post-thumbnail size-post-thumbnail wp-post-image\" alt=\"\" srcset=\"https:\/\/lafundicio.net\/wp-content\/uploads\/2023\/01\/LMDM.jpg 1000w, https:\/\/lafundicio.net\/wp-content\/uploads\/2023\/01\/LMDM-300x225.jpg 300w\" sizes=\"auto, (max-width: 1000px) 100vw, 1000px\" \/><\/div><h3>Las mujeres de Millones<\/h3><\/a><a href=\"https:\/\/lafundicio.net\/ca\/projecte\/lherencia\/\" catid=\"39,\" class=\"item swiper-slide item_projecte cat_6 cat_39 \"><div class=\"esquina\"><div class=\"cats\"><span class=\"cat btn spanlink\" href=\"https:\/\/lafundicio.net\/en-que-andamos\/?cat=39\">Processos<\/span><\/div><\/div><div class=\"img\"><div id=\"pfv_vidBox\" class=\"pfv_vidBox\" style=\"clear:both\"><video  class=\"pfv_htmlvideo\" id=\"pfv_htmlvideo_3288\" controls src=\"https:\/\/lafundicio.net\/wp-content\/uploads\/2023\/01\/Thumb_Lherencia2.mp4\" style=\"width:100%;display:block;\"><\/video><\/div><\/div><h3>L&#8217;her\u00e8ncia<\/h3><\/a><a href=\"https:\/\/lafundicio.net\/ca\/projecte\/open-roulotte\/\" catid=\"39,\" class=\"item swiper-slide item_projecte cat_6 cat_39 \"><div class=\"esquina\"><div class=\"cats\"><span class=\"cat btn spanlink\" href=\"https:\/\/lafundicio.net\/en-que-andamos\/?cat=39\">Processos<\/span><\/div><\/div><div class=\"img\"><img loading=\"lazy\" decoding=\"async\" width=\"1080\" height=\"723\" src=\"https:\/\/lafundicio.net\/wp-content\/uploads\/2023\/01\/Openroulotte18.jpg\" class=\"attachment-post-thumbnail size-post-thumbnail wp-post-image\" alt=\"\" srcset=\"https:\/\/lafundicio.net\/wp-content\/uploads\/2023\/01\/Openroulotte18.jpg 1080w, https:\/\/lafundicio.net\/wp-content\/uploads\/2023\/01\/Openroulotte18-300x201.jpg 300w, https:\/\/lafundicio.net\/wp-content\/uploads\/2023\/01\/Openroulotte18-1024x686.jpg 1024w\" sizes=\"auto, (max-width: 1080px) 100vw, 1080px\" \/><\/div><h3>Open-roulotte<\/h3><\/a><a href=\"https:\/\/lafundicio.net\/ca\/projecte\/cartografies-en-moviment\/\" catid=\"39,\" class=\"item swiper-slide item_projecte cat_6 cat_39 \"><div class=\"esquina\"><div class=\"cats\"><span class=\"cat btn spanlink\" href=\"https:\/\/lafundicio.net\/en-que-andamos\/?cat=39\">Processos<\/span><\/div><\/div><div class=\"img\"><div id=\"pfv_vidBox\" class=\"pfv_vidBox\" style=\"clear:both\"><video  class=\"pfv_htmlvideo\" id=\"pfv_htmlvideo_3097\" controls src=\"https:\/\/lafundicio.net\/wp-content\/uploads\/2023\/01\/ThumbCartografiesMoviment.mp4\" style=\"width:100%;display:block;\"><\/video><\/div><\/div><h3>Cartografies en moviment<\/h3><\/a><\/div>\n\n<div class=\"swiper-pagination\"><\/div>\n<\/div>\n<script>\nvar spacer=30;\n  if ($(window).width() <= window.mobileW) {\n    spacer=20;\n  }\n  var swiper = new Swiper(\"#block_Z2gc6mr\", {\n    slidesPerView: \"auto\",\n    spaceBetween: spacer,\n    mousewheel:{\n        forceToAxis: true,\n    },\n    direction:\"horizontal\",\n       keyboard:true,\n    pagination: {\n      el: \".swiper-pagination\",\n      clickable: true\n    }\n\n  });\n<\/script>\n<\/div>\n\n<div class=\"lazyblock-slider-heros-start-G1qan wp-block-lazyblock-slider-heros-start\"><div class=\"heroswiperstart\"><\/div><\/div>\n\n<div class=\"lazyblock-hero-zNRGs wp-block-lazyblock-hero\">\n<section class=\"hero fons_1\" style=\"background-color:#ccc;background-image:url(https:\/\/lafundicio.net\/wp-content\/uploads\/2022\/09\/Pomezia1.jpg)\">\n  <h5 class=\"top-text\">LLOCS DESTACATS<\/h5>\n  <h1 style=\"text-align: center;\">Pomezia<\/h1>   <a class=\"btn\" href=\"https:\/\/lafundicio.net\/ca\/\">Vull saber-ne m\u00e9s<\/a><\/section><\/div>\n\n<div class=\"lazyblock-hero-Z1ACvrq wp-block-lazyblock-hero\">\n<section class=\"hero fons_1\" style=\"background-color:#ccc;background-image:url(https:\/\/lafundicio.net\/wp-content\/uploads\/2022\/09\/Keras-Buti_Chalmeta.jpg)\">\n  <h5 class=\"top-text\">LLOCS DESTACATS<\/h5>\n  <h1 style=\"text-align: center;\">Keras Buti<\/h1>   <a class=\"btn\" href=\"\/projecte\/keras-buti-la-chalmeta\/\">Vull saber-ne m\u00e9s<\/a><\/section><\/div>\n\n<div class=\"lazyblock-hero-Z2bUp2F wp-block-lazyblock-hero\">\n<section class=\"hero fons_1\" style=\"background-color:#ccc;background-image:url(https:\/\/lafundicio.net\/wp-content\/uploads\/2022\/09\/BellvitgeRolEnVivo_PerrosCallejeros.jpg)\">\n  <h5 class=\"top-text\">LLOCS DESTACATS<\/h5>\n  <h1 style=\"text-align: center;\">Les Cabasses<\/h1>   <a class=\"btn\" href=\"ca\/projecte\/les-cabasses\/\">Vull saber-ne m\u00e9s<\/a><\/section><\/div>\n\n\n<p><\/p>\n\n\n<div class=\"lazyblock-slider-heros-end-8FxIx wp-block-lazyblock-slider-heros-end\"><div class=\"heroswiperend\"><\/div><\/div>\n\n\n<p><\/p>\n","protected":false},"excerpt":{"rendered":"","protected":false},"author":1,"featured_media":0,"parent":0,"menu_order":0,"comment_status":"closed","ping_status":"closed","template":"","meta":{"footnotes":""},"class_list":["post-32","page","type-page","status-publish","hentry"],"acf":[],"_links":{"self":[{"href":"https:\/\/lafundicio.net\/ca\/wp-json\/wp\/v2\/pages\/32","targetHints":{"allow":["GET"]}}],"collection":[{"href":"https:\/\/lafundicio.net\/ca\/wp-json\/wp\/v2\/pages"}],"about":[{"href":"https:\/\/lafundicio.net\/ca\/wp-json\/wp\/v2\/types\/page"}],"author":[{"embeddable":true,"href":"https:\/\/lafundicio.net\/ca\/wp-json\/wp\/v2\/users\/1"}],"replies":[{"embeddable":true,"href":"https:\/\/lafundicio.net\/ca\/wp-json\/wp\/v2\/comments?post=32"}],"version-history":[{"count":55,"href":"https:\/\/lafundicio.net\/ca\/wp-json\/wp\/v2\/pages\/32\/revisions"}],"predecessor-version":[{"id":4803,"href":"https:\/\/lafundicio.net\/ca\/wp-json\/wp\/v2\/pages\/32\/revisions\/4803"}],"wp:attachment":[{"href":"https:\/\/lafundicio.net\/ca\/wp-json\/wp\/v2\/media?parent=32"}],"curies":[{"name":"wp","href":"https:\/\/api.w.org\/{rel}","templated":true}]}}