{"id":1927,"date":"2022-04-22T10:09:07","date_gmt":"2022-04-22T10:09:07","guid":{"rendered":"http:\/\/lafundicio.net\/en-que-estem-ficades\/"},"modified":"2025-12-03T17:46:47","modified_gmt":"2025-12-03T17:46:47","slug":"que-estem-fent","status":"publish","type":"page","link":"https:\/\/lafundicio.net\/ca\/que-estem-fent\/","title":{"rendered":"En qu\u00e8 estem ficades"},"content":{"rendered":"\n<h3 class=\"wp-block-heading\">LaFundici\u00f3 impulsa processos situats per instituir col\u00b7lectivament pr\u00e0ctiques materials i simb\u00f2liques, formes de relaci\u00f3 i sabers, entesos com a recursos d\u00fas com\u00fa. Aqu\u00ed pots veure en qu\u00e8 estem ficades, quins processos estem sostenint, quins fers posem en joc i quins llocs i territoris habitem actualment.<\/h3>\n\n\n<div class=\"lazyblock-read-more-1fw3XU wp-block-lazyblock-read-more\"><hr class=\"readmore\"><\/hr><\/div>\n\n\n<p>A trav\u00e9s d&#8217;aquests processos situats ens interroguem sobre el paper de l&#8217;art i la cultura, com a esferes de producci\u00f3 col\u00b7lectiva de sentit i subjectivitat, a la trama de la vida i a les formes de producci\u00f3 material. Des d&#8217;aquest q\u00fcestionament assagem pr\u00e0ctiques culturals controversials i comunals per imaginar mons que prenguin en consideraci\u00f3 les relacions d&#8217;interdepend\u00e8ncia entre els individus i entre aquests i els socioecosistemes de qu\u00e8 formen part.<\/p>\n\n\n\n<p>Fundada el 2006, LaFundici\u00f3 arrela les seves pr\u00e0ctiques a la ciutat de l&#8217;Hospitalet, especialment a partir del 2013 quan obre l&#8217;espai Prado11 al barri de Bellvitge. Des d&#8217;all\u00e0 comencem a habitar el territori i a sumar-nos a les trames comunit\u00e0ries per construir conjuntament xarxes de suport mutu per al sosteniment i cura de la vida.<\/p>\n\n\n\n<p>La ciutat de l\u2019Hospitalet \u00e9s un territori paradigm\u00e0tic de les perif\u00e8ries urbanes, tant per la seva configuraci\u00f3 urban\u00edstica, la seva hist\u00f2ria i la seva composici\u00f3 socioecon\u00f2mica i cultural, com per la seva relaci\u00f3 amb la metr\u00f2polis de Barcelona. Tot i aix\u00f2, la seva situaci\u00f3 entre el delta del riu Llobregat i la serra de Collserola constitueix un tret singular. Des d&#8217;aquest lloc ens preguntem quines s\u00f3n les seves pot\u00e8ncies per desenvolupar, entreverades, pr\u00e0ctiques simb\u00f2liques i materials per a una transici\u00f3 ecosocial i feminista.<\/p>\n\n\n\n<h4 class=\"has-text-align-center wp-block-heading\">PROCESSOS<\/h4>\n\n\n\n<p>Els processos s\u00f3n la nostra unitat de mesura del temps. Un temps sostingut de transformaci\u00f3 col\u00b7lectiva dels imaginaris i de les condicions materials de vida dels llocs que habitem. Processos que a vegades s&#8217;acceleren i a vegades queden en guaret, posant al centre la pot\u00e8ncia dels afectes. Processos que formen part, tots ells, d\u2019un mateix esdevenir.<\/p>\n\n\n\n<h4 class=\"has-text-align-center wp-block-heading\">LLOCS<\/h4>\n\n\n\n<p>Entenem la nostra pr\u00e0ctica de creaci\u00f3 de manera situada, com una forma d&#8217;ave\u00efnar-nos basada en la relaci\u00f3 i la transformaci\u00f3 col\u00b7lectiva dels territoris on ens arrelem. Tots els processos que impulsem a cadascun dels indrets als que esdevenim ve\u00efnes neixen d&#8217;una mirada situada i socioecosist\u00e8mica dels llocs i la gent que els habita.<\/p>\n\n\n\n<h4 class=\"has-text-align-center wp-block-heading\">FERS<\/h4>\n\n\n\n<p>Fem coses. Fem coses parant atenci\u00f3 als fers que posem en pr\u00e0ctica, reclamant la pot\u00e8ncia de les maneres de fer menystingudes per la divisi\u00f3 entre productivitat i sosteniment de la vida, o per l&#8217;estigmatitzaci\u00f3 de cosmovisions externes al projecte modern, patriarcal i capitalista.<\/p>\n","protected":false},"excerpt":{"rendered":"<p>LaFundici\u00f3 impulsa processos situats per instituir col\u00b7lectivament pr\u00e0ctiques materials i simb\u00f2liques, formes de relaci\u00f3 i sabers, entesos com a recursos d\u00fas com\u00fa. Aqu\u00ed pots veure en qu\u00e8 estem ficades, quins processos estem sostenint, quins fers posem en joc i quins llocs i territoris habitem actualment. A trav\u00e9s d&#8217;aquests processos situats ens interroguem sobre el paper <a href=\"https:\/\/lafundicio.net\/ca\/que-estem-fent\/\" class=\"more-link\">&#8230;<span class=\"screen-reader-text\">  En qu\u00e8 estem ficades<\/span><\/a><\/p>\n","protected":false},"author":1,"featured_media":0,"parent":0,"menu_order":0,"comment_status":"closed","ping_status":"closed","template":"page-templates\/page-seccion.php","meta":{"footnotes":""},"class_list":["post-1927","page","type-page","status-publish","hentry"],"acf":[],"_links":{"self":[{"href":"https:\/\/lafundicio.net\/ca\/wp-json\/wp\/v2\/pages\/1927","targetHints":{"allow":["GET"]}}],"collection":[{"href":"https:\/\/lafundicio.net\/ca\/wp-json\/wp\/v2\/pages"}],"about":[{"href":"https:\/\/lafundicio.net\/ca\/wp-json\/wp\/v2\/types\/page"}],"author":[{"embeddable":true,"href":"https:\/\/lafundicio.net\/ca\/wp-json\/wp\/v2\/users\/1"}],"replies":[{"embeddable":true,"href":"https:\/\/lafundicio.net\/ca\/wp-json\/wp\/v2\/comments?post=1927"}],"version-history":[{"count":22,"href":"https:\/\/lafundicio.net\/ca\/wp-json\/wp\/v2\/pages\/1927\/revisions"}],"predecessor-version":[{"id":6140,"href":"https:\/\/lafundicio.net\/ca\/wp-json\/wp\/v2\/pages\/1927\/revisions\/6140"}],"wp:attachment":[{"href":"https:\/\/lafundicio.net\/ca\/wp-json\/wp\/v2\/media?parent=1927"}],"curies":[{"name":"wp","href":"https:\/\/api.w.org\/{rel}","templated":true}]}}