{"id":1824,"date":"2022-05-09T18:11:27","date_gmt":"2022-05-09T18:11:27","guid":{"rendered":"http:\/\/lafundicio.net\/noticies\/"},"modified":"2023-03-02T16:03:02","modified_gmt":"2023-03-02T16:03:02","slug":"noticies","status":"publish","type":"page","link":"https:\/\/lafundicio.net\/ca\/noticies\/","title":{"rendered":"Noticies"},"content":{"rendered":"\n<h3 class=\"wp-block-heading\">Aqu\u00ed trobareu informaci\u00f3 d&#8217;actualitat sobre accions i processos impulsats per LaFundici\u00f3 o amb qu\u00e8 ens relacionem. Molt de tant en tant tamb\u00e9 publiquem coses que pensem sobre assumptes diversos o coses que simplement ens agraden.<\/h3>\n","protected":false},"excerpt":{"rendered":"<p>Aqu\u00ed trobareu informaci\u00f3 d&#8217;actualitat sobre accions i processos impulsats per LaFundici\u00f3 o amb qu\u00e8 ens relacionem. Molt de tant en tant tamb\u00e9 publiquem coses que pensem sobre assumptes diversos o coses que simplement ens agraden.<\/p>\n","protected":false},"author":1,"featured_media":0,"parent":0,"menu_order":0,"comment_status":"closed","ping_status":"closed","template":"page-templates\/page-seccion.php","meta":{"footnotes":""},"class_list":["post-1824","page","type-page","status-publish","hentry"],"acf":[],"_links":{"self":[{"href":"https:\/\/lafundicio.net\/ca\/wp-json\/wp\/v2\/pages\/1824","targetHints":{"allow":["GET"]}}],"collection":[{"href":"https:\/\/lafundicio.net\/ca\/wp-json\/wp\/v2\/pages"}],"about":[{"href":"https:\/\/lafundicio.net\/ca\/wp-json\/wp\/v2\/types\/page"}],"author":[{"embeddable":true,"href":"https:\/\/lafundicio.net\/ca\/wp-json\/wp\/v2\/users\/1"}],"replies":[{"embeddable":true,"href":"https:\/\/lafundicio.net\/ca\/wp-json\/wp\/v2\/comments?post=1824"}],"version-history":[{"count":9,"href":"https:\/\/lafundicio.net\/ca\/wp-json\/wp\/v2\/pages\/1824\/revisions"}],"predecessor-version":[{"id":4892,"href":"https:\/\/lafundicio.net\/ca\/wp-json\/wp\/v2\/pages\/1824\/revisions\/4892"}],"wp:attachment":[{"href":"https:\/\/lafundicio.net\/ca\/wp-json\/wp\/v2\/media?parent=1824"}],"curies":[{"name":"wp","href":"https:\/\/api.w.org\/{rel}","templated":true}]}}